{"id":79657,"date":"2023-07-02T14:53:06","date_gmt":"2023-07-02T11:55:27","guid":{"rendered":"https:\/\/kingarms.ee\/product\/leipaa-50g-arpol\/"},"modified":"2024-08-06T17:29:25","modified_gmt":"2024-08-06T14:29:25","slug":"leipaa-50g-arpol","status":"publish","type":"product","link":"https:\/\/kingarms.ee\/fi\/product\/leipaa-50g-arpol\/","title":{"rendered":"Leip\u00e4\u00e4 50g (Arpol)"},"content":{"rendered":"<p><img loading=\"lazy\" decoding=\"async\" class=\"alignnone size-full wp-image-79651\" src=\"https:\/\/kingarms.ee\/wp-content\/uploads\/2023\/07\/arpol-pumpernickel-bread-50g-1ed714014c8f4f22a712f4591e42f287-e03da3eb.jpg\" alt=\"\" width=\"628\" height=\"471\" srcset=\"https:\/\/kingarms.ee\/wp-content\/uploads\/2023\/07\/arpol-pumpernickel-bread-50g-1ed714014c8f4f22a712f4591e42f287-e03da3eb.jpg 628w, https:\/\/kingarms.ee\/wp-content\/uploads\/2023\/07\/arpol-pumpernickel-bread-50g-1ed714014c8f4f22a712f4591e42f287-e03da3eb-300x225.jpg 300w, https:\/\/kingarms.ee\/wp-content\/uploads\/2023\/07\/arpol-pumpernickel-bread-50g-1ed714014c8f4f22a712f4591e42f287-e03da3eb-600x450.jpg 600w, https:\/\/kingarms.ee\/wp-content\/uploads\/2023\/07\/arpol-pumpernickel-bread-50g-1ed714014c8f4f22a712f4591e42f287-e03da3eb-500x375.jpg 500w, https:\/\/kingarms.ee\/wp-content\/uploads\/2023\/07\/arpol-pumpernickel-bread-50g-1ed714014c8f4f22a712f4591e42f287-e03da3eb-150x113.jpg 150w\" sizes=\"auto, (max-width: 628px) 100vw, 628px\" \/><\/p>\n","protected":false},"excerpt":{"rendered":"<p>Leip\u00e4\u00e4 50g (Arpol)<\/p>\n<p>Arpol Pumpernickel-leip\u00e4 50 g on tumma t\u00e4ysjyv\u00e4leip\u00e4, joka sis\u00e4lt\u00e4\u00e4 runsaasti kuitua ja v\u00e4h\u00e4n kaloreita. Niille on ominaista pitk\u00e4 s\u00e4ilyvyysaika.<\/p>\n<p>Arpol pumpernikkeli leip\u00e4 50 g &#8211; terveellist\u00e4 ruokaa retkeilyyn<br \/>\nPP-, B- ja E-vitamiinien ja korkean kuitupitoisuuden ansiosta pumpernikkeli on terveellist\u00e4 ja ravitsevaa. Sill\u00e4 on muun muassa suotuisia vaikutuksia ruoansulatusj\u00e4rjestelm\u00e4\u00e4n. T\u00e4t\u00e4 leip\u00e4tyyppi\u00e4 suositellaan yleens\u00e4 v\u00e4h\u00e4rasvaista ruokavaliota noudattaville.<br \/>\nKontaminaatiolta suojaavan ilmatiiviin pakkauksen ansiosta leip\u00e4 voidaan turvallisesti ottaa mukaan retkeilyyn, telttailuun, bushcraft-retkelle tai perheen grillijuhliin.<\/p>\n<p>Arpopl-pumppernikkeli kiinnostaa my\u00f6s valmistajia, sill\u00e4 foliosinetin ansiosta leip\u00e4 ei kastu ja s\u00e4ilytt\u00e4\u00e4 makunsa pitk\u00e4\u00e4n. N\u00e4in ollen se voi t\u00e4ydent\u00e4\u00e4 kriisiruokavaliota.<\/p>\n<p>Arpol pumppernikkelileip\u00e4 50 g &#8211; koostumus: Arpol pumppernikkelileip\u00e4 50 g &#8211; koostumus: Arpol pumppernikkelileip\u00e4 50 g.<br \/>\nPumpernickelin valmistuksessa k\u00e4ytettiin ruisjauhoa (41,5 %), vehn\u00e4jauhoa, t\u00e4ysjyv\u00e4ruisjauhoa (5 %), kasvirasvaa, leivinhiivaa, ohralese-uutetta, perunahiutaleita, suolaa ja soijajauhoa. Leip\u00e4 sis\u00e4lt\u00e4\u00e4 el\u00e4vi\u00e4 laktobasilliviljelmi\u00e4.<\/p>\n","protected":false},"featured_media":79652,"template":"","meta":{"_acf_changed":false},"product_brand":[],"product_cat":[363],"product_tag":[],"class_list":{"0":"post-79657","1":"product","2":"type-product","3":"status-publish","4":"has-post-thumbnail","6":"product_cat-taktinen-ruokapaketti","8":"first","9":"instock","10":"taxable","11":"shipping-taxable","12":"purchasable","13":"product-type-simple"},"acf":[],"_links":{"self":[{"href":"https:\/\/kingarms.ee\/fi\/wp-json\/wp\/v2\/product\/79657","targetHints":{"allow":["GET"]}}],"collection":[{"href":"https:\/\/kingarms.ee\/fi\/wp-json\/wp\/v2\/product"}],"about":[{"href":"https:\/\/kingarms.ee\/fi\/wp-json\/wp\/v2\/types\/product"}],"wp:featuredmedia":[{"embeddable":true,"href":"https:\/\/kingarms.ee\/fi\/wp-json\/wp\/v2\/media\/79652"}],"wp:attachment":[{"href":"https:\/\/kingarms.ee\/fi\/wp-json\/wp\/v2\/media?parent=79657"}],"wp:term":[{"taxonomy":"product_brand","embeddable":true,"href":"https:\/\/kingarms.ee\/fi\/wp-json\/wp\/v2\/product_brand?post=79657"},{"taxonomy":"product_cat","embeddable":true,"href":"https:\/\/kingarms.ee\/fi\/wp-json\/wp\/v2\/product_cat?post=79657"},{"taxonomy":"product_tag","embeddable":true,"href":"https:\/\/kingarms.ee\/fi\/wp-json\/wp\/v2\/product_tag?post=79657"}],"curies":[{"name":"wp","href":"https:\/\/api.w.org\/{rel}","templated":true}]}}