{"id":79668,"date":"2023-07-02T14:58:19","date_gmt":"2023-07-02T11:58:57","guid":{"rendered":"https:\/\/kingarms.ee\/product\/woodson-eko-palokaynnistin-survival\/"},"modified":"2024-08-06T17:28:43","modified_gmt":"2024-08-06T14:28:43","slug":"woodson-eko-customer-security","status":"publish","type":"product","link":"https:\/\/kingarms.ee\/fi\/product\/woodson-eko-customer-security\/","title":{"rendered":"Woodson Eko Palok\u00e4ynnistin Survival"},"content":{"rendered":"<p><img loading=\"lazy\" decoding=\"async\" class=\"alignnone size-full wp-image-79659\" src=\"https:\/\/kingarms.ee\/wp-content\/uploads\/2023\/07\/woodson-eko-fireplace-lighter-surviva-2a2f97549de7497181f174cd87029e45-9eb8531d.jpg\" alt=\"\" width=\"900\" height=\"900\" srcset=\"https:\/\/kingarms.ee\/wp-content\/uploads\/2023\/07\/woodson-eko-fireplace-lighter-surviva-2a2f97549de7497181f174cd87029e45-9eb8531d.jpg 900w, https:\/\/kingarms.ee\/wp-content\/uploads\/2023\/07\/woodson-eko-fireplace-lighter-surviva-2a2f97549de7497181f174cd87029e45-9eb8531d-300x300.jpg 300w, https:\/\/kingarms.ee\/wp-content\/uploads\/2023\/07\/woodson-eko-fireplace-lighter-surviva-2a2f97549de7497181f174cd87029e45-9eb8531d-150x150.jpg 150w, https:\/\/kingarms.ee\/wp-content\/uploads\/2023\/07\/woodson-eko-fireplace-lighter-surviva-2a2f97549de7497181f174cd87029e45-9eb8531d-768x768.jpg 768w, https:\/\/kingarms.ee\/wp-content\/uploads\/2023\/07\/woodson-eko-fireplace-lighter-surviva-2a2f97549de7497181f174cd87029e45-9eb8531d-500x500.jpg 500w\" sizes=\"auto, (max-width: 900px) 100vw, 900px\" \/><\/p>\n","protected":false},"excerpt":{"rendered":"<p>Woodson Eko Palok\u00e4ynnistin Survival<\/p>\n<p>Woodson Eco-Fire Survival 1-pakkaus vanhasta puusta, romupaperista ja kasvisteariinista valmistettua sytytyspaperia, joka helpottaa leirinuotioiden, grillien ja kiukaiden sytytt\u00e4mist\u00e4.<\/p>\n<p>Woodsonin ekologinen nuotio on kierr\u00e4tetyst\u00e4 m\u00e4ntypuusta, sahanpurusta, j\u00e4tepaperista ja kasvisteariinista valmistettu monipuolinen nuotio, jonka avulla voit tehd\u00e4 nuotion l\u00e4hes kaikissa olosuhteissa. Survival-ekopeitto on modulaarinen, joten se vie v\u00e4h\u00e4n tilaa. Kiukaan kokoaminen on helppoa ja vie vain sekunteja &#8211; kuka tahansa i\u00e4st\u00e4 tai kokemuksesta riippumatta voi tehd\u00e4 sen. Kun olet koonnut kiukaan, sinun tarvitsee vain peitt\u00e4\u00e4 se puulla, oksilla tai hiilill\u00e4 ja heitt\u00e4\u00e4 siihen sytytetty tulitikku. Muutamassa minuutissa nuotio on tehnyt raskaan ty\u00f6n puolestamme ja sytytt\u00e4\u00e4 nuotion tai grillin yksinkertaisesti ja ymp\u00e4rist\u00f6yst\u00e4v\u00e4llisesti.<\/p>\n","protected":false},"featured_media":84235,"template":"","meta":{"_acf_changed":false},"product_brand":[],"product_cat":[352],"product_tag":[],"class_list":{"0":"post-79668","1":"product","2":"type-product","3":"status-publish","4":"has-post-thumbnail","6":"product_cat-matkatavarat","8":"first","9":"instock","10":"taxable","11":"shipping-taxable","12":"purchasable","13":"product-type-simple"},"acf":[],"_links":{"self":[{"href":"https:\/\/kingarms.ee\/fi\/wp-json\/wp\/v2\/product\/79668","targetHints":{"allow":["GET"]}}],"collection":[{"href":"https:\/\/kingarms.ee\/fi\/wp-json\/wp\/v2\/product"}],"about":[{"href":"https:\/\/kingarms.ee\/fi\/wp-json\/wp\/v2\/types\/product"}],"wp:featuredmedia":[{"embeddable":true,"href":"https:\/\/kingarms.ee\/fi\/wp-json\/wp\/v2\/media\/84235"}],"wp:attachment":[{"href":"https:\/\/kingarms.ee\/fi\/wp-json\/wp\/v2\/media?parent=79668"}],"wp:term":[{"taxonomy":"product_brand","embeddable":true,"href":"https:\/\/kingarms.ee\/fi\/wp-json\/wp\/v2\/product_brand?post=79668"},{"taxonomy":"product_cat","embeddable":true,"href":"https:\/\/kingarms.ee\/fi\/wp-json\/wp\/v2\/product_cat?post=79668"},{"taxonomy":"product_tag","embeddable":true,"href":"https:\/\/kingarms.ee\/fi\/wp-json\/wp\/v2\/product_tag?post=79668"}],"curies":[{"name":"wp","href":"https:\/\/api.w.org\/{rel}","templated":true}]}}