{"id":79678,"date":"2023-07-02T15:03:03","date_gmt":"2023-07-02T12:03:35","guid":{"rendered":"https:\/\/kingarms.ee\/product\/flycatcher-tahmea-bros\/"},"modified":"2024-08-06T17:28:00","modified_gmt":"2024-08-06T14:28:00","slug":"karbsepuudja-kleuvuvuv-bros","status":"publish","type":"product","link":"https:\/\/kingarms.ee\/fi\/product\/karbsepuudja-kleuvuvuv-bros\/","title":{"rendered":"Flycatcher tahmea (Bros)"},"content":{"rendered":"<p><img loading=\"lazy\" decoding=\"async\" class=\"alignnone size-full wp-image-79671\" src=\"https:\/\/kingarms.ee\/wp-content\/uploads\/2023\/07\/bros-round-fly-sticky-e55d5eb63cca485981ee5dcbeab2b94f-320a0e38.jpg\" alt=\"\" width=\"900\" height=\"900\" srcset=\"https:\/\/kingarms.ee\/wp-content\/uploads\/2023\/07\/bros-round-fly-sticky-e55d5eb63cca485981ee5dcbeab2b94f-320a0e38.jpg 900w, https:\/\/kingarms.ee\/wp-content\/uploads\/2023\/07\/bros-round-fly-sticky-e55d5eb63cca485981ee5dcbeab2b94f-320a0e38-300x300.jpg 300w, https:\/\/kingarms.ee\/wp-content\/uploads\/2023\/07\/bros-round-fly-sticky-e55d5eb63cca485981ee5dcbeab2b94f-320a0e38-150x150.jpg 150w, https:\/\/kingarms.ee\/wp-content\/uploads\/2023\/07\/bros-round-fly-sticky-e55d5eb63cca485981ee5dcbeab2b94f-320a0e38-768x768.jpg 768w, https:\/\/kingarms.ee\/wp-content\/uploads\/2023\/07\/bros-round-fly-sticky-e55d5eb63cca485981ee5dcbeab2b94f-320a0e38-500x500.jpg 500w\" sizes=\"auto, (max-width: 900px) 100vw, 900px\" \/><\/p>\n","protected":false},"excerpt":{"rendered":"<p>Flycatcher tahmea (Bros)<\/p>\n<p>Brosi-py\u00f6re\u00e4 k\u00e4rp\u00e4skeppi on perinteinen tapa torjua h\u00e4iritsevi\u00e4 lent\u00e4vi\u00e4 hy\u00f6nteisi\u00e4 kotona, varastossa tai jalostuslaitoksessa.<\/p>\n<p>Brosi flysheet on perinteinen rullamaton teippi, joka on p\u00e4\u00e4llystetty nopeasti sitovalla liimalla. Oikean liimavalmisteen ansiosta liima on eritt\u00e4in tehokas ja toimii l\u00e4mp\u00f6tilasta ja ilmankosteudesta riippumatta useita kuukausia. Hajuttoman koostumuksen, helpon levityksen ja erinomaisen tehon ansiosta se on vuosien saatossa arvostettu ja suosittu v\u00e4line my\u00f6s k\u00e4rp\u00e4si\u00e4 ja elintarvikehy\u00f6nteisi\u00e4 vastaan.<\/p>\n<p>Pakkaus 1 kpl<\/p>\n","protected":false},"featured_media":87381,"template":"","meta":{"_acf_changed":false},"product_brand":[],"product_cat":[352],"product_tag":[],"class_list":{"0":"post-79678","1":"product","2":"type-product","3":"status-publish","4":"has-post-thumbnail","6":"product_cat-matkatavarat","8":"first","9":"instock","10":"taxable","11":"shipping-taxable","12":"purchasable","13":"product-type-simple"},"acf":[],"_links":{"self":[{"href":"https:\/\/kingarms.ee\/fi\/wp-json\/wp\/v2\/product\/79678","targetHints":{"allow":["GET"]}}],"collection":[{"href":"https:\/\/kingarms.ee\/fi\/wp-json\/wp\/v2\/product"}],"about":[{"href":"https:\/\/kingarms.ee\/fi\/wp-json\/wp\/v2\/types\/product"}],"wp:featuredmedia":[{"embeddable":true,"href":"https:\/\/kingarms.ee\/fi\/wp-json\/wp\/v2\/media\/87381"}],"wp:attachment":[{"href":"https:\/\/kingarms.ee\/fi\/wp-json\/wp\/v2\/media?parent=79678"}],"wp:term":[{"taxonomy":"product_brand","embeddable":true,"href":"https:\/\/kingarms.ee\/fi\/wp-json\/wp\/v2\/product_brand?post=79678"},{"taxonomy":"product_cat","embeddable":true,"href":"https:\/\/kingarms.ee\/fi\/wp-json\/wp\/v2\/product_cat?post=79678"},{"taxonomy":"product_tag","embeddable":true,"href":"https:\/\/kingarms.ee\/fi\/wp-json\/wp\/v2\/product_tag?post=79678"}],"curies":[{"name":"wp","href":"https:\/\/api.w.org\/{rel}","templated":true}]}}