{"id":79726,"date":"2023-07-02T15:25:55","date_gmt":"2023-07-02T12:25:55","guid":{"rendered":"https:\/\/kingarms.ee\/product\/attention-extrem-jet-pippurikaasu-40-ml\/"},"modified":"2024-08-15T15:40:40","modified_gmt":"2024-08-15T12:40:40","slug":"achtung-extreme-suihku-pipragaas-40-ml","status":"publish","type":"product","link":"https:\/\/kingarms.ee\/fi\/product\/achtung-extreme-suihku-pipragaas-40-ml\/","title":{"rendered":"Attention eXtrem Jet pippurikaasu 40 ml"},"content":{"rendered":"<p><img loading=\"lazy\" decoding=\"async\" class=\"alignnone size-full wp-image-79705\" src=\"https:\/\/kingarms.ee\/wp-content\/uploads\/2023\/07\/achtung-extrem-jet-pepper-gas-40-ml-stream-b9afa988bf90435d8147da2f937f746b-1abb80da.jpg\" alt=\"\" width=\"900\" height=\"900\" srcset=\"https:\/\/kingarms.ee\/wp-content\/uploads\/2023\/07\/achtung-extrem-jet-pepper-gas-40-ml-stream-b9afa988bf90435d8147da2f937f746b-1abb80da.jpg 900w, https:\/\/kingarms.ee\/wp-content\/uploads\/2023\/07\/achtung-extrem-jet-pepper-gas-40-ml-stream-b9afa988bf90435d8147da2f937f746b-1abb80da-300x300.jpg 300w, https:\/\/kingarms.ee\/wp-content\/uploads\/2023\/07\/achtung-extrem-jet-pepper-gas-40-ml-stream-b9afa988bf90435d8147da2f937f746b-1abb80da-150x150.jpg 150w, https:\/\/kingarms.ee\/wp-content\/uploads\/2023\/07\/achtung-extrem-jet-pepper-gas-40-ml-stream-b9afa988bf90435d8147da2f937f746b-1abb80da-768x768.jpg 768w, https:\/\/kingarms.ee\/wp-content\/uploads\/2023\/07\/achtung-extrem-jet-pepper-gas-40-ml-stream-b9afa988bf90435d8147da2f937f746b-1abb80da-500x500.jpg 500w\" sizes=\"auto, (max-width: 900px) 100vw, 900px\" \/><\/p>\n","protected":false},"excerpt":{"rendered":"<p>Attention eXtrem Jet pippurikaasu 40 ml<\/p>\n<p>Achtung eXtrem Jet 15% OC-pippurisuihke on taskukokoinen 4 metrin toimintas\u00e4teell\u00e4 toimiva kaasusuihke, joka on tehokas ihmisi\u00e4 ja el\u00e4imi\u00e4 vastaan. Erinomainen vastine rahalle!<\/p>\n","protected":false},"featured_media":84451,"template":"","meta":{"_acf_changed":false},"product_brand":[],"product_cat":[764],"product_tag":[],"class_list":{"0":"post-79726","1":"product","2":"type-product","3":"status-publish","4":"has-post-thumbnail","6":"product_cat-pippurisumute","8":"first","9":"outofstock","10":"taxable","11":"shipping-taxable","12":"purchasable","13":"product-type-simple"},"acf":[],"_links":{"self":[{"href":"https:\/\/kingarms.ee\/fi\/wp-json\/wp\/v2\/product\/79726","targetHints":{"allow":["GET"]}}],"collection":[{"href":"https:\/\/kingarms.ee\/fi\/wp-json\/wp\/v2\/product"}],"about":[{"href":"https:\/\/kingarms.ee\/fi\/wp-json\/wp\/v2\/types\/product"}],"wp:featuredmedia":[{"embeddable":true,"href":"https:\/\/kingarms.ee\/fi\/wp-json\/wp\/v2\/media\/84451"}],"wp:attachment":[{"href":"https:\/\/kingarms.ee\/fi\/wp-json\/wp\/v2\/media?parent=79726"}],"wp:term":[{"taxonomy":"product_brand","embeddable":true,"href":"https:\/\/kingarms.ee\/fi\/wp-json\/wp\/v2\/product_brand?post=79726"},{"taxonomy":"product_cat","embeddable":true,"href":"https:\/\/kingarms.ee\/fi\/wp-json\/wp\/v2\/product_cat?post=79726"},{"taxonomy":"product_tag","embeddable":true,"href":"https:\/\/kingarms.ee\/fi\/wp-json\/wp\/v2\/product_tag?post=79726"}],"curies":[{"name":"wp","href":"https:\/\/api.w.org\/{rel}","templated":true}]}}