{"id":79797,"date":"2023-07-05T19:16:27","date_gmt":"2023-07-05T16:16:27","guid":{"rendered":"https:\/\/kingarms.ee\/product\/retay-pm-kaynnistyspistooli\/"},"modified":"2024-08-06T17:24:19","modified_gmt":"2024-08-06T14:24:19","slug":"stardipustol-retay-pm","status":"publish","type":"product","link":"https:\/\/kingarms.ee\/fi\/product\/stardipustol-retay-pm\/","title":{"rendered":"Retay PM k\u00e4ynnistyspistooli"},"content":{"rendered":"<p><img loading=\"lazy\" decoding=\"async\" class=\"alignnone size-full wp-image-79782\" src=\"https:\/\/kingarms.ee\/wp-content\/uploads\/2023\/07\/2893c4e5-fdec-11ec-b770-00155d8ed203_fbb9bb1c-0120-11ed-b770-00155d8ed203.jpg\" alt=\"\" width=\"720\" height=\"588\" srcset=\"https:\/\/kingarms.ee\/wp-content\/uploads\/2023\/07\/2893c4e5-fdec-11ec-b770-00155d8ed203_fbb9bb1c-0120-11ed-b770-00155d8ed203.jpg 720w, https:\/\/kingarms.ee\/wp-content\/uploads\/2023\/07\/2893c4e5-fdec-11ec-b770-00155d8ed203_fbb9bb1c-0120-11ed-b770-00155d8ed203-300x245.jpg 300w, https:\/\/kingarms.ee\/wp-content\/uploads\/2023\/07\/2893c4e5-fdec-11ec-b770-00155d8ed203_fbb9bb1c-0120-11ed-b770-00155d8ed203-500x408.jpg 500w, https:\/\/kingarms.ee\/wp-content\/uploads\/2023\/07\/2893c4e5-fdec-11ec-b770-00155d8ed203_fbb9bb1c-0120-11ed-b770-00155d8ed203-150x123.jpg 150w\" sizes=\"auto, (max-width: 720px) 100vw, 720px\" \/><\/p>\n","protected":false},"excerpt":{"rendered":"<div>Retay PM k\u00e4ynnistyspistooli<\/div>\n<div><\/div>\n<div>Kaliiperi: 9 mm P.A.K.<br \/>\nSalvokapasiteetti: 6+1<br \/>\nTurvallisuus: ampumakyp\u00e4r\u00e4n turvallisuus<br \/>\nPituus: 160mm<br \/>\nKorkeus: 120 mm<br \/>\nPaino: 805 g<br \/>\nSaver: kaksinkertainen toiminta<br \/>\nJ\u00e4rjestelm\u00e4: puoliautomaattinen<\/div>\n<div><\/div>\n<div>Malli n\u00e4ytt\u00e4\u00e4 kuuluisalta Makarov-pistoolilta. Malli on kooltaan ja painoltaan samanlainen kuin tuliase.<\/div>\n<div>Runko on valmistettu kevytmetallista ja putki sinkki-, alumiini- ja kupariseoksesta.<\/div>\n<div><\/div>\n","protected":false},"featured_media":152524,"template":"","meta":{"_acf_changed":false},"product_brand":[],"product_cat":[254],"product_tag":[],"class_list":{"0":"post-79797","1":"product","2":"type-product","3":"status-publish","4":"has-post-thumbnail","6":"product_cat-kaynnistys-pistoolit","8":"first","9":"instock","10":"taxable","11":"shipping-taxable","12":"purchasable","13":"product-type-simple"},"acf":[],"_links":{"self":[{"href":"https:\/\/kingarms.ee\/fi\/wp-json\/wp\/v2\/product\/79797","targetHints":{"allow":["GET"]}}],"collection":[{"href":"https:\/\/kingarms.ee\/fi\/wp-json\/wp\/v2\/product"}],"about":[{"href":"https:\/\/kingarms.ee\/fi\/wp-json\/wp\/v2\/types\/product"}],"wp:featuredmedia":[{"embeddable":true,"href":"https:\/\/kingarms.ee\/fi\/wp-json\/wp\/v2\/media\/152524"}],"wp:attachment":[{"href":"https:\/\/kingarms.ee\/fi\/wp-json\/wp\/v2\/media?parent=79797"}],"wp:term":[{"taxonomy":"product_brand","embeddable":true,"href":"https:\/\/kingarms.ee\/fi\/wp-json\/wp\/v2\/product_brand?post=79797"},{"taxonomy":"product_cat","embeddable":true,"href":"https:\/\/kingarms.ee\/fi\/wp-json\/wp\/v2\/product_cat?post=79797"},{"taxonomy":"product_tag","embeddable":true,"href":"https:\/\/kingarms.ee\/fi\/wp-json\/wp\/v2\/product_tag?post=79797"}],"curies":[{"name":"wp","href":"https:\/\/api.w.org\/{rel}","templated":true}]}}