{"id":79822,"date":"2023-07-07T12:27:23","date_gmt":"2023-07-07T09:28:17","guid":{"rendered":"https:\/\/kingarms.ee\/product\/legendat-p08\/"},"modified":"2024-08-06T17:23:34","modified_gmt":"2024-08-06T14:23:34","slug":"legends-p08","status":"publish","type":"product","link":"https:\/\/kingarms.ee\/fi\/product\/legends-p08\/","title":{"rendered":"Legendat P08"},"content":{"rendered":"<p><img loading=\"lazy\" decoding=\"async\" class=\"alignnone size-full wp-image-79809\" src=\"https:\/\/kingarms.ee\/wp-content\/uploads\/2023\/07\/legends-p-08-blowback-4-5mm-air-pistol-d22e36bbe4de4d1c967722e2bbaed9ec-691264d7.jpg\" alt=\"\" width=\"900\" height=\"900\" srcset=\"https:\/\/kingarms.ee\/wp-content\/uploads\/2023\/07\/legends-p-08-blowback-4-5mm-air-pistol-d22e36bbe4de4d1c967722e2bbaed9ec-691264d7.jpg 900w, https:\/\/kingarms.ee\/wp-content\/uploads\/2023\/07\/legends-p-08-blowback-4-5mm-air-pistol-d22e36bbe4de4d1c967722e2bbaed9ec-691264d7-300x300.jpg 300w, https:\/\/kingarms.ee\/wp-content\/uploads\/2023\/07\/legends-p-08-blowback-4-5mm-air-pistol-d22e36bbe4de4d1c967722e2bbaed9ec-691264d7-150x150.jpg 150w, https:\/\/kingarms.ee\/wp-content\/uploads\/2023\/07\/legends-p-08-blowback-4-5mm-air-pistol-d22e36bbe4de4d1c967722e2bbaed9ec-691264d7-768x768.jpg 768w, https:\/\/kingarms.ee\/wp-content\/uploads\/2023\/07\/legends-p-08-blowback-4-5mm-air-pistol-d22e36bbe4de4d1c967722e2bbaed9ec-691264d7-500x500.jpg 500w\" sizes=\"auto, (max-width: 900px) 100vw, 900px\" \/><\/p>\n","protected":false},"excerpt":{"rendered":"<p>Legendat P08<\/p>\n<p>Legends P08 4,5 mm BB CO2 on tehokas, t\u00e4ysin metallinen ilmakiv\u00e4\u00e4ri, joka on uskollinen kopio ensimm\u00e4isen ja toisen maailmansodan aikana k\u00e4ytetyst\u00e4 legendaarisesta P08 Parabellum -pistoolista.<\/p>\n<p>[mm]4,5 mm<br \/>\nAlkuper\u00e4inen nopeus [m\/s]. 125<br \/>\nLokeron kapasiteetti[tk] 20<br \/>\nMallin j\u00e4ljenn\u00f6s: Luger P.08<br \/>\nVoima (enint\u00e4\u00e4n 10 J)<br \/>\nLaukaisutyyppi SA (single action)<\/p>\n","protected":false},"featured_media":148338,"template":"","meta":{"_acf_changed":false},"product_brand":[],"product_cat":[672],"product_tag":[],"class_list":{"0":"post-79822","1":"product","2":"type-product","3":"status-publish","4":"has-post-thumbnail","6":"product_cat-pienaseet","8":"first","9":"instock","10":"taxable","11":"shipping-taxable","12":"purchasable","13":"product-type-simple"},"acf":[],"_links":{"self":[{"href":"https:\/\/kingarms.ee\/fi\/wp-json\/wp\/v2\/product\/79822","targetHints":{"allow":["GET"]}}],"collection":[{"href":"https:\/\/kingarms.ee\/fi\/wp-json\/wp\/v2\/product"}],"about":[{"href":"https:\/\/kingarms.ee\/fi\/wp-json\/wp\/v2\/types\/product"}],"wp:featuredmedia":[{"embeddable":true,"href":"https:\/\/kingarms.ee\/fi\/wp-json\/wp\/v2\/media\/148338"}],"wp:attachment":[{"href":"https:\/\/kingarms.ee\/fi\/wp-json\/wp\/v2\/media?parent=79822"}],"wp:term":[{"taxonomy":"product_brand","embeddable":true,"href":"https:\/\/kingarms.ee\/fi\/wp-json\/wp\/v2\/product_brand?post=79822"},{"taxonomy":"product_cat","embeddable":true,"href":"https:\/\/kingarms.ee\/fi\/wp-json\/wp\/v2\/product_cat?post=79822"},{"taxonomy":"product_tag","embeddable":true,"href":"https:\/\/kingarms.ee\/fi\/wp-json\/wp\/v2\/product_tag?post=79822"}],"curies":[{"name":"wp","href":"https:\/\/api.w.org\/{rel}","templated":true}]}}