{"id":79838,"date":"2023-07-07T12:32:07","date_gmt":"2023-07-07T09:32:07","guid":{"rendered":"https:\/\/kingarms.ee\/product\/ruger-mark-iv-silver-wind\/"},"modified":"2024-08-06T17:22:50","modified_gmt":"2024-08-06T14:22:50","slug":"ruger-mark-iv-hopeatuuli","status":"publish","type":"product","link":"https:\/\/kingarms.ee\/fi\/product\/ruger-mark-iv-hopeatuuli\/","title":{"rendered":"Ruger Mark IV Silver Wind"},"content":{"rendered":"<p><img loading=\"lazy\" decoding=\"async\" class=\"alignnone size-full wp-image-79825\" src=\"https:\/\/kingarms.ee\/wp-content\/uploads\/2023\/07\/ruger-mark-iv-4-5mm-silver-wind-gun-60ebc16610dd4bdeb04fb4e6631af48c-2e4db895.jpg\" alt=\"\" width=\"900\" height=\"900\" srcset=\"https:\/\/kingarms.ee\/wp-content\/uploads\/2023\/07\/ruger-mark-iv-4-5mm-silver-wind-gun-60ebc16610dd4bdeb04fb4e6631af48c-2e4db895.jpg 900w, https:\/\/kingarms.ee\/wp-content\/uploads\/2023\/07\/ruger-mark-iv-4-5mm-silver-wind-gun-60ebc16610dd4bdeb04fb4e6631af48c-2e4db895-300x300.jpg 300w, https:\/\/kingarms.ee\/wp-content\/uploads\/2023\/07\/ruger-mark-iv-4-5mm-silver-wind-gun-60ebc16610dd4bdeb04fb4e6631af48c-2e4db895-150x150.jpg 150w, https:\/\/kingarms.ee\/wp-content\/uploads\/2023\/07\/ruger-mark-iv-4-5mm-silver-wind-gun-60ebc16610dd4bdeb04fb4e6631af48c-2e4db895-768x768.jpg 768w, https:\/\/kingarms.ee\/wp-content\/uploads\/2023\/07\/ruger-mark-iv-4-5mm-silver-wind-gun-60ebc16610dd4bdeb04fb4e6631af48c-2e4db895-500x500.jpg 500w\" sizes=\"auto, (max-width: 900px) 100vw, 900px\" \/><\/p>\n","protected":false},"excerpt":{"rendered":"<p>Ruger Mark IV Silver Wind<\/p>\n<p>Ruger Mark IV Silver Wind on jousikuormitteinen ilmakiv\u00e4\u00e4ri, joka on mallinnettu suositun sivulta ampuvan pistoolin mukaan ja jonka suosio perustuu sen poikkeukselliseen ergonomiaan ja tarkkuuteen. Pistooli on viimeistelty hopeaksi.<\/p>\n<p>[mm]4,5 mm<br \/>\nAlkuper\u00e4inen nopeus [m\/s]. 94<br \/>\nLuodin kineettinen energia [J]. enint\u00e4\u00e4n 3<br \/>\nSalvojen m\u00e4\u00e4r\u00e4 [tk] 1<br \/>\nluodityyppi diabolinen<\/p>\n","protected":false},"featured_media":79827,"template":"","meta":{"_acf_changed":false},"product_brand":[],"product_cat":[672],"product_tag":[],"class_list":{"0":"post-79838","1":"product","2":"type-product","3":"status-publish","4":"has-post-thumbnail","6":"product_cat-pienaseet","8":"first","9":"instock","10":"taxable","11":"shipping-taxable","12":"purchasable","13":"product-type-simple"},"acf":[],"_links":{"self":[{"href":"https:\/\/kingarms.ee\/fi\/wp-json\/wp\/v2\/product\/79838","targetHints":{"allow":["GET"]}}],"collection":[{"href":"https:\/\/kingarms.ee\/fi\/wp-json\/wp\/v2\/product"}],"about":[{"href":"https:\/\/kingarms.ee\/fi\/wp-json\/wp\/v2\/types\/product"}],"wp:featuredmedia":[{"embeddable":true,"href":"https:\/\/kingarms.ee\/fi\/wp-json\/wp\/v2\/media\/79827"}],"wp:attachment":[{"href":"https:\/\/kingarms.ee\/fi\/wp-json\/wp\/v2\/media?parent=79838"}],"wp:term":[{"taxonomy":"product_brand","embeddable":true,"href":"https:\/\/kingarms.ee\/fi\/wp-json\/wp\/v2\/product_brand?post=79838"},{"taxonomy":"product_cat","embeddable":true,"href":"https:\/\/kingarms.ee\/fi\/wp-json\/wp\/v2\/product_cat?post=79838"},{"taxonomy":"product_tag","embeddable":true,"href":"https:\/\/kingarms.ee\/fi\/wp-json\/wp\/v2\/product_tag?post=79838"}],"curies":[{"name":"wp","href":"https:\/\/api.w.org\/{rel}","templated":true}]}}