{"id":79859,"date":"2023-07-07T12:38:12","date_gmt":"2023-07-07T09:40:27","guid":{"rendered":"https:\/\/kingarms.ee\/product\/umarex-sa10\/"},"modified":"2024-08-06T17:22:08","modified_gmt":"2024-08-06T14:22:08","slug":"umarex-sa10","status":"publish","type":"product","link":"https:\/\/kingarms.ee\/fi\/product\/umarex-sa10\/","title":{"rendered":"Umarex SA10"},"content":{"rendered":"<p><img loading=\"lazy\" decoding=\"async\" class=\"alignnone size-full wp-image-79842\" src=\"https:\/\/kingarms.ee\/wp-content\/uploads\/2023\/07\/umarex-sa10-4-5-mm-air-pistol-3d821daee5d048c48dbba30a15f5c964-b3984efd.jpg\" alt=\"\" width=\"900\" height=\"900\" srcset=\"https:\/\/kingarms.ee\/wp-content\/uploads\/2023\/07\/umarex-sa10-4-5-mm-air-pistol-3d821daee5d048c48dbba30a15f5c964-b3984efd.jpg 900w, https:\/\/kingarms.ee\/wp-content\/uploads\/2023\/07\/umarex-sa10-4-5-mm-air-pistol-3d821daee5d048c48dbba30a15f5c964-b3984efd-300x300.jpg 300w, https:\/\/kingarms.ee\/wp-content\/uploads\/2023\/07\/umarex-sa10-4-5-mm-air-pistol-3d821daee5d048c48dbba30a15f5c964-b3984efd-150x150.jpg 150w, https:\/\/kingarms.ee\/wp-content\/uploads\/2023\/07\/umarex-sa10-4-5-mm-air-pistol-3d821daee5d048c48dbba30a15f5c964-b3984efd-768x768.jpg 768w, https:\/\/kingarms.ee\/wp-content\/uploads\/2023\/07\/umarex-sa10-4-5-mm-air-pistol-3d821daee5d048c48dbba30a15f5c964-b3984efd-500x500.jpg 500w\" sizes=\"auto, (max-width: 900px) 100vw, 900px\" \/><\/p>\n","protected":false},"excerpt":{"rendered":"<p>Umarex SA10<\/p>\n<p>Umarex SA10 4,5 mm:n rekyylitoiminen Diabolo CO2 on moderni rekyylitoiminen tuulipistooli, joka ampuu kahdenlaisia laukauksia. Umarex SA10 -ilmakiv\u00e4\u00e4ri on sovitettu sek\u00e4 tavanomaisille 4,5 mm:n diaboloammunnoille ett\u00e4 4,5 mm:n ter\u00e4ksisille BB-ammunnoille. T\u00e4m\u00e4 kaikki on innovatiivisen lokeron ansiota, johon mahtuu 4 lokerorumpua (mukaan lukien 3 varapatruunaa), joihin kuhunkin mahtuu 8 patruunaa. Kun olet ampunut ensimm\u00e4isen laukauksen ensimm\u00e4isest\u00e4 rummusta, sinun tarvitsee vain poistaa lipas ja asettaa toinen rumpu, jossa on aiemmin ladattu laukaus. T\u00e4m\u00e4 toiminnallisuus tarkoittaa, ett\u00e4 voimme kantaa jopa 32 patruunaa kerrallaan sek\u00e4 dynaamista ett\u00e4 tarkkuusammuntaa varten.<\/p>\n<p>[mm]4,5 mm<br \/>\nAlkuper\u00e4inen nopeus [m\/s]. 130<br \/>\nSalvo nide[tk] 8<br \/>\nAsennusten lukum\u00e4\u00e4r\u00e4 1<br \/>\nAsennusvaihtoehto:<br \/>\nlaser-sarja,<br \/>\ntaskulamppu<\/p>\n","protected":false},"featured_media":79844,"template":"","meta":{"_acf_changed":false},"product_brand":[],"product_cat":[672],"product_tag":[],"class_list":{"0":"post-79859","1":"product","2":"type-product","3":"status-publish","4":"has-post-thumbnail","6":"product_cat-pienaseet","8":"first","9":"onbackorder","10":"sale","11":"taxable","12":"shipping-taxable","13":"product-type-simple"},"acf":[],"_links":{"self":[{"href":"https:\/\/kingarms.ee\/fi\/wp-json\/wp\/v2\/product\/79859","targetHints":{"allow":["GET"]}}],"collection":[{"href":"https:\/\/kingarms.ee\/fi\/wp-json\/wp\/v2\/product"}],"about":[{"href":"https:\/\/kingarms.ee\/fi\/wp-json\/wp\/v2\/types\/product"}],"wp:featuredmedia":[{"embeddable":true,"href":"https:\/\/kingarms.ee\/fi\/wp-json\/wp\/v2\/media\/79844"}],"wp:attachment":[{"href":"https:\/\/kingarms.ee\/fi\/wp-json\/wp\/v2\/media?parent=79859"}],"wp:term":[{"taxonomy":"product_brand","embeddable":true,"href":"https:\/\/kingarms.ee\/fi\/wp-json\/wp\/v2\/product_brand?post=79859"},{"taxonomy":"product_cat","embeddable":true,"href":"https:\/\/kingarms.ee\/fi\/wp-json\/wp\/v2\/product_cat?post=79859"},{"taxonomy":"product_tag","embeddable":true,"href":"https:\/\/kingarms.ee\/fi\/wp-json\/wp\/v2\/product_tag?post=79859"}],"curies":[{"name":"wp","href":"https:\/\/api.w.org\/{rel}","templated":true}]}}