{"id":79913,"date":"2023-07-07T13:44:17","date_gmt":"2023-07-07T10:51:17","guid":{"rendered":"https:\/\/kingarms.ee\/product\/hi-capa-5-1-split-slide-vorsk\/"},"modified":"2024-08-06T17:19:59","modified_gmt":"2024-08-06T14:19:59","slug":"hi-capa-5-1-split-slide-vorsk-hi-capa-5-1-split-slide-vorsk","status":"publish","type":"product","link":"https:\/\/kingarms.ee\/fi\/product\/hi-capa-5-1-split-slide-vorsk-hi-capa-5-1-split-slide-vorsk\/","title":{"rendered":"Hi-Capa 5.1 Split Slide (Vorsk)"},"content":{"rendered":"<p><img loading=\"lazy\" decoding=\"async\" class=\"alignnone size-full wp-image-79898\" src=\"https:\/\/kingarms.ee\/wp-content\/uploads\/2023\/07\/Hi-Capa-5.1-Split-Slide-BDS-GBB-Black-Vorsk-az32407large1.png\" alt=\"\" width=\"1400\" height=\"980\" srcset=\"https:\/\/kingarms.ee\/wp-content\/uploads\/2023\/07\/Hi-Capa-5.1-Split-Slide-BDS-GBB-Black-Vorsk-az32407large1.png 1400w, https:\/\/kingarms.ee\/wp-content\/uploads\/2023\/07\/Hi-Capa-5.1-Split-Slide-BDS-GBB-Black-Vorsk-az32407large1-300x210.png 300w, https:\/\/kingarms.ee\/wp-content\/uploads\/2023\/07\/Hi-Capa-5.1-Split-Slide-BDS-GBB-Black-Vorsk-az32407large1-1024x717.png 1024w, https:\/\/kingarms.ee\/wp-content\/uploads\/2023\/07\/Hi-Capa-5.1-Split-Slide-BDS-GBB-Black-Vorsk-az32407large1-768x538.png 768w, https:\/\/kingarms.ee\/wp-content\/uploads\/2023\/07\/Hi-Capa-5.1-Split-Slide-BDS-GBB-Black-Vorsk-az32407large1-500x350.png 500w, https:\/\/kingarms.ee\/wp-content\/uploads\/2023\/07\/Hi-Capa-5.1-Split-Slide-BDS-GBB-Black-Vorsk-az32407large1-150x105.png 150w\" sizes=\"auto, (max-width: 1400px) 100vw, 1400px\" \/><\/p>\n","protected":false},"excerpt":{"rendered":"<p>Hi-Capa 5.1 Split Slide (Vorsk)<\/p>\n<p>Hop-Up: s\u00e4\u00e4dett\u00e4v\u00e4<br \/>\nLaukaisutapa: puoliautomaattinen<br \/>\nLokeron kapasiteetti: 21 rd<br \/>\nPituus: 240 mm<br \/>\nSis\u00e4putken pituus: 115 mm<br \/>\nKierteen pituus: 14 mm CCW<br \/>\nKaliiperi: 6 mm<br \/>\nPaino: 980 g<\/p>\n","protected":false},"featured_media":79900,"template":"","meta":{"_acf_changed":false},"product_brand":[],"product_cat":[252],"product_tag":[],"class_list":{"0":"post-79913","1":"product","2":"type-product","3":"status-publish","4":"has-post-thumbnail","6":"product_cat-kaasutoimiset-aseet","8":"first","9":"onbackorder","10":"taxable","11":"shipping-taxable","12":"product-type-simple"},"acf":[],"_links":{"self":[{"href":"https:\/\/kingarms.ee\/fi\/wp-json\/wp\/v2\/product\/79913","targetHints":{"allow":["GET"]}}],"collection":[{"href":"https:\/\/kingarms.ee\/fi\/wp-json\/wp\/v2\/product"}],"about":[{"href":"https:\/\/kingarms.ee\/fi\/wp-json\/wp\/v2\/types\/product"}],"wp:featuredmedia":[{"embeddable":true,"href":"https:\/\/kingarms.ee\/fi\/wp-json\/wp\/v2\/media\/79900"}],"wp:attachment":[{"href":"https:\/\/kingarms.ee\/fi\/wp-json\/wp\/v2\/media?parent=79913"}],"wp:term":[{"taxonomy":"product_brand","embeddable":true,"href":"https:\/\/kingarms.ee\/fi\/wp-json\/wp\/v2\/product_brand?post=79913"},{"taxonomy":"product_cat","embeddable":true,"href":"https:\/\/kingarms.ee\/fi\/wp-json\/wp\/v2\/product_cat?post=79913"},{"taxonomy":"product_tag","embeddable":true,"href":"https:\/\/kingarms.ee\/fi\/wp-json\/wp\/v2\/product_tag?post=79913"}],"curies":[{"name":"wp","href":"https:\/\/api.w.org\/{rel}","templated":true}]}}