{"id":80062,"date":"2023-07-07T19:28:55","date_gmt":"2023-07-07T16:29:49","guid":{"rendered":"https:\/\/kingarms.ee\/product\/lampokameramoduuli-alypuhelimeen-hikmicro\/"},"modified":"2024-08-06T17:15:36","modified_gmt":"2024-08-06T14:15:36","slug":"lampokameramoduuli-alypuhelimelle-hikmicro","status":"publish","type":"product","link":"https:\/\/kingarms.ee\/fi\/product\/lampokameramoduuli-alypuhelimelle-hikmicro\/","title":{"rendered":"L\u00e4mp\u00f6kameramoduuli \u00e4lypuhelimeen, HikMicro"},"content":{"rendered":"<p><img loading=\"lazy\" decoding=\"async\" class=\"alignnone size-full wp-image-80057\" src=\"https:\/\/kingarms.ee\/wp-content\/uploads\/2023\/07\/wid-W126148032.jpg\" alt=\"\" width=\"1400\" height=\"1400\" srcset=\"https:\/\/kingarms.ee\/wp-content\/uploads\/2023\/07\/wid-W126148032.jpg 1400w, https:\/\/kingarms.ee\/wp-content\/uploads\/2023\/07\/wid-W126148032-300x300.jpg 300w, https:\/\/kingarms.ee\/wp-content\/uploads\/2023\/07\/wid-W126148032-1024x1024.jpg 1024w, https:\/\/kingarms.ee\/wp-content\/uploads\/2023\/07\/wid-W126148032-150x150.jpg 150w, https:\/\/kingarms.ee\/wp-content\/uploads\/2023\/07\/wid-W126148032-768x768.jpg 768w, https:\/\/kingarms.ee\/wp-content\/uploads\/2023\/07\/wid-W126148032-500x500.jpg 500w\" sizes=\"auto, (max-width: 1400px) 100vw, 1400px\" \/><\/p>\n","protected":false},"excerpt":{"rendered":"<p>L\u00e4mp\u00f6kameramoduuli \u00e4lypuhelimeen, HikMicro<\/p>\n<ul>\n<li>160\u00d7120 resoluutio<\/li>\n<li>NETD &lt; 40 mK (@25\u00b0C), F#=1,0<\/li>\n<li>Tarkkuus \u00b10,5 \u2103 (30 \u00b0C &#8211; 45 \u00b0C) ; \u00b12 \u00b0C (5 \u00b0C &#8211; 30 \u00b0C, 45 \u00b0C &#8211; 100 \u00b0C).<\/li>\n<li>USB Type-C-liit\u00e4nt\u00e4 (Android)<\/li>\n<li>Paino 26g<\/li>\n<li>IP40<\/li>\n<\/ul>\n","protected":false},"featured_media":80059,"template":"","meta":{"_acf_changed":false},"product_brand":[],"product_cat":[510],"product_tag":[],"class_list":{"0":"post-80062","1":"product","2":"type-product","3":"status-publish","4":"has-post-thumbnail","6":"product_cat-lampokamerat","8":"first","9":"instock","10":"taxable","11":"shipping-taxable","12":"purchasable","13":"product-type-simple"},"acf":[],"_links":{"self":[{"href":"https:\/\/kingarms.ee\/fi\/wp-json\/wp\/v2\/product\/80062","targetHints":{"allow":["GET"]}}],"collection":[{"href":"https:\/\/kingarms.ee\/fi\/wp-json\/wp\/v2\/product"}],"about":[{"href":"https:\/\/kingarms.ee\/fi\/wp-json\/wp\/v2\/types\/product"}],"wp:featuredmedia":[{"embeddable":true,"href":"https:\/\/kingarms.ee\/fi\/wp-json\/wp\/v2\/media\/80059"}],"wp:attachment":[{"href":"https:\/\/kingarms.ee\/fi\/wp-json\/wp\/v2\/media?parent=80062"}],"wp:term":[{"taxonomy":"product_brand","embeddable":true,"href":"https:\/\/kingarms.ee\/fi\/wp-json\/wp\/v2\/product_brand?post=80062"},{"taxonomy":"product_cat","embeddable":true,"href":"https:\/\/kingarms.ee\/fi\/wp-json\/wp\/v2\/product_cat?post=80062"},{"taxonomy":"product_tag","embeddable":true,"href":"https:\/\/kingarms.ee\/fi\/wp-json\/wp\/v2\/product_tag?post=80062"}],"curies":[{"name":"wp","href":"https:\/\/api.w.org\/{rel}","templated":true}]}}