{"id":80223,"date":"2023-08-11T12:04:22","date_gmt":"2023-08-11T09:06:27","guid":{"rendered":"https:\/\/kingarms.ee\/product\/crosman-st1\/"},"modified":"2024-08-06T17:14:47","modified_gmt":"2024-08-06T14:14:47","slug":"crosman-st1","status":"publish","type":"product","link":"https:\/\/kingarms.ee\/fi\/product\/crosman-st1\/","title":{"rendered":"Crosman ST1"},"content":{"rendered":"<p><img loading=\"lazy\" decoding=\"async\" class=\"alignnone size-medium wp-image-80205\" src=\"https:\/\/kingarms.ee\/wp-content\/uploads\/2023\/08\/51kbbFIcwOL._AC_SL1500_-300x102.jpg\" alt=\"\" width=\"300\" height=\"102\" srcset=\"https:\/\/kingarms.ee\/wp-content\/uploads\/2023\/08\/51kbbFIcwOL._AC_SL1500_-300x102.jpg 300w, https:\/\/kingarms.ee\/wp-content\/uploads\/2023\/08\/51kbbFIcwOL._AC_SL1500_-1024x349.jpg 1024w, https:\/\/kingarms.ee\/wp-content\/uploads\/2023\/08\/51kbbFIcwOL._AC_SL1500_-768x262.jpg 768w, https:\/\/kingarms.ee\/wp-content\/uploads\/2023\/08\/51kbbFIcwOL._AC_SL1500_-500x170.jpg 500w, https:\/\/kingarms.ee\/wp-content\/uploads\/2023\/08\/51kbbFIcwOL._AC_SL1500_-150x51.jpg 150w, https:\/\/kingarms.ee\/wp-content\/uploads\/2023\/08\/51kbbFIcwOL._AC_SL1500_.jpg 1500w\" sizes=\"auto, (max-width: 300px) 100vw, 300px\" \/><\/p>\n","protected":false},"excerpt":{"rendered":"<p>Crosman ST1<\/p>\n<p>Ilmavoimat ottaa tulevaisuuden teknologiaa Crosman ST 1:ll\u00e4, joka on t\u00e4ysin automaattinen ilmakiv\u00e4\u00e4ri, joka toimii sek\u00e4 kiv\u00e4\u00e4rin ett\u00e4 pistoolin tavoin. Tyylikk\u00e4\u00e4ss\u00e4 ja seksikk\u00e4\u00e4ss\u00e4 ST-1:ss\u00e4 on suurikapasiteettinen lipas, johon mahtuu yli 400 BB:t\u00e4, jotta voit murskata t\u00f6lkkej\u00e4.<\/p>\n<p>K\u00c4SITTELY: kiv\u00e4\u00e4rin ja pistoolin v\u00e4linen holsteri.<br \/>\nLukitse s\u00e4\u00e4dett\u00e4v\u00e4\/poistettava varsi ja piipun jatke, ja sinulla on punapistet\u00e4ht\u00e4imell\u00e4 varustettu kiv\u00e4\u00e4ri, joka on valmis laukaistavaksi pitkill\u00e4 ampumaet\u00e4isyyksill\u00e4. Jos ne otetaan pois, sinulla on t\u00e4ysautomaattinen AR-pistooli valmiina rokenrollia varten.<\/p>\n<p>Putkimateriaali: ter\u00e4s<br \/>\nRungon materiaali: nailonkuitu<br \/>\nKiinnityspurkissa: Picatinny<br \/>\nOptiikka: Punapistet\u00e4ht\u00e4in<br \/>\nPyrst\u00f6n materiaali: nailonkuitu<br \/>\nkaba tyyli: taktinen<\/p>\n","protected":false},"featured_media":87441,"template":"","meta":{"_acf_changed":false},"product_brand":[],"product_cat":[671],"product_tag":[],"class_list":{"0":"post-80223","1":"product","2":"type-product","3":"status-publish","4":"has-post-thumbnail","6":"product_cat-automaattiaseet","8":"first","9":"instock","10":"taxable","11":"shipping-taxable","12":"purchasable","13":"product-type-simple"},"acf":[],"_links":{"self":[{"href":"https:\/\/kingarms.ee\/fi\/wp-json\/wp\/v2\/product\/80223","targetHints":{"allow":["GET"]}}],"collection":[{"href":"https:\/\/kingarms.ee\/fi\/wp-json\/wp\/v2\/product"}],"about":[{"href":"https:\/\/kingarms.ee\/fi\/wp-json\/wp\/v2\/types\/product"}],"wp:featuredmedia":[{"embeddable":true,"href":"https:\/\/kingarms.ee\/fi\/wp-json\/wp\/v2\/media\/87441"}],"wp:attachment":[{"href":"https:\/\/kingarms.ee\/fi\/wp-json\/wp\/v2\/media?parent=80223"}],"wp:term":[{"taxonomy":"product_brand","embeddable":true,"href":"https:\/\/kingarms.ee\/fi\/wp-json\/wp\/v2\/product_brand?post=80223"},{"taxonomy":"product_cat","embeddable":true,"href":"https:\/\/kingarms.ee\/fi\/wp-json\/wp\/v2\/product_cat?post=80223"},{"taxonomy":"product_tag","embeddable":true,"href":"https:\/\/kingarms.ee\/fi\/wp-json\/wp\/v2\/product_tag?post=80223"}],"curies":[{"name":"wp","href":"https:\/\/api.w.org\/{rel}","templated":true}]}}