{"id":80290,"date":"2023-08-17T11:45:27","date_gmt":"2023-08-17T08:47:27","guid":{"rendered":"https:\/\/kingarms.ee\/product\/kp13-co2-kj-toimii\/"},"modified":"2024-08-06T17:14:03","modified_gmt":"2024-08-06T14:14:03","slug":"kp13-co2kj-works","status":"publish","type":"product","link":"https:\/\/kingarms.ee\/fi\/product\/kp13-co2kj-works\/","title":{"rendered":"KP13 co2(KJ WORKS)"},"content":{"rendered":"<p><img loading=\"lazy\" decoding=\"async\" class=\"alignnone size-full wp-image-80273\" src=\"https:\/\/kingarms.ee\/wp-content\/uploads\/2023\/08\/KP-13-Metal-Version-Co2-Black-KJ-Works-az26614large1.png\" alt=\"\" width=\"1400\" height=\"980\" srcset=\"https:\/\/kingarms.ee\/wp-content\/uploads\/2023\/08\/KP-13-Metal-Version-Co2-Black-KJ-Works-az26614large1.png 1400w, https:\/\/kingarms.ee\/wp-content\/uploads\/2023\/08\/KP-13-Metal-Version-Co2-Black-KJ-Works-az26614large1-300x210.png 300w, https:\/\/kingarms.ee\/wp-content\/uploads\/2023\/08\/KP-13-Metal-Version-Co2-Black-KJ-Works-az26614large1-1024x717.png 1024w, https:\/\/kingarms.ee\/wp-content\/uploads\/2023\/08\/KP-13-Metal-Version-Co2-Black-KJ-Works-az26614large1-768x538.png 768w, https:\/\/kingarms.ee\/wp-content\/uploads\/2023\/08\/KP-13-Metal-Version-Co2-Black-KJ-Works-az26614large1-500x350.png 500w, https:\/\/kingarms.ee\/wp-content\/uploads\/2023\/08\/KP-13-Metal-Version-Co2-Black-KJ-Works-az26614large1-150x105.png 150w\" sizes=\"auto, (max-width: 1400px) 100vw, 1400px\" \/><\/p>\n","protected":false},"excerpt":{"rendered":"<p>KP13 co2(KJ WORKS)<\/p>\n<p>Hop-Up: s\u00e4\u00e4dett\u00e4v\u00e4<br \/>\nampumistapa: puoliautomaattinen<br \/>\nSalvokapasiteetti: 24 rd<br \/>\nPituus: 201 mm<br \/>\nSis\u00e4putken pituus: 95 mm<br \/>\nKaliiperi: 6 mm<br \/>\nPaino: 720 g<\/p>\n","protected":false},"featured_media":80275,"template":"","meta":{"_acf_changed":false},"product_brand":[],"product_cat":[252],"product_tag":[],"class_list":{"0":"post-80290","1":"product","2":"type-product","3":"status-publish","4":"has-post-thumbnail","6":"product_cat-kaasutoimiset-aseet","8":"first","9":"onbackorder","10":"taxable","11":"shipping-taxable","12":"product-type-simple"},"acf":[],"_links":{"self":[{"href":"https:\/\/kingarms.ee\/fi\/wp-json\/wp\/v2\/product\/80290","targetHints":{"allow":["GET"]}}],"collection":[{"href":"https:\/\/kingarms.ee\/fi\/wp-json\/wp\/v2\/product"}],"about":[{"href":"https:\/\/kingarms.ee\/fi\/wp-json\/wp\/v2\/types\/product"}],"wp:featuredmedia":[{"embeddable":true,"href":"https:\/\/kingarms.ee\/fi\/wp-json\/wp\/v2\/media\/80275"}],"wp:attachment":[{"href":"https:\/\/kingarms.ee\/fi\/wp-json\/wp\/v2\/media?parent=80290"}],"wp:term":[{"taxonomy":"product_brand","embeddable":true,"href":"https:\/\/kingarms.ee\/fi\/wp-json\/wp\/v2\/product_brand?post=80290"},{"taxonomy":"product_cat","embeddable":true,"href":"https:\/\/kingarms.ee\/fi\/wp-json\/wp\/v2\/product_cat?post=80290"},{"taxonomy":"product_tag","embeddable":true,"href":"https:\/\/kingarms.ee\/fi\/wp-json\/wp\/v2\/product_tag?post=80290"}],"curies":[{"name":"wp","href":"https:\/\/api.w.org\/{rel}","templated":true}]}}