{"id":80303,"date":"2023-08-17T13:16:07","date_gmt":"2023-08-17T10:16:46","guid":{"rendered":"https:\/\/kingarms.ee\/product\/s1-striker-outer-barrel-adapter\/"},"modified":"2024-08-06T17:13:21","modified_gmt":"2024-08-06T14:13:21","slug":"s1-striker-outer-barrel-adapteri","status":"publish","type":"product","link":"https:\/\/kingarms.ee\/fi\/product\/s1-striker-outer-barrel-adapteri\/","title":{"rendered":"S1 Striker Outer Barrel Adapter"},"content":{"rendered":"<p><img loading=\"lazy\" decoding=\"async\" class=\"alignnone size-full wp-image-80294\" src=\"https:\/\/kingarms.ee\/wp-content\/uploads\/2023\/08\/Flashhider-Adapter-for-S1-Striker-Outer-Barrel-Black-Amoeba-az25066large1.png\" alt=\"\" width=\"1400\" height=\"980\" srcset=\"https:\/\/kingarms.ee\/wp-content\/uploads\/2023\/08\/Flashhider-Adapter-for-S1-Striker-Outer-Barrel-Black-Amoeba-az25066large1.png 1400w, https:\/\/kingarms.ee\/wp-content\/uploads\/2023\/08\/Flashhider-Adapter-for-S1-Striker-Outer-Barrel-Black-Amoeba-az25066large1-300x210.png 300w, https:\/\/kingarms.ee\/wp-content\/uploads\/2023\/08\/Flashhider-Adapter-for-S1-Striker-Outer-Barrel-Black-Amoeba-az25066large1-1024x717.png 1024w, https:\/\/kingarms.ee\/wp-content\/uploads\/2023\/08\/Flashhider-Adapter-for-S1-Striker-Outer-Barrel-Black-Amoeba-az25066large1-768x538.png 768w, https:\/\/kingarms.ee\/wp-content\/uploads\/2023\/08\/Flashhider-Adapter-for-S1-Striker-Outer-Barrel-Black-Amoeba-az25066large1-500x350.png 500w, https:\/\/kingarms.ee\/wp-content\/uploads\/2023\/08\/Flashhider-Adapter-for-S1-Striker-Outer-Barrel-Black-Amoeba-az25066large1-150x105.png 150w\" sizes=\"auto, (max-width: 1400px) 100vw, 1400px\" \/><\/p>\n","protected":false},"excerpt":{"rendered":"<p>S1 Striker Outer Barrel Adapter<\/p>\n<p>T\u00e4m\u00e4n sovittimen avulla voit asentaa +14 mm:n \u00e4\u00e4nenvaimentimen Amoeba Striker -kiv\u00e4\u00e4riisi.<\/p>\n","protected":false},"featured_media":80296,"template":"","meta":{"_acf_changed":false},"product_brand":[],"product_cat":[275,276,268],"product_tag":[],"class_list":{"0":"post-80303","1":"product","2":"type-product","3":"status-publish","4":"has-post-thumbnail","6":"product_cat-viritys","7":"product_cat-varaosat","8":"product_cat-muut","10":"first","11":"instock","12":"taxable","13":"shipping-taxable","14":"purchasable","15":"product-type-simple"},"acf":[],"_links":{"self":[{"href":"https:\/\/kingarms.ee\/fi\/wp-json\/wp\/v2\/product\/80303","targetHints":{"allow":["GET"]}}],"collection":[{"href":"https:\/\/kingarms.ee\/fi\/wp-json\/wp\/v2\/product"}],"about":[{"href":"https:\/\/kingarms.ee\/fi\/wp-json\/wp\/v2\/types\/product"}],"wp:featuredmedia":[{"embeddable":true,"href":"https:\/\/kingarms.ee\/fi\/wp-json\/wp\/v2\/media\/80296"}],"wp:attachment":[{"href":"https:\/\/kingarms.ee\/fi\/wp-json\/wp\/v2\/media?parent=80303"}],"wp:term":[{"taxonomy":"product_brand","embeddable":true,"href":"https:\/\/kingarms.ee\/fi\/wp-json\/wp\/v2\/product_brand?post=80303"},{"taxonomy":"product_cat","embeddable":true,"href":"https:\/\/kingarms.ee\/fi\/wp-json\/wp\/v2\/product_cat?post=80303"},{"taxonomy":"product_tag","embeddable":true,"href":"https:\/\/kingarms.ee\/fi\/wp-json\/wp\/v2\/product_tag?post=80303"}],"curies":[{"name":"wp","href":"https:\/\/api.w.org\/{rel}","templated":true}]}}