{"id":80329,"date":"2023-08-17T18:54:54","date_gmt":"2023-08-17T16:00:53","guid":{"rendered":"https:\/\/kingarms.ee\/product\/lipo-11-1v-1300mah-20-40c\/"},"modified":"2024-08-06T17:11:55","modified_gmt":"2024-08-06T14:11:55","slug":"lipo-111v-1300mah-20-40c","status":"publish","type":"product","link":"https:\/\/kingarms.ee\/fi\/product\/lipo-111v-1300mah-20-40c\/","title":{"rendered":"LiPo 11.1V 1300mAh 20\/40C"},"content":{"rendered":"<p><img loading=\"lazy\" decoding=\"async\" class=\"alignnone size-full wp-image-80319\" src=\"https:\/\/kingarms.ee\/wp-content\/uploads\/2023\/08\/eng_pl_LiPo-11-1V-1300mAh-20-40C-Battery-1152219401_1.webp\" alt=\"\" width=\"2000\" height=\"1333\" srcset=\"https:\/\/kingarms.ee\/wp-content\/uploads\/2023\/08\/eng_pl_LiPo-11-1V-1300mAh-20-40C-Battery-1152219401_1.webp 2000w, https:\/\/kingarms.ee\/wp-content\/uploads\/2023\/08\/eng_pl_LiPo-11-1V-1300mAh-20-40C-Battery-1152219401_1-300x200.webp 300w, https:\/\/kingarms.ee\/wp-content\/uploads\/2023\/08\/eng_pl_LiPo-11-1V-1300mAh-20-40C-Battery-1152219401_1-1024x682.webp 1024w, https:\/\/kingarms.ee\/wp-content\/uploads\/2023\/08\/eng_pl_LiPo-11-1V-1300mAh-20-40C-Battery-1152219401_1-768x512.webp 768w, https:\/\/kingarms.ee\/wp-content\/uploads\/2023\/08\/eng_pl_LiPo-11-1V-1300mAh-20-40C-Battery-1152219401_1-1536x1024.webp 1536w, https:\/\/kingarms.ee\/wp-content\/uploads\/2023\/08\/eng_pl_LiPo-11-1V-1300mAh-20-40C-Battery-1152219401_1-500x333.webp 500w, https:\/\/kingarms.ee\/wp-content\/uploads\/2023\/08\/eng_pl_LiPo-11-1V-1300mAh-20-40C-Battery-1152219401_1-150x100.webp 150w\" sizes=\"auto, (max-width: 2000px) 100vw, 2000px\" \/><\/p>\n","protected":false},"excerpt":{"rendered":"<p>LiPo 11.1V 1300mAh 20\/40C<\/p>\n<p>Akun kapasiteetti [mAh]-1300<br \/>\nAkun j\u00e4nnite [V]-11.10<br \/>\nTuotteen paino [g]-180<br \/>\nYtimien m\u00e4\u00e4r\u00e4-3<br \/>\nYdintyyppi-Li-Po<br \/>\nTulpan tyyppi-Tamiya pieni<\/p>\n","protected":false},"featured_media":80321,"template":"","meta":{"_acf_changed":false},"product_brand":[],"product_cat":[653,259],"product_tag":[],"class_list":{"0":"post-80329","1":"product","2":"type-product","3":"status-publish","4":"has-post-thumbnail","6":"product_cat-akut","7":"product_cat-suojavarusteet","9":"first","10":"instock","11":"taxable","12":"shipping-taxable","13":"purchasable","14":"product-type-simple"},"acf":[],"_links":{"self":[{"href":"https:\/\/kingarms.ee\/fi\/wp-json\/wp\/v2\/product\/80329","targetHints":{"allow":["GET"]}}],"collection":[{"href":"https:\/\/kingarms.ee\/fi\/wp-json\/wp\/v2\/product"}],"about":[{"href":"https:\/\/kingarms.ee\/fi\/wp-json\/wp\/v2\/types\/product"}],"wp:featuredmedia":[{"embeddable":true,"href":"https:\/\/kingarms.ee\/fi\/wp-json\/wp\/v2\/media\/80321"}],"wp:attachment":[{"href":"https:\/\/kingarms.ee\/fi\/wp-json\/wp\/v2\/media?parent=80329"}],"wp:term":[{"taxonomy":"product_brand","embeddable":true,"href":"https:\/\/kingarms.ee\/fi\/wp-json\/wp\/v2\/product_brand?post=80329"},{"taxonomy":"product_cat","embeddable":true,"href":"https:\/\/kingarms.ee\/fi\/wp-json\/wp\/v2\/product_cat?post=80329"},{"taxonomy":"product_tag","embeddable":true,"href":"https:\/\/kingarms.ee\/fi\/wp-json\/wp\/v2\/product_tag?post=80329"}],"curies":[{"name":"wp","href":"https:\/\/api.w.org\/{rel}","templated":true}]}}