{"id":80378,"date":"2023-08-26T11:58:48","date_gmt":"2023-08-26T08:59:28","guid":{"rendered":"https:\/\/kingarms.ee\/product\/kahden-aseen-kotelo-82cm\/"},"modified":"2024-08-06T17:11:13","modified_gmt":"2024-08-06T14:11:13","slug":"kaksinkertainen-laukku-82cm","status":"publish","type":"product","link":"https:\/\/kingarms.ee\/fi\/product\/kaksinkertainen-laukku-82cm\/","title":{"rendered":"Kahden aseen kotelo 82cm"},"content":{"rendered":"<p><img loading=\"lazy\" decoding=\"async\" class=\"alignnone size-full wp-image-80357\" src=\"https:\/\/kingarms.ee\/wp-content\/uploads\/2023\/08\/wyposazenie-taktyczne-pokrowce-na-bron-pokrowiec-na-bron-do-dlugosci-82-cm-black-8fields-100091.jpg\" alt=\"\" width=\"640\" height=\"480\" srcset=\"https:\/\/kingarms.ee\/wp-content\/uploads\/2023\/08\/wyposazenie-taktyczne-pokrowce-na-bron-pokrowiec-na-bron-do-dlugosci-82-cm-black-8fields-100091.jpg 640w, https:\/\/kingarms.ee\/wp-content\/uploads\/2023\/08\/wyposazenie-taktyczne-pokrowce-na-bron-pokrowiec-na-bron-do-dlugosci-82-cm-black-8fields-100091-300x225.jpg 300w, https:\/\/kingarms.ee\/wp-content\/uploads\/2023\/08\/wyposazenie-taktyczne-pokrowce-na-bron-pokrowiec-na-bron-do-dlugosci-82-cm-black-8fields-100091-600x450.jpg 600w, https:\/\/kingarms.ee\/wp-content\/uploads\/2023\/08\/wyposazenie-taktyczne-pokrowce-na-bron-pokrowiec-na-bron-do-dlugosci-82-cm-black-8fields-100091-500x375.jpg 500w, https:\/\/kingarms.ee\/wp-content\/uploads\/2023\/08\/wyposazenie-taktyczne-pokrowce-na-bron-pokrowiec-na-bron-do-dlugosci-82-cm-black-8fields-100091-150x113.jpg 150w\" sizes=\"auto, (max-width: 640px) 100vw, 640px\" \/><\/p>\n","protected":false},"excerpt":{"rendered":"<p>Kahden aseen kotelo 82cm<\/p>\n<p>Kaksoispistoolitaskussa on kaksi p\u00e4\u00e4taskua, joista suurempi on 82 cm pitk\u00e4 ja lyhyempi 60 cm pitk\u00e4. Sit\u00e4 voidaan k\u00e4ytt\u00e4\u00e4 my\u00f6s reppuna. Pidemm\u00e4ss\u00e4 taskussa on my\u00f6s holkki, jonka avulla holsteria voi pident\u00e4\u00e4 viel\u00e4 25 cm.<\/p>\n<p>Paino: 1000 g<br \/>\nV\u00e4ri musta<br \/>\nMateriaali: 1000D polyesteri<br \/>\nCamoflage: musta<br \/>\nPituus: 820 mm<br \/>\nLeveys mm: 280<br \/>\nValmistaja: 8FIELDS<\/p>\n","protected":false},"featured_media":80359,"template":"","meta":{"_acf_changed":false},"product_brand":[],"product_cat":[652,645],"product_tag":[],"class_list":{"0":"post-80378","1":"product","2":"type-product","3":"status-publish","4":"has-post-thumbnail","6":"product_cat-laukut-fi","7":"product_cat-laukut","9":"first","10":"onbackorder","11":"taxable","12":"shipping-taxable","13":"product-type-simple"},"acf":[],"_links":{"self":[{"href":"https:\/\/kingarms.ee\/fi\/wp-json\/wp\/v2\/product\/80378","targetHints":{"allow":["GET"]}}],"collection":[{"href":"https:\/\/kingarms.ee\/fi\/wp-json\/wp\/v2\/product"}],"about":[{"href":"https:\/\/kingarms.ee\/fi\/wp-json\/wp\/v2\/types\/product"}],"wp:featuredmedia":[{"embeddable":true,"href":"https:\/\/kingarms.ee\/fi\/wp-json\/wp\/v2\/media\/80359"}],"wp:attachment":[{"href":"https:\/\/kingarms.ee\/fi\/wp-json\/wp\/v2\/media?parent=80378"}],"wp:term":[{"taxonomy":"product_brand","embeddable":true,"href":"https:\/\/kingarms.ee\/fi\/wp-json\/wp\/v2\/product_brand?post=80378"},{"taxonomy":"product_cat","embeddable":true,"href":"https:\/\/kingarms.ee\/fi\/wp-json\/wp\/v2\/product_cat?post=80378"},{"taxonomy":"product_tag","embeddable":true,"href":"https:\/\/kingarms.ee\/fi\/wp-json\/wp\/v2\/product_tag?post=80378"}],"curies":[{"name":"wp","href":"https:\/\/api.w.org\/{rel}","templated":true}]}}