{"id":80430,"date":"2023-08-30T19:22:56","date_gmt":"2023-08-30T16:22:56","guid":{"rendered":"https:\/\/kingarms.ee\/product\/pcp-optima-by-hatsan-at44-10-pcp-optima-by-hatsan-at44-10\/"},"modified":"2024-08-06T17:10:34","modified_gmt":"2024-08-06T14:10:34","slug":"pcp-optima-by-hatsan-at44-10","status":"publish","type":"product","link":"https:\/\/kingarms.ee\/fi\/product\/pcp-optima-by-hatsan-at44-10\/","title":{"rendered":"PCP Optima by Hatsan AT44-10 PCP Optima by Hatsan AT44-10"},"content":{"rendered":"<p><img loading=\"lazy\" decoding=\"async\" class=\"alignnone size-medium wp-image-80424\" src=\"https:\/\/kingarms.ee\/wp-content\/uploads\/2023\/08\/wiatrowka-pcp-optima-by-hatsan-at44-10-long-4-5-mm-e1b913cb50f24fd4a49a36a487741ed7-f152ff3e-300x300.jpg\" alt=\"\" width=\"300\" height=\"300\" srcset=\"https:\/\/kingarms.ee\/wp-content\/uploads\/2023\/08\/wiatrowka-pcp-optima-by-hatsan-at44-10-long-4-5-mm-e1b913cb50f24fd4a49a36a487741ed7-f152ff3e-300x300.jpg 300w, https:\/\/kingarms.ee\/wp-content\/uploads\/2023\/08\/wiatrowka-pcp-optima-by-hatsan-at44-10-long-4-5-mm-e1b913cb50f24fd4a49a36a487741ed7-f152ff3e-150x150.jpg 150w, https:\/\/kingarms.ee\/wp-content\/uploads\/2023\/08\/wiatrowka-pcp-optima-by-hatsan-at44-10-long-4-5-mm-e1b913cb50f24fd4a49a36a487741ed7-f152ff3e-768x768.jpg 768w, https:\/\/kingarms.ee\/wp-content\/uploads\/2023\/08\/wiatrowka-pcp-optima-by-hatsan-at44-10-long-4-5-mm-e1b913cb50f24fd4a49a36a487741ed7-f152ff3e-500x500.jpg 500w, https:\/\/kingarms.ee\/wp-content\/uploads\/2023\/08\/wiatrowka-pcp-optima-by-hatsan-at44-10-long-4-5-mm-e1b913cb50f24fd4a49a36a487741ed7-f152ff3e.jpg 900w\" sizes=\"auto, (max-width: 300px) 100vw, 300px\" \/><\/p>\n","protected":false},"excerpt":{"rendered":"<p>PCP Optima by Hatsan AT44-10 PCP Optima by Hatsan AT44-10<\/p>\n<p>Suosittu pcp-karabiini, jossa on erinomaiset viritysmahdollisuudet.<br \/>\nIlmakiv\u00e4\u00e4ri ampuu tavallisia 4,5 mm:n luoteja.<br \/>\nvaihdettava ter\u00e4spallo, jonka tilavuus on 180 cc<br \/>\nergonominen polymeeripistoolin kahva<br \/>\nsymmetrinen piippu oikea- ja vasenk\u00e4tisille ampujille<br \/>\nkuvioidut paneelit katon reunassa parantavat karabiinin pitoa.<br \/>\npehme\u00e4, korkeuss\u00e4\u00e4dett\u00e4v\u00e4 poskituenta<br \/>\nkorkeuss\u00e4\u00e4dett\u00e4v\u00e4 kuminen olkatuki<br \/>\nalumiinijohto 11\/22 mm:n optisen t\u00e4ht\u00e4imen kiinnitt\u00e4mist\u00e4 varten<br \/>\nuudelleenlastaus kaksoispalkkisen sivuvivun avulla.<br \/>\n\u00bd&#8221; UNF-kierteinen putki \u00e4\u00e4nenvaimentimen asennusta varten<br \/>\nPicatinny-kiskot palkkipalkin kiinnitt\u00e4mist\u00e4 varten<br \/>\n2-vaiheinen Quattro Trigger -liipaisumekanismi, s\u00e4\u00e4dett\u00e4viss\u00e4 kolmella alueella.<br \/>\nAnti-nock System &#8211; suojaa laukauksilta ilmakiv\u00e4\u00e4rin pudotessa alasp\u00e4in<br \/>\nAnti-Double-Pellet Feed -mekanismi &#8211; est\u00e4\u00e4 useamman kuin yhden pelletin lataamisen patruunaan.<br \/>\nmanuaalinen ja automaattinen suojaus kehyksen takaosassa<br \/>\nMukana 2 10-pultillista lokeroa<br \/>\nkiinnityslaitteet valjaiden kiinnitt\u00e4mist\u00e4 varten<br \/>\ntyylik\u00e4s kullattu liipaisin<\/p>\n<p>Kaliiperi &#8211; 4,5 mm<br \/>\nluodin l\u00e4ht\u00f6nopeus &#8211; 355 m\/s.<br \/>\nEnergia &#8211; 36 joulea<br \/>\nPituus &#8211; 1085 mm.<br \/>\nPutken pituus &#8211; 580 mm.<br \/>\nPaino &#8211; 3,7 kg<br \/>\nIlmasylinterin tilavuus &#8211; 230cc<br \/>\nT\u00e4ytt\u00f6paine &#8211; 200 BAR<br \/>\nSalvojen m\u00e4\u00e4r\u00e4 &#8211; 10<br \/>\nLasku per t\u00e4ytt\u00f6 &#8211; 80<\/p>\n","protected":false},"featured_media":80426,"template":"","meta":{"_acf_changed":false},"product_brand":[],"product_cat":[256],"product_tag":[],"class_list":{"0":"post-80430","1":"product","2":"type-product","3":"status-publish","4":"has-post-thumbnail","6":"product_cat-hpa-fi","8":"first","9":"instock","10":"sale","11":"taxable","12":"shipping-taxable","13":"purchasable","14":"product-type-simple"},"acf":[],"_links":{"self":[{"href":"https:\/\/kingarms.ee\/fi\/wp-json\/wp\/v2\/product\/80430","targetHints":{"allow":["GET"]}}],"collection":[{"href":"https:\/\/kingarms.ee\/fi\/wp-json\/wp\/v2\/product"}],"about":[{"href":"https:\/\/kingarms.ee\/fi\/wp-json\/wp\/v2\/types\/product"}],"wp:featuredmedia":[{"embeddable":true,"href":"https:\/\/kingarms.ee\/fi\/wp-json\/wp\/v2\/media\/80426"}],"wp:attachment":[{"href":"https:\/\/kingarms.ee\/fi\/wp-json\/wp\/v2\/media?parent=80430"}],"wp:term":[{"taxonomy":"product_brand","embeddable":true,"href":"https:\/\/kingarms.ee\/fi\/wp-json\/wp\/v2\/product_brand?post=80430"},{"taxonomy":"product_cat","embeddable":true,"href":"https:\/\/kingarms.ee\/fi\/wp-json\/wp\/v2\/product_cat?post=80430"},{"taxonomy":"product_tag","embeddable":true,"href":"https:\/\/kingarms.ee\/fi\/wp-json\/wp\/v2\/product_tag?post=80430"}],"curies":[{"name":"wp","href":"https:\/\/api.w.org\/{rel}","templated":true}]}}