{"id":80561,"date":"2023-09-12T15:51:40","date_gmt":"2023-09-12T12:53:13","guid":{"rendered":"https:\/\/kingarms.ee\/product\/aks74mn-el\/"},"modified":"2024-08-06T17:09:08","modified_gmt":"2024-08-06T14:09:08","slug":"aks74mn-el","status":"publish","type":"product","link":"https:\/\/kingarms.ee\/fi\/product\/aks74mn-el\/","title":{"rendered":"AKS74MN (E&amp;L)"},"content":{"rendered":"<p><img loading=\"lazy\" decoding=\"async\" class=\"alignnone size-medium wp-image-80540\" src=\"https:\/\/kingarms.ee\/wp-content\/uploads\/2023\/09\/EL-A107S-AKS74MN-1-300x169.jpg\" alt=\"\" width=\"300\" height=\"169\" srcset=\"https:\/\/kingarms.ee\/wp-content\/uploads\/2023\/09\/EL-A107S-AKS74MN-1-300x169.jpg 300w, https:\/\/kingarms.ee\/wp-content\/uploads\/2023\/09\/EL-A107S-AKS74MN-1-1024x576.jpg 1024w, https:\/\/kingarms.ee\/wp-content\/uploads\/2023\/09\/EL-A107S-AKS74MN-1-768x432.jpg 768w, https:\/\/kingarms.ee\/wp-content\/uploads\/2023\/09\/EL-A107S-AKS74MN-1-500x281.jpg 500w, https:\/\/kingarms.ee\/wp-content\/uploads\/2023\/09\/EL-A107S-AKS74MN-1-150x84.jpg 150w, https:\/\/kingarms.ee\/wp-content\/uploads\/2023\/09\/EL-A107S-AKS74MN-1.jpg 1365w\" sizes=\"auto, (max-width: 300px) 100vw, 300px\" \/><\/p>\n","protected":false},"excerpt":{"rendered":"<p>AKS74MN (E&amp;L)<\/p>\n<p>AK-kiv\u00e4\u00e4ri E&amp;L:lt\u00e4, joka on yksi markkinoiden parhaista Kalashnikov-merkeist\u00e4, jossa on metallirunko ja vahvistetut polymeeriosat (kahva ja k\u00e4sisuojus), t\u00e4m\u00e4 uusi Essential-sarja s\u00e4ilytt\u00e4\u00e4 saman laadun rungossa ja sis\u00e4osissa. N\u00e4m\u00e4 ovat yksinkertaisempia ja tarjoavat halvempia mutta laadukkaita kopioita.<br \/>\nTuotemerkki: E&amp;L<br \/>\nMalli: A107S<br \/>\nTyyppi: AEG<br \/>\nV\u00e4ri musta<br \/>\nMateriaali: metalli ja vahvistettu polymeeri<br \/>\nMosfet: Ei<br \/>\nRebound: ei<br \/>\nElektroninen laukaisin: ei<br \/>\nSalvokapasiteetti: 120 bbs<br \/>\nPaino: 3290 g<br \/>\nKokonaispituus: 760mm &#8211; 950mm<br \/>\nPutken pituus: 210 mm<br \/>\nPelastusj\u00e4rjestelm\u00e4: puoli- ja t\u00e4ysautomaattinen<br \/>\nBB-tyyppi: 6 mm<br \/>\nKuvausnopeus: 320-360 kuvaa sekunnissa<\/p>\n","protected":false},"featured_media":87453,"template":"","meta":{"_acf_changed":false},"product_brand":[],"product_cat":[251],"product_tag":[],"class_list":{"0":"post-80561","1":"product","2":"type-product","3":"status-publish","4":"has-post-thumbnail","6":"product_cat-sahkoaseet","8":"first","9":"onbackorder","10":"taxable","11":"shipping-taxable","12":"product-type-simple"},"acf":[],"_links":{"self":[{"href":"https:\/\/kingarms.ee\/fi\/wp-json\/wp\/v2\/product\/80561","targetHints":{"allow":["GET"]}}],"collection":[{"href":"https:\/\/kingarms.ee\/fi\/wp-json\/wp\/v2\/product"}],"about":[{"href":"https:\/\/kingarms.ee\/fi\/wp-json\/wp\/v2\/types\/product"}],"wp:featuredmedia":[{"embeddable":true,"href":"https:\/\/kingarms.ee\/fi\/wp-json\/wp\/v2\/media\/87453"}],"wp:attachment":[{"href":"https:\/\/kingarms.ee\/fi\/wp-json\/wp\/v2\/media?parent=80561"}],"wp:term":[{"taxonomy":"product_brand","embeddable":true,"href":"https:\/\/kingarms.ee\/fi\/wp-json\/wp\/v2\/product_brand?post=80561"},{"taxonomy":"product_cat","embeddable":true,"href":"https:\/\/kingarms.ee\/fi\/wp-json\/wp\/v2\/product_cat?post=80561"},{"taxonomy":"product_tag","embeddable":true,"href":"https:\/\/kingarms.ee\/fi\/wp-json\/wp\/v2\/product_tag?post=80561"}],"curies":[{"name":"wp","href":"https:\/\/api.w.org\/{rel}","templated":true}]}}