{"id":80587,"date":"2023-09-12T17:22:48","date_gmt":"2023-09-12T14:23:49","guid":{"rendered":"https:\/\/kingarms.ee\/product\/ask204p-taktinen-laskuvesi\/"},"modified":"2024-08-06T17:08:22","modified_gmt":"2024-08-06T14:08:22","slug":"ask204p-taktinen-ebb","status":"publish","type":"product","link":"https:\/\/kingarms.ee\/fi\/product\/ask204p-taktinen-ebb\/","title":{"rendered":"ASK204P TAKTINEN LASKUVESI"},"content":{"rendered":"<p><img loading=\"lazy\" decoding=\"async\" class=\"alignnone size-medium wp-image-80581\" src=\"https:\/\/kingarms.ee\/wp-content\/uploads\/2023\/09\/EL-A107S-AKS74MN-3-1-300x173.jpg\" alt=\"\" width=\"300\" height=\"173\" srcset=\"https:\/\/kingarms.ee\/wp-content\/uploads\/2023\/09\/EL-A107S-AKS74MN-3-1-300x173.jpg 300w, https:\/\/kingarms.ee\/wp-content\/uploads\/2023\/09\/EL-A107S-AKS74MN-3-1-1024x591.jpg 1024w, https:\/\/kingarms.ee\/wp-content\/uploads\/2023\/09\/EL-A107S-AKS74MN-3-1-768x443.jpg 768w, https:\/\/kingarms.ee\/wp-content\/uploads\/2023\/09\/EL-A107S-AKS74MN-3-1-500x288.jpg 500w, https:\/\/kingarms.ee\/wp-content\/uploads\/2023\/09\/EL-A107S-AKS74MN-3-1-150x87.jpg 150w, https:\/\/kingarms.ee\/wp-content\/uploads\/2023\/09\/EL-A107S-AKS74MN-3-1.jpg 1300w\" sizes=\"auto, (max-width: 300px) 100vw, 300px\" \/><\/p>\n","protected":false},"excerpt":{"rendered":"<p>ASK204P TACTICAL EBB APS:lta<br \/>\nvaihteisto v.3 HYBRiD SILVER pikavaihtojousij\u00e4rjestelm\u00e4ll\u00e4 (100% yhteensopiva TM-osien kanssa).<br \/>\njousi 120 m\/s<br \/>\nkorroosiosuojattu, kiillotettu ja kiillotettu vaihteisto<br \/>\nter\u00e4ksiset hammaspy\u00f6r\u00e4t<br \/>\n8mm ter\u00e4s liukulaakeri<br \/>\nlaakeroitu m\u00e4nn\u00e4np\u00e4\u00e4<br \/>\nsylinterityyppi, jossa on 1 reik\u00e4<br \/>\nsuljettu alumiinisuutin<br \/>\njousiohjaimessa on 4 lukitusjalkaa 2:n sijasta, mik\u00e4 lis\u00e4\u00e4 turvallisuutta laukaisun aikana.<br \/>\ns\u00e4hk\u00f6isku<\/p>\n","protected":false},"featured_media":87509,"template":"","meta":{"_acf_changed":false},"product_brand":[],"product_cat":[251],"product_tag":[],"class_list":{"0":"post-80587","1":"product","2":"type-product","3":"status-publish","4":"has-post-thumbnail","6":"product_cat-sahkoaseet","8":"first","9":"onbackorder","10":"sale","11":"taxable","12":"shipping-taxable","13":"product-type-simple"},"acf":[],"_links":{"self":[{"href":"https:\/\/kingarms.ee\/fi\/wp-json\/wp\/v2\/product\/80587","targetHints":{"allow":["GET"]}}],"collection":[{"href":"https:\/\/kingarms.ee\/fi\/wp-json\/wp\/v2\/product"}],"about":[{"href":"https:\/\/kingarms.ee\/fi\/wp-json\/wp\/v2\/types\/product"}],"wp:featuredmedia":[{"embeddable":true,"href":"https:\/\/kingarms.ee\/fi\/wp-json\/wp\/v2\/media\/87509"}],"wp:attachment":[{"href":"https:\/\/kingarms.ee\/fi\/wp-json\/wp\/v2\/media?parent=80587"}],"wp:term":[{"taxonomy":"product_brand","embeddable":true,"href":"https:\/\/kingarms.ee\/fi\/wp-json\/wp\/v2\/product_brand?post=80587"},{"taxonomy":"product_cat","embeddable":true,"href":"https:\/\/kingarms.ee\/fi\/wp-json\/wp\/v2\/product_cat?post=80587"},{"taxonomy":"product_tag","embeddable":true,"href":"https:\/\/kingarms.ee\/fi\/wp-json\/wp\/v2\/product_tag?post=80587"}],"curies":[{"name":"wp","href":"https:\/\/api.w.org\/{rel}","templated":true}]}}