{"id":80615,"date":"2023-09-13T11:24:44","date_gmt":"2023-09-13T08:26:03","guid":{"rendered":"https:\/\/kingarms.ee\/product\/vz58m-middle\/"},"modified":"2024-08-06T17:07:38","modified_gmt":"2024-08-06T14:07:38","slug":"vz58m-middle","status":"publish","type":"product","link":"https:\/\/kingarms.ee\/fi\/product\/vz58m-middle\/","title":{"rendered":"VZ58M MIDDLE"},"content":{"rendered":"<p><img loading=\"lazy\" decoding=\"async\" class=\"alignnone size-medium wp-image-80610\" src=\"https:\/\/kingarms.ee\/wp-content\/uploads\/2023\/09\/ares-electric-rifle-vz58-middle-version-ar-vz58mm-300x300.jpg\" alt=\"\" width=\"300\" height=\"300\" srcset=\"https:\/\/kingarms.ee\/wp-content\/uploads\/2023\/09\/ares-electric-rifle-vz58-middle-version-ar-vz58mm-300x300.jpg 300w, https:\/\/kingarms.ee\/wp-content\/uploads\/2023\/09\/ares-electric-rifle-vz58-middle-version-ar-vz58mm-150x150.jpg 150w, https:\/\/kingarms.ee\/wp-content\/uploads\/2023\/09\/ares-electric-rifle-vz58-middle-version-ar-vz58mm-500x500.jpg 500w, https:\/\/kingarms.ee\/wp-content\/uploads\/2023\/09\/ares-electric-rifle-vz58-middle-version-ar-vz58mm.jpg 600w\" sizes=\"auto, (max-width: 300px) 100vw, 300px\" \/><\/p>\n","protected":false},"excerpt":{"rendered":"<p>VZ58M KESKELL\u00c4 ARES<\/p>\n<p>T\u00dcP: AEG<br \/>\nMATERIAALI: metalli + nailonkuitu<br \/>\nPITUUS: 45-830 mm (VZ58M-002)<br \/>\nPaino: 3100g<br \/>\nFIRE: Ohjelmoitava<br \/>\nSALVAGE: 300 patruunaa (6 mm:n BB)<br \/>\nHOP-UP: s\u00e4\u00e4dett\u00e4v\u00e4<br \/>\nVaihteistotyyppi: VZ58-vaihteisto (EFCS).<br \/>\nPUHDISTUSLAATIKON MATERIAALI: metalli.<br \/>\nMOOTTORI: suuri v\u00e4\u00e4nt\u00f6momentti moottori<br \/>\nROAD VARYING TIMING SYSTEM (RVTSTM) : Kyll\u00e4.<br \/>\nPUTKIRUNKOTYYPPI: 14CCW<\/p>\n","protected":false},"featured_media":80612,"template":"","meta":{"_acf_changed":false},"product_brand":[],"product_cat":[251],"product_tag":[],"class_list":{"0":"post-80615","1":"product","2":"type-product","3":"status-publish","4":"has-post-thumbnail","6":"product_cat-sahkoaseet","8":"first","9":"instock","10":"sale","11":"taxable","12":"shipping-taxable","13":"purchasable","14":"product-type-simple"},"acf":[],"_links":{"self":[{"href":"https:\/\/kingarms.ee\/fi\/wp-json\/wp\/v2\/product\/80615","targetHints":{"allow":["GET"]}}],"collection":[{"href":"https:\/\/kingarms.ee\/fi\/wp-json\/wp\/v2\/product"}],"about":[{"href":"https:\/\/kingarms.ee\/fi\/wp-json\/wp\/v2\/types\/product"}],"wp:featuredmedia":[{"embeddable":true,"href":"https:\/\/kingarms.ee\/fi\/wp-json\/wp\/v2\/media\/80612"}],"wp:attachment":[{"href":"https:\/\/kingarms.ee\/fi\/wp-json\/wp\/v2\/media?parent=80615"}],"wp:term":[{"taxonomy":"product_brand","embeddable":true,"href":"https:\/\/kingarms.ee\/fi\/wp-json\/wp\/v2\/product_brand?post=80615"},{"taxonomy":"product_cat","embeddable":true,"href":"https:\/\/kingarms.ee\/fi\/wp-json\/wp\/v2\/product_cat?post=80615"},{"taxonomy":"product_tag","embeddable":true,"href":"https:\/\/kingarms.ee\/fi\/wp-json\/wp\/v2\/product_tag?post=80615"}],"curies":[{"name":"wp","href":"https:\/\/api.w.org\/{rel}","templated":true}]}}