{"id":80684,"date":"2023-09-15T18:56:17","date_gmt":"2023-09-15T15:56:17","guid":{"rendered":"https:\/\/kingarms.ee\/product\/starttipistooli-blow-c75-9mm\/"},"modified":"2024-08-08T12:34:59","modified_gmt":"2024-08-08T09:34:59","slug":"stardipustol-puhallus-c75-9mm","status":"publish","type":"product","link":"https:\/\/kingarms.ee\/fi\/product\/stardipustol-puhallus-c75-9mm\/","title":{"rendered":"Starttipistooli BLOW C75 9mm"},"content":{"rendered":"<p><img loading=\"lazy\" decoding=\"async\" class=\"alignnone size-medium wp-image-80679\" src=\"https:\/\/kingarms.ee\/wp-content\/uploads\/2023\/09\/5-31-300x300.jpg\" alt=\"\" width=\"300\" height=\"300\" srcset=\"https:\/\/kingarms.ee\/wp-content\/uploads\/2023\/09\/5-31-300x300.jpg 300w, https:\/\/kingarms.ee\/wp-content\/uploads\/2023\/09\/5-31-150x150.jpg 150w, https:\/\/kingarms.ee\/wp-content\/uploads\/2023\/09\/5-31-500x500.jpg 500w, https:\/\/kingarms.ee\/wp-content\/uploads\/2023\/09\/5-31.jpg 709w\" sizes=\"auto, (max-width: 300px) 100vw, 300px\" \/><\/p>\n","protected":false},"excerpt":{"rendered":"<p>Starttipistooli BLOW C75 9mm<\/p>\n<p>BLOW C75 9mm on puoliautomaattinen pistooli. Blow C75 -starttipistoolin runko on valmistettu polymeerist\u00e4. T\u00e4ss\u00e4 9 mm:n kaliiperin pistoolissa on lipas, jonka kapasiteetti on 17+1 patruunaa.<\/p>\n","protected":false},"featured_media":152542,"template":"","meta":{"_acf_changed":false},"product_brand":[],"product_cat":[254],"product_tag":[],"class_list":{"0":"post-80684","1":"product","2":"type-product","3":"status-publish","4":"has-post-thumbnail","6":"product_cat-kaynnistys-pistoolit","8":"first","9":"instock","10":"taxable","11":"shipping-taxable","12":"purchasable","13":"product-type-simple"},"acf":[],"_links":{"self":[{"href":"https:\/\/kingarms.ee\/fi\/wp-json\/wp\/v2\/product\/80684","targetHints":{"allow":["GET"]}}],"collection":[{"href":"https:\/\/kingarms.ee\/fi\/wp-json\/wp\/v2\/product"}],"about":[{"href":"https:\/\/kingarms.ee\/fi\/wp-json\/wp\/v2\/types\/product"}],"wp:featuredmedia":[{"embeddable":true,"href":"https:\/\/kingarms.ee\/fi\/wp-json\/wp\/v2\/media\/152542"}],"wp:attachment":[{"href":"https:\/\/kingarms.ee\/fi\/wp-json\/wp\/v2\/media?parent=80684"}],"wp:term":[{"taxonomy":"product_brand","embeddable":true,"href":"https:\/\/kingarms.ee\/fi\/wp-json\/wp\/v2\/product_brand?post=80684"},{"taxonomy":"product_cat","embeddable":true,"href":"https:\/\/kingarms.ee\/fi\/wp-json\/wp\/v2\/product_cat?post=80684"},{"taxonomy":"product_tag","embeddable":true,"href":"https:\/\/kingarms.ee\/fi\/wp-json\/wp\/v2\/product_tag?post=80684"}],"curies":[{"name":"wp","href":"https:\/\/api.w.org\/{rel}","templated":true}]}}