{"id":80718,"date":"2023-09-16T10:19:00","date_gmt":"2023-09-16T07:19:00","guid":{"rendered":"https:\/\/kingarms.ee\/product\/retay-84fs-aloituspistooli\/"},"modified":"2024-08-06T17:04:04","modified_gmt":"2024-08-06T14:04:04","slug":"stardipustol-retay-84fs","status":"publish","type":"product","link":"https:\/\/kingarms.ee\/fi\/product\/stardipustol-retay-84fs\/","title":{"rendered":"Retay 84FS aloituspistooli"},"content":{"rendered":"<p><img loading=\"lazy\" decoding=\"async\" class=\"alignnone size-full wp-image-80712\" src=\"https:\/\/kingarms.ee\/wp-content\/uploads\/2023\/09\/retay_84-fs_Black_P630100B.png\" alt=\"\" width=\"1500\" height=\"979\" srcset=\"https:\/\/kingarms.ee\/wp-content\/uploads\/2023\/09\/retay_84-fs_Black_P630100B.png 1500w, https:\/\/kingarms.ee\/wp-content\/uploads\/2023\/09\/retay_84-fs_Black_P630100B-300x196.png 300w, https:\/\/kingarms.ee\/wp-content\/uploads\/2023\/09\/retay_84-fs_Black_P630100B-1024x668.png 1024w, https:\/\/kingarms.ee\/wp-content\/uploads\/2023\/09\/retay_84-fs_Black_P630100B-768x501.png 768w, https:\/\/kingarms.ee\/wp-content\/uploads\/2023\/09\/retay_84-fs_Black_P630100B-500x326.png 500w, https:\/\/kingarms.ee\/wp-content\/uploads\/2023\/09\/retay_84-fs_Black_P630100B-150x98.png 150w\" sizes=\"auto, (max-width: 1500px) 100vw, 1500px\" \/><\/p>\n","protected":false},"excerpt":{"rendered":"<p>Retay 84FS aloituspistooli<\/p>\n<p>T\u00e4m\u00e4 starttipistooli sopii t\u00e4ydellisesti turvalliseen harjoitteluun, re-enactmentteihin, kuvaamiseen ja koirien kouluttamiseen. Monet sotilas- ja poliisiorganisaatiot k\u00e4ytt\u00e4v\u00e4t sit\u00e4 koulutukseen realistisissa harjoitusskenaarioissa. 84FS tuottaa saman \u00e4\u00e4nen, savun ja liekin kuin alkuper\u00e4inen.<\/p>\n<p>Kaliiperi 9mm P.A.K.<br \/>\nSalveMaht 9+1<br \/>\nVapautus: kaksitoiminen<\/p>\n","protected":false},"featured_media":152638,"template":"","meta":{"_acf_changed":false},"product_brand":[],"product_cat":[254],"product_tag":[],"class_list":{"0":"post-80718","1":"product","2":"type-product","3":"status-publish","4":"has-post-thumbnail","6":"product_cat-kaynnistys-pistoolit","8":"first","9":"instock","10":"taxable","11":"shipping-taxable","12":"purchasable","13":"product-type-simple"},"acf":[],"_links":{"self":[{"href":"https:\/\/kingarms.ee\/fi\/wp-json\/wp\/v2\/product\/80718","targetHints":{"allow":["GET"]}}],"collection":[{"href":"https:\/\/kingarms.ee\/fi\/wp-json\/wp\/v2\/product"}],"about":[{"href":"https:\/\/kingarms.ee\/fi\/wp-json\/wp\/v2\/types\/product"}],"wp:featuredmedia":[{"embeddable":true,"href":"https:\/\/kingarms.ee\/fi\/wp-json\/wp\/v2\/media\/152638"}],"wp:attachment":[{"href":"https:\/\/kingarms.ee\/fi\/wp-json\/wp\/v2\/media?parent=80718"}],"wp:term":[{"taxonomy":"product_brand","embeddable":true,"href":"https:\/\/kingarms.ee\/fi\/wp-json\/wp\/v2\/product_brand?post=80718"},{"taxonomy":"product_cat","embeddable":true,"href":"https:\/\/kingarms.ee\/fi\/wp-json\/wp\/v2\/product_cat?post=80718"},{"taxonomy":"product_tag","embeddable":true,"href":"https:\/\/kingarms.ee\/fi\/wp-json\/wp\/v2\/product_tag?post=80718"}],"curies":[{"name":"wp","href":"https:\/\/api.w.org\/{rel}","templated":true}]}}