{"id":80739,"date":"2023-09-16T10:27:30","date_gmt":"2023-09-16T07:27:30","guid":{"rendered":"https:\/\/kingarms.ee\/product\/retay-g17-musta-starttipistooli\/"},"modified":"2024-08-06T17:02:35","modified_gmt":"2024-08-06T14:02:35","slug":"stardipustol-retay-g17-musta","status":"publish","type":"product","link":"https:\/\/kingarms.ee\/fi\/product\/stardipustol-retay-g17-musta\/","title":{"rendered":"Retay G17 Musta starttipistooli"},"content":{"rendered":"<p><img loading=\"lazy\" decoding=\"async\" class=\"alignnone size-full wp-image-80734\" src=\"https:\/\/kingarms.ee\/wp-content\/uploads\/2023\/09\/retay_G17_Black_X314209B.webp\" alt=\"\" width=\"1200\" height=\"1200\" srcset=\"https:\/\/kingarms.ee\/wp-content\/uploads\/2023\/09\/retay_G17_Black_X314209B.webp 1200w, https:\/\/kingarms.ee\/wp-content\/uploads\/2023\/09\/retay_G17_Black_X314209B-300x300.webp 300w, https:\/\/kingarms.ee\/wp-content\/uploads\/2023\/09\/retay_G17_Black_X314209B-1024x1024.webp 1024w, https:\/\/kingarms.ee\/wp-content\/uploads\/2023\/09\/retay_G17_Black_X314209B-150x150.webp 150w, https:\/\/kingarms.ee\/wp-content\/uploads\/2023\/09\/retay_G17_Black_X314209B-768x768.webp 768w, https:\/\/kingarms.ee\/wp-content\/uploads\/2023\/09\/retay_G17_Black_X314209B-500x500.webp 500w\" sizes=\"auto, (max-width: 1200px) 100vw, 1200px\" \/><\/p>\n","protected":false},"excerpt":{"rendered":"<p>Retay G17 Musta starttipistooli<\/p>\n<p>Retay G17 on kopio maailmankuulusta Glock 17 -puoliautomaattipistoolista. Alkuper\u00e4isen mallin tavoin Retay G17:ss\u00e4 on polymeerirunko ja ergonominen muotoilu. Asennus- ja purkamisprosessi on eritt\u00e4in yksinkertainen, joten aseet voidaan puhdistaa ja voidella vaivattomasti.<\/p>\n<p>Kaliiperi 9 mm PAK<br \/>\nSalvemaht 14+1<\/p>\n","protected":false},"featured_media":152530,"template":"","meta":{"_acf_changed":false},"product_brand":[],"product_cat":[254],"product_tag":[],"class_list":{"0":"post-80739","1":"product","2":"type-product","3":"status-publish","4":"has-post-thumbnail","6":"product_cat-kaynnistys-pistoolit","8":"first","9":"instock","10":"taxable","11":"shipping-taxable","12":"purchasable","13":"product-type-simple"},"acf":[],"_links":{"self":[{"href":"https:\/\/kingarms.ee\/fi\/wp-json\/wp\/v2\/product\/80739","targetHints":{"allow":["GET"]}}],"collection":[{"href":"https:\/\/kingarms.ee\/fi\/wp-json\/wp\/v2\/product"}],"about":[{"href":"https:\/\/kingarms.ee\/fi\/wp-json\/wp\/v2\/types\/product"}],"wp:featuredmedia":[{"embeddable":true,"href":"https:\/\/kingarms.ee\/fi\/wp-json\/wp\/v2\/media\/152530"}],"wp:attachment":[{"href":"https:\/\/kingarms.ee\/fi\/wp-json\/wp\/v2\/media?parent=80739"}],"wp:term":[{"taxonomy":"product_brand","embeddable":true,"href":"https:\/\/kingarms.ee\/fi\/wp-json\/wp\/v2\/product_brand?post=80739"},{"taxonomy":"product_cat","embeddable":true,"href":"https:\/\/kingarms.ee\/fi\/wp-json\/wp\/v2\/product_cat?post=80739"},{"taxonomy":"product_tag","embeddable":true,"href":"https:\/\/kingarms.ee\/fi\/wp-json\/wp\/v2\/product_tag?post=80739"}],"curies":[{"name":"wp","href":"https:\/\/api.w.org\/{rel}","templated":true}]}}