{"id":80784,"date":"2023-09-20T14:46:49","date_gmt":"2023-09-20T11:48:08","guid":{"rendered":"https:\/\/kingarms.ee\/product\/m4-cqbares\/"},"modified":"2024-08-06T17:01:07","modified_gmt":"2024-08-06T14:01:07","slug":"m4-cqbares","status":"publish","type":"product","link":"https:\/\/kingarms.ee\/fi\/product\/m4-cqbares\/","title":{"rendered":"M4 CQB(ARES)"},"content":{"rendered":"<p><img loading=\"lazy\" decoding=\"async\" class=\"alignnone size-medium wp-image-80779\" src=\"https:\/\/kingarms.ee\/wp-content\/uploads\/2023\/09\/ares-electric-rifle-m4-cqb-black-ar-044-300x300.jpg\" alt=\"\" width=\"300\" height=\"300\" srcset=\"https:\/\/kingarms.ee\/wp-content\/uploads\/2023\/09\/ares-electric-rifle-m4-cqb-black-ar-044-300x300.jpg 300w, https:\/\/kingarms.ee\/wp-content\/uploads\/2023\/09\/ares-electric-rifle-m4-cqb-black-ar-044-150x150.jpg 150w, https:\/\/kingarms.ee\/wp-content\/uploads\/2023\/09\/ares-electric-rifle-m4-cqb-black-ar-044-768x768.jpg 768w, https:\/\/kingarms.ee\/wp-content\/uploads\/2023\/09\/ares-electric-rifle-m4-cqb-black-ar-044-500x500.jpg 500w, https:\/\/kingarms.ee\/wp-content\/uploads\/2023\/09\/ares-electric-rifle-m4-cqb-black-ar-044.jpg 1000w\" sizes=\"auto, (max-width: 300px) 100vw, 300px\" \/><\/p>\n","protected":false},"excerpt":{"rendered":"<p>M4 cqb(ares)<\/p>\n<p>S\u00e4hk\u00f6kiv\u00e4\u00e4ri m4 cqb musta<br \/>\nMetallkere<br \/>\nSalv hi-cap 300 patruunaa<br \/>\nPystykahva<br \/>\nSis\u00e4\u00e4nvedett\u00e4v\u00e4t t\u00e4ht\u00e4imet<br \/>\nS\u00e4\u00e4dett\u00e4v\u00e4 kara<br \/>\nLaukaisutila: turvallinen, puoliautomaattinen ja t\u00e4ysautomaattinen tila.<br \/>\nPituus 710mm &#8211; 790mm<br \/>\nCal 3100g<br \/>\nAkku ja laturi eiv\u00e4t sis\u00e4lly toimitukseen<\/p>\n","protected":false},"featured_media":80780,"template":"","meta":{"_acf_changed":false},"product_brand":[],"product_cat":[251],"product_tag":[],"class_list":{"0":"post-80784","1":"product","2":"type-product","3":"status-publish","4":"has-post-thumbnail","6":"product_cat-sahkoaseet","8":"first","9":"instock","10":"sale","11":"taxable","12":"shipping-taxable","13":"purchasable","14":"product-type-simple"},"acf":[],"_links":{"self":[{"href":"https:\/\/kingarms.ee\/fi\/wp-json\/wp\/v2\/product\/80784","targetHints":{"allow":["GET"]}}],"collection":[{"href":"https:\/\/kingarms.ee\/fi\/wp-json\/wp\/v2\/product"}],"about":[{"href":"https:\/\/kingarms.ee\/fi\/wp-json\/wp\/v2\/types\/product"}],"wp:featuredmedia":[{"embeddable":true,"href":"https:\/\/kingarms.ee\/fi\/wp-json\/wp\/v2\/media\/80780"}],"wp:attachment":[{"href":"https:\/\/kingarms.ee\/fi\/wp-json\/wp\/v2\/media?parent=80784"}],"wp:term":[{"taxonomy":"product_brand","embeddable":true,"href":"https:\/\/kingarms.ee\/fi\/wp-json\/wp\/v2\/product_brand?post=80784"},{"taxonomy":"product_cat","embeddable":true,"href":"https:\/\/kingarms.ee\/fi\/wp-json\/wp\/v2\/product_cat?post=80784"},{"taxonomy":"product_tag","embeddable":true,"href":"https:\/\/kingarms.ee\/fi\/wp-json\/wp\/v2\/product_tag?post=80784"}],"curies":[{"name":"wp","href":"https:\/\/api.w.org\/{rel}","templated":true}]}}