{"id":81259,"date":"2023-10-04T11:44:04","date_gmt":"2023-10-04T08:45:27","guid":{"rendered":"https:\/\/kingarms.ee\/product\/aim-o-flip-dot\/"},"modified":"2024-08-06T16:56:08","modified_gmt":"2024-08-06T13:56:08","slug":"aim-o-flip-dot","status":"publish","type":"product","link":"https:\/\/kingarms.ee\/fi\/product\/aim-o-flip-dot\/","title":{"rendered":"AIM-O FLIP DOT"},"content":{"rendered":"<p><img loading=\"lazy\" decoding=\"async\" class=\"alignnone size-medium wp-image-81254\" src=\"https:\/\/kingarms.ee\/wp-content\/uploads\/2023\/10\/aim-o-flip-dot-reflex-sight-black-ao6008-b-300x300.jpg\" alt=\"\" width=\"300\" height=\"300\" srcset=\"https:\/\/kingarms.ee\/wp-content\/uploads\/2023\/10\/aim-o-flip-dot-reflex-sight-black-ao6008-b-300x300.jpg 300w, https:\/\/kingarms.ee\/wp-content\/uploads\/2023\/10\/aim-o-flip-dot-reflex-sight-black-ao6008-b-150x150.jpg 150w, https:\/\/kingarms.ee\/wp-content\/uploads\/2023\/10\/aim-o-flip-dot-reflex-sight-black-ao6008-b-768x768.jpg 768w, https:\/\/kingarms.ee\/wp-content\/uploads\/2023\/10\/aim-o-flip-dot-reflex-sight-black-ao6008-b-500x500.jpg 500w, https:\/\/kingarms.ee\/wp-content\/uploads\/2023\/10\/aim-o-flip-dot-reflex-sight-black-ao6008-b.jpg 1000w\" sizes=\"auto, (max-width: 300px) 100vw, 300px\" \/><\/p>\n","protected":false},"excerpt":{"rendered":"<p>AIM-O FLIP DOT<\/p>\n<p>Sis\u00e4\u00e4nvedett\u00e4v\u00e4 punak\u00e4rkinen sfinksi<br \/>\nObjektiivi voidaan ty\u00f6nt\u00e4\u00e4 alas kuten tavallinen liuku-taitto-objektiivi.<br \/>\nS\u00e4\u00e4dett\u00e4v\u00e4 kirkkaus<br \/>\nT\u00e4ysmetallinen runko (alumiini)<br \/>\nTuulen ja korkeuden s\u00e4\u00e4t\u00f6<br \/>\nAsennus tavalliseen 20 mm:n picatinny-kiskoon<br \/>\nMukana suojahattu<br \/>\nMitat 55mm 32mm 43mm (28mm saranoidulla linssill\u00e4)<br \/>\nPaino 60g<br \/>\nVirtal\u00e4hde 1x CR2032 paristo (EI SIS\u00c4LLY).<br \/>\nMUSTA V\u00c4RI<\/p>\n","protected":false},"featured_media":81255,"template":"","meta":{"_acf_changed":false},"product_brand":[],"product_cat":[649],"product_tag":[],"class_list":{"0":"post-81259","1":"product","2":"type-product","3":"status-publish","4":"has-post-thumbnail","6":"product_cat-ottelut","8":"first","9":"instock","10":"taxable","11":"shipping-taxable","12":"purchasable","13":"product-type-simple"},"acf":[],"_links":{"self":[{"href":"https:\/\/kingarms.ee\/fi\/wp-json\/wp\/v2\/product\/81259","targetHints":{"allow":["GET"]}}],"collection":[{"href":"https:\/\/kingarms.ee\/fi\/wp-json\/wp\/v2\/product"}],"about":[{"href":"https:\/\/kingarms.ee\/fi\/wp-json\/wp\/v2\/types\/product"}],"wp:featuredmedia":[{"embeddable":true,"href":"https:\/\/kingarms.ee\/fi\/wp-json\/wp\/v2\/media\/81255"}],"wp:attachment":[{"href":"https:\/\/kingarms.ee\/fi\/wp-json\/wp\/v2\/media?parent=81259"}],"wp:term":[{"taxonomy":"product_brand","embeddable":true,"href":"https:\/\/kingarms.ee\/fi\/wp-json\/wp\/v2\/product_brand?post=81259"},{"taxonomy":"product_cat","embeddable":true,"href":"https:\/\/kingarms.ee\/fi\/wp-json\/wp\/v2\/product_cat?post=81259"},{"taxonomy":"product_tag","embeddable":true,"href":"https:\/\/kingarms.ee\/fi\/wp-json\/wp\/v2\/product_tag?post=81259"}],"curies":[{"name":"wp","href":"https:\/\/api.w.org\/{rel}","templated":true}]}}