{"id":81283,"date":"2023-10-04T12:49:44","date_gmt":"2023-10-04T09:50:18","guid":{"rendered":"https:\/\/kingarms.ee\/product\/js-tactical-3x-suurennuslasi\/"},"modified":"2024-08-06T16:54:41","modified_gmt":"2024-08-06T13:54:41","slug":"js-tactical-3x-magnitudi","status":"publish","type":"product","link":"https:\/\/kingarms.ee\/fi\/product\/js-tactical-3x-magnitudi\/","title":{"rendered":"Js-tactical 3x suurennuslasi"},"content":{"rendered":"<p><img loading=\"lazy\" decoding=\"async\" class=\"alignnone size-medium wp-image-81278\" src=\"https:\/\/kingarms.ee\/wp-content\/uploads\/2023\/10\/js-tactical-3x-magnifier-for-red-dot-black-js-utech-300x300.jpg\" alt=\"\" width=\"300\" height=\"300\" srcset=\"https:\/\/kingarms.ee\/wp-content\/uploads\/2023\/10\/js-tactical-3x-magnifier-for-red-dot-black-js-utech-300x300.jpg 300w, https:\/\/kingarms.ee\/wp-content\/uploads\/2023\/10\/js-tactical-3x-magnifier-for-red-dot-black-js-utech-150x150.jpg 150w, https:\/\/kingarms.ee\/wp-content\/uploads\/2023\/10\/js-tactical-3x-magnifier-for-red-dot-black-js-utech-768x768.jpg 768w, https:\/\/kingarms.ee\/wp-content\/uploads\/2023\/10\/js-tactical-3x-magnifier-for-red-dot-black-js-utech-500x500.jpg 500w, https:\/\/kingarms.ee\/wp-content\/uploads\/2023\/10\/js-tactical-3x-magnifier-for-red-dot-black-js-utech.jpg 1000w\" sizes=\"auto, (max-width: 300px) 100vw, 300px\" \/><\/p>\n","protected":false},"excerpt":{"rendered":"<p>Js-tactical 3x suurennuslasi<\/p>\n<p>3X suurennos<br \/>\nAlumiinirunko<br \/>\nPutken halkaisija 34mm<br \/>\nK\u00e4ytett\u00e4v\u00e4ksi punapisteen edess\u00e4<br \/>\nSis\u00e4\u00e4nvedett\u00e4v\u00e4t p\u00e4\u00e4tykannet<br \/>\nPituus 35mm<br \/>\nPaino 210g<br \/>\nMUSTA V\u00c4RI<\/p>\n","protected":false},"featured_media":87825,"template":"","meta":{"_acf_changed":false},"product_brand":[],"product_cat":[649],"product_tag":[],"class_list":{"0":"post-81283","1":"product","2":"type-product","3":"status-publish","4":"has-post-thumbnail","6":"product_cat-ottelut","8":"first","9":"instock","10":"taxable","11":"shipping-taxable","12":"purchasable","13":"product-type-simple"},"acf":[],"_links":{"self":[{"href":"https:\/\/kingarms.ee\/fi\/wp-json\/wp\/v2\/product\/81283","targetHints":{"allow":["GET"]}}],"collection":[{"href":"https:\/\/kingarms.ee\/fi\/wp-json\/wp\/v2\/product"}],"about":[{"href":"https:\/\/kingarms.ee\/fi\/wp-json\/wp\/v2\/types\/product"}],"wp:featuredmedia":[{"embeddable":true,"href":"https:\/\/kingarms.ee\/fi\/wp-json\/wp\/v2\/media\/87825"}],"wp:attachment":[{"href":"https:\/\/kingarms.ee\/fi\/wp-json\/wp\/v2\/media?parent=81283"}],"wp:term":[{"taxonomy":"product_brand","embeddable":true,"href":"https:\/\/kingarms.ee\/fi\/wp-json\/wp\/v2\/product_brand?post=81283"},{"taxonomy":"product_cat","embeddable":true,"href":"https:\/\/kingarms.ee\/fi\/wp-json\/wp\/v2\/product_cat?post=81283"},{"taxonomy":"product_tag","embeddable":true,"href":"https:\/\/kingarms.ee\/fi\/wp-json\/wp\/v2\/product_tag?post=81283"}],"curies":[{"name":"wp","href":"https:\/\/api.w.org\/{rel}","templated":true}]}}