{"id":81303,"date":"2023-10-04T12:57:13","date_gmt":"2023-10-04T10:00:59","guid":{"rendered":"https:\/\/kingarms.ee\/product\/js-tactical-3x-suurennuslasi\/"},"modified":"2024-08-06T16:54:03","modified_gmt":"2024-08-06T13:54:03","slug":"js-tactical-3x-magnifi-2","status":"publish","type":"product","link":"https:\/\/kingarms.ee\/fi\/product\/js-tactical-3x-magnifi-2\/","title":{"rendered":"Js-Tactical 3X suurennuslasi"},"content":{"rendered":"<p><img loading=\"lazy\" decoding=\"async\" class=\"alignnone size-medium wp-image-81297\" src=\"https:\/\/kingarms.ee\/wp-content\/uploads\/2023\/10\/js-tactical-3x-magnifier-for-red-dot-js-zb3x-300x300.jpg\" alt=\"\" width=\"300\" height=\"300\" srcset=\"https:\/\/kingarms.ee\/wp-content\/uploads\/2023\/10\/js-tactical-3x-magnifier-for-red-dot-js-zb3x-300x300.jpg 300w, https:\/\/kingarms.ee\/wp-content\/uploads\/2023\/10\/js-tactical-3x-magnifier-for-red-dot-js-zb3x-150x150.jpg 150w, https:\/\/kingarms.ee\/wp-content\/uploads\/2023\/10\/js-tactical-3x-magnifier-for-red-dot-js-zb3x-768x768.jpg 768w, https:\/\/kingarms.ee\/wp-content\/uploads\/2023\/10\/js-tactical-3x-magnifier-for-red-dot-js-zb3x-500x500.jpg 500w, https:\/\/kingarms.ee\/wp-content\/uploads\/2023\/10\/js-tactical-3x-magnifier-for-red-dot-js-zb3x.jpg 1000w\" sizes=\"auto, (max-width: 300px) 100vw, 300px\" \/><\/p>\n","protected":false},"excerpt":{"rendered":"<p>Js-Tactical 3X suurennuslasi<\/p>\n<p>kiinte\u00e4 suurennus 3X<br \/>\n30 mm objektiivi<br \/>\nT\u00e4ysmetallinen runko<br \/>\nAsennus 20 mm:n standardikiskoon, jossa on pikalukitus ja sivuttaispainike.<br \/>\nTaitettavat linssinsuojukset<br \/>\nPituus 135mm<br \/>\nPaino370g<\/p>\n<p>VOIDAAN K\u00c4YTT\u00c4\u00c4 MY\u00d6S KANNETTAVANA MONOKULAARINA<\/p>\n","protected":false},"featured_media":81299,"template":"","meta":{"_acf_changed":false},"product_brand":[],"product_cat":[751,649],"product_tag":[],"class_list":{"0":"post-81303","1":"product","2":"type-product","3":"status-publish","4":"has-post-thumbnail","6":"product_cat-monokeli","7":"product_cat-ottelut","9":"first","10":"instock","11":"taxable","12":"shipping-taxable","13":"purchasable","14":"product-type-simple"},"acf":[],"_links":{"self":[{"href":"https:\/\/kingarms.ee\/fi\/wp-json\/wp\/v2\/product\/81303","targetHints":{"allow":["GET"]}}],"collection":[{"href":"https:\/\/kingarms.ee\/fi\/wp-json\/wp\/v2\/product"}],"about":[{"href":"https:\/\/kingarms.ee\/fi\/wp-json\/wp\/v2\/types\/product"}],"wp:featuredmedia":[{"embeddable":true,"href":"https:\/\/kingarms.ee\/fi\/wp-json\/wp\/v2\/media\/81299"}],"wp:attachment":[{"href":"https:\/\/kingarms.ee\/fi\/wp-json\/wp\/v2\/media?parent=81303"}],"wp:term":[{"taxonomy":"product_brand","embeddable":true,"href":"https:\/\/kingarms.ee\/fi\/wp-json\/wp\/v2\/product_brand?post=81303"},{"taxonomy":"product_cat","embeddable":true,"href":"https:\/\/kingarms.ee\/fi\/wp-json\/wp\/v2\/product_cat?post=81303"},{"taxonomy":"product_tag","embeddable":true,"href":"https:\/\/kingarms.ee\/fi\/wp-json\/wp\/v2\/product_tag?post=81303"}],"curies":[{"name":"wp","href":"https:\/\/api.w.org\/{rel}","templated":true}]}}