{"id":81316,"date":"2023-10-04T13:40:15","date_gmt":"2023-10-04T10:40:51","guid":{"rendered":"https:\/\/kingarms.ee\/product\/borner-pm-x\/"},"modified":"2024-08-06T16:53:17","modified_gmt":"2024-08-06T13:53:17","slug":"borner-pm-x","status":"publish","type":"product","link":"https:\/\/kingarms.ee\/fi\/product\/borner-pm-x\/","title":{"rendered":"Borner PM-X"},"content":{"rendered":"<p><img loading=\"lazy\" decoding=\"async\" class=\"alignnone size-medium wp-image-81312\" src=\"https:\/\/kingarms.ee\/wp-content\/uploads\/2023\/10\/pnevmaticheskiy-pistolet-borner-pm-x-3-300x250.jpg\" alt=\"\" width=\"300\" height=\"250\" srcset=\"https:\/\/kingarms.ee\/wp-content\/uploads\/2023\/10\/pnevmaticheskiy-pistolet-borner-pm-x-3-300x250.jpg 300w, https:\/\/kingarms.ee\/wp-content\/uploads\/2023\/10\/pnevmaticheskiy-pistolet-borner-pm-x-3-1024x853.jpg 1024w, https:\/\/kingarms.ee\/wp-content\/uploads\/2023\/10\/pnevmaticheskiy-pistolet-borner-pm-x-3-768x640.jpg 768w, https:\/\/kingarms.ee\/wp-content\/uploads\/2023\/10\/pnevmaticheskiy-pistolet-borner-pm-x-3-1536x1280.jpg 1536w, https:\/\/kingarms.ee\/wp-content\/uploads\/2023\/10\/pnevmaticheskiy-pistolet-borner-pm-x-3-500x417.jpg 500w, https:\/\/kingarms.ee\/wp-content\/uploads\/2023\/10\/pnevmaticheskiy-pistolet-borner-pm-x-3-150x125.jpg 150w, https:\/\/kingarms.ee\/wp-content\/uploads\/2023\/10\/pnevmaticheskiy-pistolet-borner-pm-x-3.jpg 1920w\" sizes=\"auto, (max-width: 300px) 100vw, 300px\" \/><\/p>\n","protected":false},"excerpt":{"rendered":"<p>Borner PM-X<\/p>\n<p>Borner PM-X on kopio kuuluisasta Makarovista. Polymeerirungon ansiosta ilmapistooli on todella kevyt. Sis\u00e4osat on valmistettu metallista kest\u00e4vyyden lis\u00e4\u00e4miseksi. Sile\u00e4piippuinen piippu on suunniteltu ampumaan 0,177 kaliiperin (4,5 mm) ter\u00e4spatruunoita. Lippaaseen mahtuu 16 laukausta. T\u00e4m\u00e4n mallin voimanl\u00e4hteen\u00e4 on yksi 12 g CO2-kapseli, joka on s\u00e4ilytetty kahvan sis\u00e4ll\u00e4. K\u00e4sisuoja sijaitsee vasaran l\u00e4hell\u00e4.<\/p>\n","protected":false},"featured_media":81313,"template":"","meta":{"_acf_changed":false},"product_brand":[],"product_cat":[672],"product_tag":[],"class_list":{"0":"post-81316","1":"product","2":"type-product","3":"status-publish","4":"has-post-thumbnail","6":"product_cat-pienaseet","8":"first","9":"instock","10":"taxable","11":"shipping-taxable","12":"purchasable","13":"product-type-simple"},"acf":[],"_links":{"self":[{"href":"https:\/\/kingarms.ee\/fi\/wp-json\/wp\/v2\/product\/81316","targetHints":{"allow":["GET"]}}],"collection":[{"href":"https:\/\/kingarms.ee\/fi\/wp-json\/wp\/v2\/product"}],"about":[{"href":"https:\/\/kingarms.ee\/fi\/wp-json\/wp\/v2\/types\/product"}],"wp:featuredmedia":[{"embeddable":true,"href":"https:\/\/kingarms.ee\/fi\/wp-json\/wp\/v2\/media\/81313"}],"wp:attachment":[{"href":"https:\/\/kingarms.ee\/fi\/wp-json\/wp\/v2\/media?parent=81316"}],"wp:term":[{"taxonomy":"product_brand","embeddable":true,"href":"https:\/\/kingarms.ee\/fi\/wp-json\/wp\/v2\/product_brand?post=81316"},{"taxonomy":"product_cat","embeddable":true,"href":"https:\/\/kingarms.ee\/fi\/wp-json\/wp\/v2\/product_cat?post=81316"},{"taxonomy":"product_tag","embeddable":true,"href":"https:\/\/kingarms.ee\/fi\/wp-json\/wp\/v2\/product_tag?post=81316"}],"curies":[{"name":"wp","href":"https:\/\/api.w.org\/{rel}","templated":true}]}}