{"id":81326,"date":"2023-10-04T13:49:41","date_gmt":"2023-10-04T10:49:41","guid":{"rendered":"https:\/\/kingarms.ee\/product\/starttipistooli-mini-9isku\/"},"modified":"2026-04-07T11:46:27","modified_gmt":"2026-04-07T08:46:27","slug":"stardipustol-mini-9puhallus","status":"publish","type":"product","link":"https:\/\/kingarms.ee\/fi\/product\/stardipustol-mini-9puhallus\/","title":{"rendered":"Starttipistooli Mini 9 (Blow)"},"content":{"rendered":"<p><img loading=\"lazy\" decoding=\"async\" class=\"alignnone size-medium wp-image-81321\" src=\"https:\/\/kingarms.ee\/wp-content\/uploads\/2023\/10\/b74090ad-0fab-11eb-8f9b-00155dc1232d_b74090ae-0fab-11eb-8f9b-00155dc1232d-2-300x300.webp\" alt=\"\" width=\"300\" height=\"300\" srcset=\"https:\/\/kingarms.ee\/wp-content\/uploads\/2023\/10\/b74090ad-0fab-11eb-8f9b-00155dc1232d_b74090ae-0fab-11eb-8f9b-00155dc1232d-2-300x300.webp 300w, https:\/\/kingarms.ee\/wp-content\/uploads\/2023\/10\/b74090ad-0fab-11eb-8f9b-00155dc1232d_b74090ae-0fab-11eb-8f9b-00155dc1232d-2-150x150.webp 150w, https:\/\/kingarms.ee\/wp-content\/uploads\/2023\/10\/b74090ad-0fab-11eb-8f9b-00155dc1232d_b74090ae-0fab-11eb-8f9b-00155dc1232d-2-500x500.webp 500w, https:\/\/kingarms.ee\/wp-content\/uploads\/2023\/10\/b74090ad-0fab-11eb-8f9b-00155dc1232d_b74090ae-0fab-11eb-8f9b-00155dc1232d-2.webp 700w\" sizes=\"auto, (max-width: 300px) 100vw, 300px\" \/><\/p>\n","protected":false},"excerpt":{"rendered":"<p>Starttipistooli Mini 9(Blow)<\/p>\n<p>Blow Mini 9 on 9 mm:n P.A.K. kaliiperin pienoispistooli. T\u00e4ss\u00e4 mattakromisessa mallissa on mustat polymeerikahvat. Yksitt\u00e4ispinoiseen lippaaseen mahtuu 5 patruunaa, ja lippaasta irrottaminen onnistuu vain painamalla kahvan alapuolella olevaa vipua. Suojus sijaitsee rungon vasemmalla puolella, suoraan liipaisimen takana. Sen kompakti koko ja keveys tekev\u00e4t t\u00e4st\u00e4 mallista erinomaisen valinnan k\u00e4tkettyn\u00e4 kantamiseen.<\/p>\n<p>&nbsp;<\/p>\n<p>\u2705 Takuu ja huolto sis\u00e4ltyv\u00e4t hintaan 3 vuotta!<\/p>\n","protected":false},"featured_media":152572,"template":"","meta":{"_acf_changed":false},"product_brand":[],"product_cat":[254],"product_tag":[],"class_list":{"0":"post-81326","1":"product","2":"type-product","3":"status-publish","4":"has-post-thumbnail","6":"product_cat-kaynnistys-pistoolit","8":"first","9":"instock","10":"taxable","11":"shipping-taxable","12":"purchasable","13":"product-type-simple"},"acf":[],"_links":{"self":[{"href":"https:\/\/kingarms.ee\/fi\/wp-json\/wp\/v2\/product\/81326","targetHints":{"allow":["GET"]}}],"collection":[{"href":"https:\/\/kingarms.ee\/fi\/wp-json\/wp\/v2\/product"}],"about":[{"href":"https:\/\/kingarms.ee\/fi\/wp-json\/wp\/v2\/types\/product"}],"wp:featuredmedia":[{"embeddable":true,"href":"https:\/\/kingarms.ee\/fi\/wp-json\/wp\/v2\/media\/152572"}],"wp:attachment":[{"href":"https:\/\/kingarms.ee\/fi\/wp-json\/wp\/v2\/media?parent=81326"}],"wp:term":[{"taxonomy":"product_brand","embeddable":true,"href":"https:\/\/kingarms.ee\/fi\/wp-json\/wp\/v2\/product_brand?post=81326"},{"taxonomy":"product_cat","embeddable":true,"href":"https:\/\/kingarms.ee\/fi\/wp-json\/wp\/v2\/product_cat?post=81326"},{"taxonomy":"product_tag","embeddable":true,"href":"https:\/\/kingarms.ee\/fi\/wp-json\/wp\/v2\/product_tag?post=81326"}],"curies":[{"name":"wp","href":"https:\/\/api.w.org\/{rel}","templated":true}]}}