{"id":81338,"date":"2023-10-04T13:55:57","date_gmt":"2023-10-04T10:58:05","guid":{"rendered":"https:\/\/kingarms.ee\/product\/kaynnistyspistooli-tr34isku\/"},"modified":"2024-08-06T16:51:51","modified_gmt":"2024-08-06T13:51:51","slug":"stardipustol-tr34blow","status":"publish","type":"product","link":"https:\/\/kingarms.ee\/fi\/product\/stardipustol-tr34blow\/","title":{"rendered":"K\u00e4ynnistyspistooli TR34(Blow)"},"content":{"rendered":"<p><img loading=\"lazy\" decoding=\"async\" class=\"alignnone size-medium wp-image-81333\" src=\"https:\/\/kingarms.ee\/wp-content\/uploads\/2023\/10\/a7c295f6-8ca2-11eb-8fa0-00155dc1232d_a7c295f7-8ca2-11eb-8fa0-00155dc1232d-300x242.webp\" alt=\"\" width=\"300\" height=\"242\" srcset=\"https:\/\/kingarms.ee\/wp-content\/uploads\/2023\/10\/a7c295f6-8ca2-11eb-8fa0-00155dc1232d_a7c295f7-8ca2-11eb-8fa0-00155dc1232d-300x242.webp 300w, https:\/\/kingarms.ee\/wp-content\/uploads\/2023\/10\/a7c295f6-8ca2-11eb-8fa0-00155dc1232d_a7c295f7-8ca2-11eb-8fa0-00155dc1232d-1024x826.webp 1024w, https:\/\/kingarms.ee\/wp-content\/uploads\/2023\/10\/a7c295f6-8ca2-11eb-8fa0-00155dc1232d_a7c295f7-8ca2-11eb-8fa0-00155dc1232d-768x620.webp 768w, https:\/\/kingarms.ee\/wp-content\/uploads\/2023\/10\/a7c295f6-8ca2-11eb-8fa0-00155dc1232d_a7c295f7-8ca2-11eb-8fa0-00155dc1232d-500x403.webp 500w, https:\/\/kingarms.ee\/wp-content\/uploads\/2023\/10\/a7c295f6-8ca2-11eb-8fa0-00155dc1232d_a7c295f7-8ca2-11eb-8fa0-00155dc1232d-150x121.webp 150w, https:\/\/kingarms.ee\/wp-content\/uploads\/2023\/10\/a7c295f6-8ca2-11eb-8fa0-00155dc1232d_a7c295f7-8ca2-11eb-8fa0-00155dc1232d.webp 1269w\" sizes=\"auto, (max-width: 300px) 100vw, 300px\" \/><\/p>\n","protected":false},"excerpt":{"rendered":"<p>K\u00e4ynnistyspistooli TR34(Blow)<\/p>\n<p>Ergonomisesti muotoiltu kahva takaa mukavan ja turvallisen k\u00e4sittelyn. Yhdess\u00e4 pinossa voidaan ladata enint\u00e4\u00e4n seitsem\u00e4n 9 mm:n P.A.K.-patruunaa. Voit poistaa lippaan vain painamalla kahvassa olevaa lippaan vapautuspainiketta.<\/p>\n","protected":false},"featured_media":81336,"template":"","meta":{"_acf_changed":false},"product_brand":[],"product_cat":[934],"product_tag":[],"class_list":{"0":"post-81338","1":"product","2":"type-product","3":"status-publish","4":"has-post-thumbnail","6":"product_cat-kaytettyja-tuotteita","8":"first","9":"instock","10":"taxable","11":"shipping-taxable","12":"purchasable","13":"product-type-simple"},"acf":[],"_links":{"self":[{"href":"https:\/\/kingarms.ee\/fi\/wp-json\/wp\/v2\/product\/81338","targetHints":{"allow":["GET"]}}],"collection":[{"href":"https:\/\/kingarms.ee\/fi\/wp-json\/wp\/v2\/product"}],"about":[{"href":"https:\/\/kingarms.ee\/fi\/wp-json\/wp\/v2\/types\/product"}],"wp:featuredmedia":[{"embeddable":true,"href":"https:\/\/kingarms.ee\/fi\/wp-json\/wp\/v2\/media\/81336"}],"wp:attachment":[{"href":"https:\/\/kingarms.ee\/fi\/wp-json\/wp\/v2\/media?parent=81338"}],"wp:term":[{"taxonomy":"product_brand","embeddable":true,"href":"https:\/\/kingarms.ee\/fi\/wp-json\/wp\/v2\/product_brand?post=81338"},{"taxonomy":"product_cat","embeddable":true,"href":"https:\/\/kingarms.ee\/fi\/wp-json\/wp\/v2\/product_cat?post=81338"},{"taxonomy":"product_tag","embeddable":true,"href":"https:\/\/kingarms.ee\/fi\/wp-json\/wp\/v2\/product_tag?post=81338"}],"curies":[{"name":"wp","href":"https:\/\/api.w.org\/{rel}","templated":true}]}}