{"id":81348,"date":"2023-10-04T14:04:30","date_gmt":"2023-10-04T11:04:30","guid":{"rendered":"https:\/\/kingarms.ee\/product\/kaynnistyspistooli-tr34-fumeblow\/"},"modified":"2025-11-10T09:21:05","modified_gmt":"2025-11-10T06:21:05","slug":"stardipustol-tr34-fumeblow","status":"publish","type":"product","link":"https:\/\/kingarms.ee\/fi\/product\/stardipustol-tr34-fumeblow\/","title":{"rendered":"K\u00e4ynnistyspistooli tr34 Fume(blow)"},"content":{"rendered":"<p><img loading=\"lazy\" decoding=\"async\" class=\"alignnone size-medium wp-image-81344\" src=\"https:\/\/kingarms.ee\/wp-content\/uploads\/2023\/10\/fume-300x274.png\" alt=\"\" width=\"300\" height=\"274\" srcset=\"https:\/\/kingarms.ee\/wp-content\/uploads\/2023\/10\/fume-300x274.png 300w, https:\/\/kingarms.ee\/wp-content\/uploads\/2023\/10\/fume-1024x934.png 1024w, https:\/\/kingarms.ee\/wp-content\/uploads\/2023\/10\/fume-768x700.png 768w, https:\/\/kingarms.ee\/wp-content\/uploads\/2023\/10\/fume-1536x1401.png 1536w, https:\/\/kingarms.ee\/wp-content\/uploads\/2023\/10\/fume-2048x1868.png 2048w, https:\/\/kingarms.ee\/wp-content\/uploads\/2023\/10\/fume-500x456.png 500w, https:\/\/kingarms.ee\/wp-content\/uploads\/2023\/10\/fume-150x137.png 150w\" sizes=\"auto, (max-width: 300px) 100vw, 300px\" \/><\/p>\n","protected":false},"excerpt":{"rendered":"<p>K\u00e4ynnistyspistooli tr34 Fume(blow)<\/p>\n<p>Ergonomisesti muotoiltu kahva takaa mukavan ja turvallisen k\u00e4sittelyn. Yhdess\u00e4 pinossa voidaan ladata enint\u00e4\u00e4n seitsem\u00e4n 9 mm:n P.A.K.-patruunaa. Voit poistaa lippaan vain painamalla kahvassa olevaa lippaan vapautuspainiketta.<\/p>\n","protected":false},"featured_media":152620,"template":"","meta":{"_acf_changed":false},"product_brand":[],"product_cat":[254],"product_tag":[],"class_list":{"0":"post-81348","1":"product","2":"type-product","3":"status-publish","4":"has-post-thumbnail","6":"product_cat-kaynnistys-pistoolit","8":"first","9":"instock","10":"taxable","11":"shipping-taxable","12":"purchasable","13":"product-type-simple"},"acf":[],"_links":{"self":[{"href":"https:\/\/kingarms.ee\/fi\/wp-json\/wp\/v2\/product\/81348","targetHints":{"allow":["GET"]}}],"collection":[{"href":"https:\/\/kingarms.ee\/fi\/wp-json\/wp\/v2\/product"}],"about":[{"href":"https:\/\/kingarms.ee\/fi\/wp-json\/wp\/v2\/types\/product"}],"wp:featuredmedia":[{"embeddable":true,"href":"https:\/\/kingarms.ee\/fi\/wp-json\/wp\/v2\/media\/152620"}],"wp:attachment":[{"href":"https:\/\/kingarms.ee\/fi\/wp-json\/wp\/v2\/media?parent=81348"}],"wp:term":[{"taxonomy":"product_brand","embeddable":true,"href":"https:\/\/kingarms.ee\/fi\/wp-json\/wp\/v2\/product_brand?post=81348"},{"taxonomy":"product_cat","embeddable":true,"href":"https:\/\/kingarms.ee\/fi\/wp-json\/wp\/v2\/product_cat?post=81348"},{"taxonomy":"product_tag","embeddable":true,"href":"https:\/\/kingarms.ee\/fi\/wp-json\/wp\/v2\/product_tag?post=81348"}],"curies":[{"name":"wp","href":"https:\/\/api.w.org\/{rel}","templated":true}]}}