{"id":81357,"date":"2023-10-04T14:09:22","date_gmt":"2023-10-04T11:09:51","guid":{"rendered":"https:\/\/kingarms.ee\/product\/stardipistol-xtremeretay\/"},"modified":"2024-08-06T16:50:24","modified_gmt":"2024-08-06T13:50:24","slug":"stardipustol-extremeretay","status":"publish","type":"product","link":"https:\/\/kingarms.ee\/fi\/product\/stardipustol-extremeretay\/","title":{"rendered":"Stardipistol Xtreme(Retay)"},"content":{"rendered":"<p><img loading=\"lazy\" decoding=\"async\" class=\"alignnone size-medium wp-image-81352\" src=\"https:\/\/kingarms.ee\/wp-content\/uploads\/2023\/10\/28012000_2020_A-300x300.jpg\" alt=\"\" width=\"300\" height=\"300\" srcset=\"https:\/\/kingarms.ee\/wp-content\/uploads\/2023\/10\/28012000_2020_A-300x300.jpg 300w, https:\/\/kingarms.ee\/wp-content\/uploads\/2023\/10\/28012000_2020_A-1024x1024.jpg 1024w, https:\/\/kingarms.ee\/wp-content\/uploads\/2023\/10\/28012000_2020_A-150x150.jpg 150w, https:\/\/kingarms.ee\/wp-content\/uploads\/2023\/10\/28012000_2020_A-768x768.jpg 768w, https:\/\/kingarms.ee\/wp-content\/uploads\/2023\/10\/28012000_2020_A-1536x1536.jpg 1536w, https:\/\/kingarms.ee\/wp-content\/uploads\/2023\/10\/28012000_2020_A-500x500.jpg 500w, https:\/\/kingarms.ee\/wp-content\/uploads\/2023\/10\/28012000_2020_A.jpg 1600w\" sizes=\"auto, (max-width: 300px) 100vw, 300px\" \/><\/p>\n","protected":false},"excerpt":{"rendered":"<p>Stardipistol Xtreme(Retay)<\/p>\n<p>Retay XTREME -aloituspistoolissa on ainutlaatuinen taktinen kokoonpano, joka antaa pistoolille aggressiivisen ja modernin ilmeen. X TOUCH -teknologian ansiosta pistoolista saa aina t\u00e4ydellisen otteen. XTREME on kaksitoiminen pistooli, jossa on pehme\u00e4 toiminta, realistinen paino ja tuntuma. XTREME toistaa saman \u00e4\u00e4nen, savun ja liekit kuin alkuper\u00e4inen.<\/p>\n","protected":false},"featured_media":81355,"template":"","meta":{"_acf_changed":false},"product_brand":[],"product_cat":[934],"product_tag":[],"class_list":{"0":"post-81357","1":"product","2":"type-product","3":"status-publish","4":"has-post-thumbnail","6":"product_cat-kaytettyja-tuotteita","8":"first","9":"instock","10":"taxable","11":"shipping-taxable","12":"purchasable","13":"product-type-simple"},"acf":[],"_links":{"self":[{"href":"https:\/\/kingarms.ee\/fi\/wp-json\/wp\/v2\/product\/81357","targetHints":{"allow":["GET"]}}],"collection":[{"href":"https:\/\/kingarms.ee\/fi\/wp-json\/wp\/v2\/product"}],"about":[{"href":"https:\/\/kingarms.ee\/fi\/wp-json\/wp\/v2\/types\/product"}],"wp:featuredmedia":[{"embeddable":true,"href":"https:\/\/kingarms.ee\/fi\/wp-json\/wp\/v2\/media\/81355"}],"wp:attachment":[{"href":"https:\/\/kingarms.ee\/fi\/wp-json\/wp\/v2\/media?parent=81357"}],"wp:term":[{"taxonomy":"product_brand","embeddable":true,"href":"https:\/\/kingarms.ee\/fi\/wp-json\/wp\/v2\/product_brand?post=81357"},{"taxonomy":"product_cat","embeddable":true,"href":"https:\/\/kingarms.ee\/fi\/wp-json\/wp\/v2\/product_cat?post=81357"},{"taxonomy":"product_tag","embeddable":true,"href":"https:\/\/kingarms.ee\/fi\/wp-json\/wp\/v2\/product_tag?post=81357"}],"curies":[{"name":"wp","href":"https:\/\/api.w.org\/{rel}","templated":true}]}}