{"id":81366,"date":"2023-10-04T14:14:42","date_gmt":"2023-10-04T11:14:42","guid":{"rendered":"https:\/\/kingarms.ee\/product\/stardipistooli-mod-92retay\/"},"modified":"2025-02-17T03:36:30","modified_gmt":"2025-02-17T00:36:30","slug":"stardipustol-mod-92retay","status":"publish","type":"product","link":"https:\/\/kingarms.ee\/fi\/product\/stardipustol-mod-92retay\/","title":{"rendered":"Stardipistooli Mod 92(Retay)"},"content":{"rendered":"<p><img loading=\"lazy\" decoding=\"async\" class=\"alignnone size-medium wp-image-81361\" src=\"https:\/\/kingarms.ee\/wp-content\/uploads\/2023\/10\/2f2daf63-3967-11e8-8487-001e67ad91cb_2ad5e63a-559f-11eb-8f9e-00155dc1232d-300x300.webp\" alt=\"\" width=\"300\" height=\"300\" srcset=\"https:\/\/kingarms.ee\/wp-content\/uploads\/2023\/10\/2f2daf63-3967-11e8-8487-001e67ad91cb_2ad5e63a-559f-11eb-8f9e-00155dc1232d-300x300.webp 300w, https:\/\/kingarms.ee\/wp-content\/uploads\/2023\/10\/2f2daf63-3967-11e8-8487-001e67ad91cb_2ad5e63a-559f-11eb-8f9e-00155dc1232d-150x150.webp 150w, https:\/\/kingarms.ee\/wp-content\/uploads\/2023\/10\/2f2daf63-3967-11e8-8487-001e67ad91cb_2ad5e63a-559f-11eb-8f9e-00155dc1232d-768x768.webp 768w, https:\/\/kingarms.ee\/wp-content\/uploads\/2023\/10\/2f2daf63-3967-11e8-8487-001e67ad91cb_2ad5e63a-559f-11eb-8f9e-00155dc1232d-500x500.webp 500w, https:\/\/kingarms.ee\/wp-content\/uploads\/2023\/10\/2f2daf63-3967-11e8-8487-001e67ad91cb_2ad5e63a-559f-11eb-8f9e-00155dc1232d.webp 788w\" sizes=\"auto, (max-width: 300px) 100vw, 300px\" \/><\/p>\n","protected":false},"excerpt":{"rendered":"<p>Stardipistooli Mod 92(Retay)<\/p>\n<p>Retay Arms Retay MOD 92 tarjoaa puoliautomaattisen kaksitoimisen etupistoolin, jossa on sile\u00e4 liuku ja realistinen paino ja tuntuma. 9 mm:n pampun kova \u00e4\u00e4ni on verrattavissa el\u00e4v\u00e4n patruunan \u00e4\u00e4neen. T\u00e4m\u00e4 starttipistooli sopii t\u00e4ydellisesti turvalliseen harjoitteluun, re-enactmentteihin, kuvaamiseen ja koirien kouluttamiseen. Monet sotilas- ja poliisiorganisaatiot k\u00e4ytt\u00e4v\u00e4t sit\u00e4 koulutukseen realistisissa harjoitusskenaarioissa. MOD 92 tuottaa saman \u00e4\u00e4nen, savun ja liekin kuin alkuper\u00e4inen.<\/p>\n","protected":false},"featured_media":152614,"template":"","meta":{"_acf_changed":false},"product_brand":[],"product_cat":[254],"product_tag":[],"class_list":{"0":"post-81366","1":"product","2":"type-product","3":"status-publish","4":"has-post-thumbnail","6":"product_cat-kaynnistys-pistoolit","8":"first","9":"instock","10":"taxable","11":"shipping-taxable","12":"purchasable","13":"product-type-simple"},"acf":[],"_links":{"self":[{"href":"https:\/\/kingarms.ee\/fi\/wp-json\/wp\/v2\/product\/81366","targetHints":{"allow":["GET"]}}],"collection":[{"href":"https:\/\/kingarms.ee\/fi\/wp-json\/wp\/v2\/product"}],"about":[{"href":"https:\/\/kingarms.ee\/fi\/wp-json\/wp\/v2\/types\/product"}],"wp:featuredmedia":[{"embeddable":true,"href":"https:\/\/kingarms.ee\/fi\/wp-json\/wp\/v2\/media\/152614"}],"wp:attachment":[{"href":"https:\/\/kingarms.ee\/fi\/wp-json\/wp\/v2\/media?parent=81366"}],"wp:term":[{"taxonomy":"product_brand","embeddable":true,"href":"https:\/\/kingarms.ee\/fi\/wp-json\/wp\/v2\/product_brand?post=81366"},{"taxonomy":"product_cat","embeddable":true,"href":"https:\/\/kingarms.ee\/fi\/wp-json\/wp\/v2\/product_cat?post=81366"},{"taxonomy":"product_tag","embeddable":true,"href":"https:\/\/kingarms.ee\/fi\/wp-json\/wp\/v2\/product_tag?post=81366"}],"curies":[{"name":"wp","href":"https:\/\/api.w.org\/{rel}","templated":true}]}}