{"id":81558,"date":"2023-10-10T12:58:24","date_gmt":"2023-10-10T10:00:54","guid":{"rendered":"https:\/\/kingarms.ee\/product\/gbb-755-kaksoiskello\/"},"modified":"2024-08-06T16:46:11","modified_gmt":"2024-08-06T13:46:11","slug":"gbb-755kaksoispaino","status":"publish","type":"product","link":"https:\/\/kingarms.ee\/fi\/product\/gbb-755kaksoispaino\/","title":{"rendered":"GBB 755 (Double bell)"},"content":{"rendered":"","protected":false},"excerpt":{"rendered":"<p>GBB 755 (Double bell)<\/p>\n<p>Valmistaja: double bell<\/p>\n<p>Pistooli MOD. 755 g17 tyyli.<br \/>\nKaksiv\u00e4rinen v\u00e4ri.<br \/>\nPituus 225mm.<br \/>\nBlowback-malli.<br \/>\nS\u00e4\u00e4dett\u00e4v\u00e4 hopup<br \/>\nYhden luokan<br \/>\n22mm putkea pitkin.<br \/>\nPaino 840 gr.<\/p>\n<p>ULKOISET OMINAISUUDET:<br \/>\nMetallikelkka<br \/>\nKierteitetty metallinen ulkoputki (12 mm).<br \/>\nTeknopolymeerikotelo.<br \/>\nPolymeeriset t\u00e4ht\u00e4imet.<\/p>\n<p>LUONTAISET OMINAISUUDET:<br \/>\nMetallinen s\u00e4\u00e4dett\u00e4v\u00e4 hopup<br \/>\nMetallinen jousiohjain ter\u00e4sjousella.<br \/>\nMetallinen ja ter\u00e4ksinen irrotussarja.<br \/>\nMessinkinen sis\u00e4putki.<br \/>\nABS-suutin.<\/p>\n<p>Mukana:<br \/>\nJ\u00e4ykk\u00e4 aseen piippu<br \/>\nJ\u00e4ljenn\u00f6s.<br \/>\n28bb metallinen vihre\u00e4n kaasun tarjotin<br \/>\nVarasuutin<\/p>\n","protected":false},"featured_media":81564,"template":"","meta":{"_acf_changed":false},"product_brand":[],"product_cat":[883,252],"product_tag":[],"class_list":{"0":"post-81558","1":"product","2":"type-product","3":"status-publish","4":"has-post-thumbnail","6":"product_cat-airsoft-aseet","7":"product_cat-kaasutoimiset-aseet","9":"first","10":"instock","11":"taxable","12":"shipping-taxable","13":"purchasable","14":"product-type-simple"},"acf":[],"_links":{"self":[{"href":"https:\/\/kingarms.ee\/fi\/wp-json\/wp\/v2\/product\/81558","targetHints":{"allow":["GET"]}}],"collection":[{"href":"https:\/\/kingarms.ee\/fi\/wp-json\/wp\/v2\/product"}],"about":[{"href":"https:\/\/kingarms.ee\/fi\/wp-json\/wp\/v2\/types\/product"}],"wp:featuredmedia":[{"embeddable":true,"href":"https:\/\/kingarms.ee\/fi\/wp-json\/wp\/v2\/media\/81564"}],"wp:attachment":[{"href":"https:\/\/kingarms.ee\/fi\/wp-json\/wp\/v2\/media?parent=81558"}],"wp:term":[{"taxonomy":"product_brand","embeddable":true,"href":"https:\/\/kingarms.ee\/fi\/wp-json\/wp\/v2\/product_brand?post=81558"},{"taxonomy":"product_cat","embeddable":true,"href":"https:\/\/kingarms.ee\/fi\/wp-json\/wp\/v2\/product_cat?post=81558"},{"taxonomy":"product_tag","embeddable":true,"href":"https:\/\/kingarms.ee\/fi\/wp-json\/wp\/v2\/product_tag?post=81558"}],"curies":[{"name":"wp","href":"https:\/\/api.w.org\/{rel}","templated":true}]}}