{"id":81600,"date":"2023-10-10T13:10:27","date_gmt":"2023-10-10T10:12:38","guid":{"rendered":"https:\/\/kingarms.ee\/product\/kp-13kjw\/"},"modified":"2024-08-06T16:45:29","modified_gmt":"2024-08-06T13:45:29","slug":"kp-13kjw","status":"publish","type":"product","link":"https:\/\/kingarms.ee\/fi\/product\/kp-13kjw\/","title":{"rendered":"KP-13(KJW)"},"content":{"rendered":"<p><img loading=\"lazy\" decoding=\"async\" class=\"alignnone size-medium wp-image-81579\" src=\"https:\/\/kingarms.ee\/wp-content\/uploads\/2023\/10\/1152219359_1-300x200.webp\" alt=\"\" width=\"300\" height=\"200\" srcset=\"https:\/\/kingarms.ee\/wp-content\/uploads\/2023\/10\/1152219359_1-300x200.webp 300w, https:\/\/kingarms.ee\/wp-content\/uploads\/2023\/10\/1152219359_1-1024x683.webp 1024w, https:\/\/kingarms.ee\/wp-content\/uploads\/2023\/10\/1152219359_1-768x512.webp 768w, https:\/\/kingarms.ee\/wp-content\/uploads\/2023\/10\/1152219359_1-1536x1024.webp 1536w, https:\/\/kingarms.ee\/wp-content\/uploads\/2023\/10\/1152219359_1-500x333.webp 500w, https:\/\/kingarms.ee\/wp-content\/uploads\/2023\/10\/1152219359_1-150x100.webp 150w, https:\/\/kingarms.ee\/wp-content\/uploads\/2023\/10\/1152219359_1.webp 1999w\" sizes=\"auto, (max-width: 300px) 100vw, 300px\" \/><\/p>\n","protected":false},"excerpt":{"rendered":"<p>KP-13(KJW)<\/p>\n<p>J\u00e4ljenn\u00f6s on valmistettu korkealaatuisesta metallista ja polymeerist\u00e4. Metalliosiin kuuluu kelkan j\u00e4ljenn\u00f6s, kun taas runko on valmistettu polymeerist\u00e4. Kelkan yl\u00e4osassa on mukavat rautasaranat, joissa on kuituoptinen etut\u00e4ht\u00e4in.<\/p>\n<p>Kopio toimii vihre\u00e4ll\u00e4 kaasulla. Itse makuupussi on kaksirivinen, johon mahtuu jopa 24 BB:t\u00e4. Lis\u00e4etuna on vasaran laukaisu, joka est\u00e4\u00e4 mahdollisen tahattoman laukeamisen.<\/p>\n<p>K\u00e4siase voidaan helposti purkaa huoltoa ja puhdistusta varten &#8211; t\u00e4m\u00e4 on t\u00e4rke\u00e4 etu, sill\u00e4 hyvin usein kaasupistoolit vaativat omistajaltaan paljon huomiota.<\/p>\n<p>Setti sis\u00e4lt\u00e4\u00e4:<\/p>\n<p>&#8211; kopio<br \/>\n&#8211; Greengas salv<\/p>\n","protected":false},"featured_media":81581,"template":"","meta":{"_acf_changed":false},"product_brand":[],"product_cat":[883,252],"product_tag":[],"class_list":{"0":"post-81600","1":"product","2":"type-product","3":"status-publish","4":"has-post-thumbnail","6":"product_cat-airsoft-aseet","7":"product_cat-kaasutoimiset-aseet","9":"first","10":"onbackorder","11":"taxable","12":"shipping-taxable","13":"product-type-simple"},"acf":[],"_links":{"self":[{"href":"https:\/\/kingarms.ee\/fi\/wp-json\/wp\/v2\/product\/81600","targetHints":{"allow":["GET"]}}],"collection":[{"href":"https:\/\/kingarms.ee\/fi\/wp-json\/wp\/v2\/product"}],"about":[{"href":"https:\/\/kingarms.ee\/fi\/wp-json\/wp\/v2\/types\/product"}],"wp:featuredmedia":[{"embeddable":true,"href":"https:\/\/kingarms.ee\/fi\/wp-json\/wp\/v2\/media\/81581"}],"wp:attachment":[{"href":"https:\/\/kingarms.ee\/fi\/wp-json\/wp\/v2\/media?parent=81600"}],"wp:term":[{"taxonomy":"product_brand","embeddable":true,"href":"https:\/\/kingarms.ee\/fi\/wp-json\/wp\/v2\/product_brand?post=81600"},{"taxonomy":"product_cat","embeddable":true,"href":"https:\/\/kingarms.ee\/fi\/wp-json\/wp\/v2\/product_cat?post=81600"},{"taxonomy":"product_tag","embeddable":true,"href":"https:\/\/kingarms.ee\/fi\/wp-json\/wp\/v2\/product_tag?post=81600"}],"curies":[{"name":"wp","href":"https:\/\/api.w.org\/{rel}","templated":true}]}}