{"id":81621,"date":"2023-10-10T13:28:18","date_gmt":"2023-10-10T10:29:03","guid":{"rendered":"https:\/\/kingarms.ee\/product\/gbb-301-kaksoiskello\/"},"modified":"2024-08-06T16:44:47","modified_gmt":"2024-08-06T13:44:47","slug":"gbb-301kaksoiskello","status":"publish","type":"product","link":"https:\/\/kingarms.ee\/fi\/product\/gbb-301kaksoiskello\/","title":{"rendered":"GBB 301 (double bell)"},"content":{"rendered":"<p><img loading=\"lazy\" decoding=\"async\" class=\"alignnone size-medium wp-image-81604\" src=\"https:\/\/kingarms.ee\/wp-content\/uploads\/2023\/10\/1152228050_1-300x200.webp\" alt=\"\" width=\"300\" height=\"200\" srcset=\"https:\/\/kingarms.ee\/wp-content\/uploads\/2023\/10\/1152228050_1-300x200.webp 300w, https:\/\/kingarms.ee\/wp-content\/uploads\/2023\/10\/1152228050_1-1024x682.webp 1024w, https:\/\/kingarms.ee\/wp-content\/uploads\/2023\/10\/1152228050_1-768x512.webp 768w, https:\/\/kingarms.ee\/wp-content\/uploads\/2023\/10\/1152228050_1-1536x1024.webp 1536w, https:\/\/kingarms.ee\/wp-content\/uploads\/2023\/10\/1152228050_1-500x333.webp 500w, https:\/\/kingarms.ee\/wp-content\/uploads\/2023\/10\/1152228050_1-150x100.webp 150w, https:\/\/kingarms.ee\/wp-content\/uploads\/2023\/10\/1152228050_1.webp 2000w\" sizes=\"auto, (max-width: 300px) 100vw, 300px\" \/><\/p>\n","protected":false},"excerpt":{"rendered":"<p>GBB 301 (double bell)<\/p>\n<p>Vihre\u00e4n kaasupistoolin kopio 301<\/p>\n<p>Vihre\u00e4ll\u00e4 kaasulla toimivan aseen kopio valmistettiin korkealaatuisesta metallista ja polymeerist\u00e4. R\u00e4\u00e4t\u00e4l\u00f6ity lukko ja aggressiivisesti pilkullinen runko tekev\u00e4t kopiosta eritt\u00e4in houkuttelevan.<\/p>\n<p>Polymeerikehyksess\u00e4 on 22 mm:n RIS-liit\u00e4nt\u00e4 polttimen tai laserin kiinnitt\u00e4mist\u00e4 varten. Aseessa on s\u00e4\u00e4dett\u00e4v\u00e4 Hop-Up-j\u00e4rjestelm\u00e4, joka antaa sinulle paremman tarkennuksen ja kantaman.<\/p>\n<p>Kaikki on pakattu esteettiseen kuljetuslaatikkoon.<\/p>\n<p>Setti sis\u00e4lt\u00e4\u00e4:<\/p>\n<p>&#8211; kopio<br \/>\n&#8211; Salv<br \/>\n&#8211; Varasuutin<br \/>\n&#8211; ratsain<br \/>\n&#8211; kuljetuslaatikko<\/p>\n","protected":false},"featured_media":81606,"template":"","meta":{"_acf_changed":false},"product_brand":[],"product_cat":[883,252],"product_tag":[],"class_list":{"0":"post-81621","1":"product","2":"type-product","3":"status-publish","4":"has-post-thumbnail","6":"product_cat-airsoft-aseet","7":"product_cat-kaasutoimiset-aseet","9":"first","10":"onbackorder","11":"taxable","12":"shipping-taxable","13":"product-type-simple"},"acf":[],"_links":{"self":[{"href":"https:\/\/kingarms.ee\/fi\/wp-json\/wp\/v2\/product\/81621","targetHints":{"allow":["GET"]}}],"collection":[{"href":"https:\/\/kingarms.ee\/fi\/wp-json\/wp\/v2\/product"}],"about":[{"href":"https:\/\/kingarms.ee\/fi\/wp-json\/wp\/v2\/types\/product"}],"wp:featuredmedia":[{"embeddable":true,"href":"https:\/\/kingarms.ee\/fi\/wp-json\/wp\/v2\/media\/81606"}],"wp:attachment":[{"href":"https:\/\/kingarms.ee\/fi\/wp-json\/wp\/v2\/media?parent=81621"}],"wp:term":[{"taxonomy":"product_brand","embeddable":true,"href":"https:\/\/kingarms.ee\/fi\/wp-json\/wp\/v2\/product_brand?post=81621"},{"taxonomy":"product_cat","embeddable":true,"href":"https:\/\/kingarms.ee\/fi\/wp-json\/wp\/v2\/product_cat?post=81621"},{"taxonomy":"product_tag","embeddable":true,"href":"https:\/\/kingarms.ee\/fi\/wp-json\/wp\/v2\/product_tag?post=81621"}],"curies":[{"name":"wp","href":"https:\/\/api.w.org\/{rel}","templated":true}]}}