{"id":81723,"date":"2023-10-10T14:41:12","date_gmt":"2023-10-10T11:41:53","guid":{"rendered":"https:\/\/kingarms.ee\/product\/hiilikuituinen-aanenvaimennin-dsl2-36x100mm-sininen\/"},"modified":"2024-08-06T16:40:33","modified_gmt":"2024-08-06T13:40:33","slug":"susin-lasikuitu-summutin-dsl2-36x100mm-sininen","status":"publish","type":"product","link":"https:\/\/kingarms.ee\/fi\/product\/susin-lasikuitu-summutin-dsl2-36x100mm-sininen\/","title":{"rendered":"Hiilikuituinen \u00e4\u00e4nenvaimennin DSL2 36x100mm sininen"},"content":{"rendered":"<p><img loading=\"lazy\" decoding=\"async\" class=\"alignnone size-medium wp-image-81714\" src=\"https:\/\/kingarms.ee\/wp-content\/uploads\/2023\/10\/1152235768_1-300x200.webp\" alt=\"\" width=\"300\" height=\"200\" srcset=\"https:\/\/kingarms.ee\/wp-content\/uploads\/2023\/10\/1152235768_1-300x200.webp 300w, https:\/\/kingarms.ee\/wp-content\/uploads\/2023\/10\/1152235768_1-1024x682.webp 1024w, https:\/\/kingarms.ee\/wp-content\/uploads\/2023\/10\/1152235768_1-768x512.webp 768w, https:\/\/kingarms.ee\/wp-content\/uploads\/2023\/10\/1152235768_1-1536x1024.webp 1536w, https:\/\/kingarms.ee\/wp-content\/uploads\/2023\/10\/1152235768_1-500x333.webp 500w, https:\/\/kingarms.ee\/wp-content\/uploads\/2023\/10\/1152235768_1-150x100.webp 150w, https:\/\/kingarms.ee\/wp-content\/uploads\/2023\/10\/1152235768_1.webp 2000w\" sizes=\"auto, (max-width: 300px) 100vw, 300px\" \/><\/p>\n","protected":false},"excerpt":{"rendered":"<p>Hiilikuituinen \u00e4\u00e4nenvaimennin DSL2 36x100mm sininen<\/p>\n<p>Kevyt \u00e4\u00e4nenvaimennin, joka on valmistettu p\u00e4\u00e4asiassa hiilest\u00e4. \u00c4\u00e4nenvaimentimen k\u00e4rki on CNC-ty\u00f6stetty alumiinista 14 mm CCW-kierteell\u00e4.<\/p>\n<p>Core Airsoft Italy on yritys, joka luo korkealaatuisia ulkoisia osia sek\u00e4 AEG- ett\u00e4 GBB-kopioihin. Laaja v\u00e4rivalikoima ja mahdollisuus muokata l\u00e4hes jokaista elementti\u00e4 tyydytt\u00e4\u00e4 perinteisen airsoftin ja speedsoftin yst\u00e4vi\u00e4. Kaikki osat on suunniteltu ja valmistettu Italiassa.<\/p>\n","protected":false},"featured_media":81716,"template":"","meta":{"_acf_changed":false},"product_brand":[],"product_cat":[272],"product_tag":[],"class_list":{"0":"post-81723","1":"product","2":"type-product","3":"status-publish","4":"has-post-thumbnail","6":"product_cat-aanenvaimentimet","8":"first","9":"instock","10":"taxable","11":"shipping-taxable","12":"purchasable","13":"product-type-simple"},"acf":[],"_links":{"self":[{"href":"https:\/\/kingarms.ee\/fi\/wp-json\/wp\/v2\/product\/81723","targetHints":{"allow":["GET"]}}],"collection":[{"href":"https:\/\/kingarms.ee\/fi\/wp-json\/wp\/v2\/product"}],"about":[{"href":"https:\/\/kingarms.ee\/fi\/wp-json\/wp\/v2\/types\/product"}],"wp:featuredmedia":[{"embeddable":true,"href":"https:\/\/kingarms.ee\/fi\/wp-json\/wp\/v2\/media\/81716"}],"wp:attachment":[{"href":"https:\/\/kingarms.ee\/fi\/wp-json\/wp\/v2\/media?parent=81723"}],"wp:term":[{"taxonomy":"product_brand","embeddable":true,"href":"https:\/\/kingarms.ee\/fi\/wp-json\/wp\/v2\/product_brand?post=81723"},{"taxonomy":"product_cat","embeddable":true,"href":"https:\/\/kingarms.ee\/fi\/wp-json\/wp\/v2\/product_cat?post=81723"},{"taxonomy":"product_tag","embeddable":true,"href":"https:\/\/kingarms.ee\/fi\/wp-json\/wp\/v2\/product_tag?post=81723"}],"curies":[{"name":"wp","href":"https:\/\/api.w.org\/{rel}","templated":true}]}}