{"id":81748,"date":"2023-10-10T15:04:52","date_gmt":"2023-10-10T12:11:03","guid":{"rendered":"https:\/\/kingarms.ee\/product\/taskukronografi-x310\/"},"modified":"2024-08-06T16:39:00","modified_gmt":"2024-08-06T13:39:00","slug":"taskukronografi-x310","status":"publish","type":"product","link":"https:\/\/kingarms.ee\/fi\/product\/taskukronografi-x310\/","title":{"rendered":"Taskukronografi X310"},"content":{"rendered":"<p><img loading=\"lazy\" decoding=\"async\" class=\"alignnone size-medium wp-image-81739\" src=\"https:\/\/kingarms.ee\/wp-content\/uploads\/2023\/10\/1152232942_1-300x200.webp\" alt=\"\" width=\"300\" height=\"200\" srcset=\"https:\/\/kingarms.ee\/wp-content\/uploads\/2023\/10\/1152232942_1-300x200.webp 300w, https:\/\/kingarms.ee\/wp-content\/uploads\/2023\/10\/1152232942_1-1024x682.webp 1024w, https:\/\/kingarms.ee\/wp-content\/uploads\/2023\/10\/1152232942_1-768x512.webp 768w, https:\/\/kingarms.ee\/wp-content\/uploads\/2023\/10\/1152232942_1-1536x1024.webp 1536w, https:\/\/kingarms.ee\/wp-content\/uploads\/2023\/10\/1152232942_1-500x333.webp 500w, https:\/\/kingarms.ee\/wp-content\/uploads\/2023\/10\/1152232942_1-150x100.webp 150w, https:\/\/kingarms.ee\/wp-content\/uploads\/2023\/10\/1152232942_1.webp 2000w\" sizes=\"auto, (max-width: 300px) 100vw, 300px\" \/><\/p>\n","protected":false},"excerpt":{"rendered":"<p>Taskukronografi X310<\/p>\n<p>Miniatyyri ajanoton tuottama tunnettu tuotemerkki XCORTECH. X3200- ja X3500-malleihin perustuva X310 s\u00e4ilytt\u00e4\u00e4 edelt\u00e4jiens\u00e4 ominaisuudet ja toiminnot pienest\u00e4 koostaan huolimatta. Se on samankokoinen kuin Gopro-kamera, joten se ei vie paljon tilaa ja sit\u00e4 voi kuljettaa taskussa tai laukussa.<\/p>\n<p>Ajanottimen virtal\u00e4hteen\u00e4 voi k\u00e4ytt\u00e4\u00e4 yht\u00e4 AA-paristoa (ei sis\u00e4lly toimitukseen), ja siin\u00e4 on my\u00f6s Micro-USB-pistoke, jonka avulla se voidaan ladata virtal\u00e4hteen tai sein\u00e4laturin kautta.<\/p>\n<p>Laitteen ominaisuudet:<\/p>\n<p>&#8211; Micro-USB-pistoke virransy\u00f6tt\u00f6\u00e4 varten (vain virransy\u00f6tt\u00f6 kaapelin kautta, ei latausta).<\/p>\n<p>&#8211; Korkea mittaustarkkuus<\/p>\n<p>&#8211; Luotettavuus<\/p>\n<p>&#8211; AA-paristok\u00e4ytt\u00f6inen<\/p>\n<p>&#8211; Korkean herkkyyden infrapuna-anturi &#8211; MK3-mallissa on 14 anturia, edellisess\u00e4 versiossa vain 8 anturia<\/p>\n<p>&#8211; Alhainen energiankulutus<\/p>\n","protected":false},"featured_media":81741,"template":"","meta":{"_acf_changed":false},"product_brand":[],"product_cat":[458],"product_tag":[],"class_list":{"0":"post-81748","1":"product","2":"type-product","3":"status-publish","4":"has-post-thumbnail","6":"product_cat-kronografit","8":"first","9":"onbackorder","10":"taxable","11":"shipping-taxable","12":"product-type-simple"},"acf":[],"_links":{"self":[{"href":"https:\/\/kingarms.ee\/fi\/wp-json\/wp\/v2\/product\/81748","targetHints":{"allow":["GET"]}}],"collection":[{"href":"https:\/\/kingarms.ee\/fi\/wp-json\/wp\/v2\/product"}],"about":[{"href":"https:\/\/kingarms.ee\/fi\/wp-json\/wp\/v2\/types\/product"}],"wp:featuredmedia":[{"embeddable":true,"href":"https:\/\/kingarms.ee\/fi\/wp-json\/wp\/v2\/media\/81741"}],"wp:attachment":[{"href":"https:\/\/kingarms.ee\/fi\/wp-json\/wp\/v2\/media?parent=81748"}],"wp:term":[{"taxonomy":"product_brand","embeddable":true,"href":"https:\/\/kingarms.ee\/fi\/wp-json\/wp\/v2\/product_brand?post=81748"},{"taxonomy":"product_cat","embeddable":true,"href":"https:\/\/kingarms.ee\/fi\/wp-json\/wp\/v2\/product_cat?post=81748"},{"taxonomy":"product_tag","embeddable":true,"href":"https:\/\/kingarms.ee\/fi\/wp-json\/wp\/v2\/product_tag?post=81748"}],"curies":[{"name":"wp","href":"https:\/\/api.w.org\/{rel}","templated":true}]}}