{"id":81769,"date":"2023-10-10T17:54:22","date_gmt":"2023-10-10T14:54:48","guid":{"rendered":"https:\/\/kingarms.ee\/product\/p90-hyvin\/"},"modified":"2024-08-06T16:38:16","modified_gmt":"2024-08-06T13:38:16","slug":"p90-kaivo","status":"publish","type":"product","link":"https:\/\/kingarms.ee\/fi\/product\/p90-kaivo\/","title":{"rendered":"P90 (Well)"},"content":{"rendered":"<p><img loading=\"lazy\" decoding=\"async\" class=\"alignnone size-medium wp-image-81752\" src=\"https:\/\/kingarms.ee\/wp-content\/uploads\/2023\/10\/1133184126_1-300x205.webp\" alt=\"\" width=\"300\" height=\"205\" srcset=\"https:\/\/kingarms.ee\/wp-content\/uploads\/2023\/10\/1133184126_1-300x205.webp 300w, https:\/\/kingarms.ee\/wp-content\/uploads\/2023\/10\/1133184126_1-500x341.webp 500w, https:\/\/kingarms.ee\/wp-content\/uploads\/2023\/10\/1133184126_1-150x102.webp 150w, https:\/\/kingarms.ee\/wp-content\/uploads\/2023\/10\/1133184126_1.webp 550w\" sizes=\"auto, (max-width: 300px) 100vw, 300px\" \/><\/p>\n","protected":false},"excerpt":{"rendered":"<p>P90 (Well)<\/p>\n<p>Alkuper\u00e4isen mallin tavoin D90H on valmistettu l\u00e4hes kokonaan kest\u00e4v\u00e4st\u00e4 muovista. Sen kompakti muotoilu ja pienet mitat tekev\u00e4t siit\u00e4 eritt\u00e4in k\u00e4tev\u00e4n ty\u00f6kalun, joka sopii ensisijaiseksi aseeksi lyhyen ja keskipitk\u00e4n kantaman taisteluissa. Pidennetty piippu, joka ulottuu pitk\u00e4lle liipaisimen taakse (tyypillist\u00e4 bullpup-kiv\u00e4\u00e4reille), parantaa tarkkuutta. Pelk\u00e4st\u00e4\u00e4n bullpup-j\u00e4rjestelm\u00e4n k\u00e4ytt\u00e4minen lis\u00e4\u00e4 k\u00e4yt\u00f6n helppoutta &#8211; kopio on lyhyt, helposti ohjattava ja eritt\u00e4in vakaa, mutta tarkka.<\/p>\n<p>Lippaaseen mahtuu 300 patruunaa, mik\u00e4 yhdistettyn\u00e4 tarkkuuteen, jatkuvaan ampumakykyyn ja teoreettiseen tulinopeuteen, joka on 400 patruunaa minuutissa, tekee t\u00e4st\u00e4 erinomaisen ty\u00f6kalun CQB-peleihin. K\u00e4ytt\u00e4m\u00e4ll\u00e4 0,12 grammaa painavia luoteja luodin nopeus on 180 fps. On my\u00f6s mahdollista k\u00e4ytt\u00e4\u00e4 raskaampia, 0,20 g:n painoisia hauleja, jolloin kantama pienenee hieman mutta tarkkuus kasvaa.<\/p>\n<p>Kopiokoneessa on RIS-kisko, joka sijaitsee takana lokeron yl\u00e4puolella. Sit\u00e4 voidaan k\u00e4ytt\u00e4\u00e4 mukana toimitetun punapistet\u00e4ht\u00e4imen liitt\u00e4miseen, joka tekee laukauksen ottamisesta paljon helpompaa ja nopeampaa, tai mukana toimitetun taktisen taskulampun liitt\u00e4miseen.<\/p>\n<p>Setti sis\u00e4lt\u00e4\u00e4:<\/p>\n<p>&#8211; Relv<br \/>\n&#8211; Salv<br \/>\n&#8211; akku<br \/>\n&#8211; laturi<br \/>\n&#8211; summeri<br \/>\n&#8211; canderihm<br \/>\n&#8211; Puna-hana<br \/>\n&#8211; taskulamppu<\/p>\n","protected":false},"featured_media":81754,"template":"","meta":{"_acf_changed":false},"product_brand":[],"product_cat":[251],"product_tag":[],"class_list":{"0":"post-81769","1":"product","2":"type-product","3":"status-publish","4":"has-post-thumbnail","6":"product_cat-sahkoaseet","8":"first","9":"onbackorder","10":"taxable","11":"shipping-taxable","12":"product-type-simple"},"acf":[],"_links":{"self":[{"href":"https:\/\/kingarms.ee\/fi\/wp-json\/wp\/v2\/product\/81769","targetHints":{"allow":["GET"]}}],"collection":[{"href":"https:\/\/kingarms.ee\/fi\/wp-json\/wp\/v2\/product"}],"about":[{"href":"https:\/\/kingarms.ee\/fi\/wp-json\/wp\/v2\/types\/product"}],"wp:featuredmedia":[{"embeddable":true,"href":"https:\/\/kingarms.ee\/fi\/wp-json\/wp\/v2\/media\/81754"}],"wp:attachment":[{"href":"https:\/\/kingarms.ee\/fi\/wp-json\/wp\/v2\/media?parent=81769"}],"wp:term":[{"taxonomy":"product_brand","embeddable":true,"href":"https:\/\/kingarms.ee\/fi\/wp-json\/wp\/v2\/product_brand?post=81769"},{"taxonomy":"product_cat","embeddable":true,"href":"https:\/\/kingarms.ee\/fi\/wp-json\/wp\/v2\/product_cat?post=81769"},{"taxonomy":"product_tag","embeddable":true,"href":"https:\/\/kingarms.ee\/fi\/wp-json\/wp\/v2\/product_tag?post=81769"}],"curies":[{"name":"wp","href":"https:\/\/api.w.org\/{rel}","templated":true}]}}