{"id":81877,"date":"2023-10-11T14:22:22","date_gmt":"2023-10-11T11:22:55","guid":{"rendered":"https:\/\/kingarms.ee\/product\/ruskea-taskuveitsi\/"},"modified":"2024-08-06T16:35:19","modified_gmt":"2024-08-06T13:35:19","slug":"pouch-tan","status":"publish","type":"product","link":"https:\/\/kingarms.ee\/fi\/product\/pouch-tan\/","title":{"rendered":"Ruskea taskuveitsi"},"content":{"rendered":"<p><img loading=\"lazy\" decoding=\"async\" class=\"alignnone size-medium wp-image-81862\" src=\"https:\/\/kingarms.ee\/wp-content\/uploads\/2023\/10\/1152210213_1-300x200.webp\" alt=\"\" width=\"300\" height=\"200\" srcset=\"https:\/\/kingarms.ee\/wp-content\/uploads\/2023\/10\/1152210213_1-300x200.webp 300w, https:\/\/kingarms.ee\/wp-content\/uploads\/2023\/10\/1152210213_1-768x512.webp 768w, https:\/\/kingarms.ee\/wp-content\/uploads\/2023\/10\/1152210213_1-500x333.webp 500w, https:\/\/kingarms.ee\/wp-content\/uploads\/2023\/10\/1152210213_1-150x100.webp 150w, https:\/\/kingarms.ee\/wp-content\/uploads\/2023\/10\/1152210213_1.webp 800w\" sizes=\"auto, (max-width: 300px) 100vw, 300px\" \/><\/p>\n","protected":false},"excerpt":{"rendered":"<p>Ruskea taskuveitsi<\/p>\n<p>Pieni taskuveitsi, joka on valmistettu yhdest\u00e4 440C ruostumattomasta ter\u00e4ksest\u00e4. Noahin kahva on p\u00e4\u00e4llystetty luistamattomalla kumimateriaalilla, joka takaa pit\u00e4v\u00e4n otteen. Kansi on valmistettu samanlaisesta materiaalista. Sarjaan kuuluu kest\u00e4v\u00e4 muovinen Molle-kiinnitys.<\/p>\n<p>Veitsi on t\u00e4ydellinen lis\u00e4 selviytymispakkaukseen.<\/p>\n","protected":false},"featured_media":81864,"template":"","meta":{"_acf_changed":false},"product_brand":[],"product_cat":[661,662],"product_tag":[],"class_list":{"0":"post-81877","1":"product","2":"type-product","3":"status-publish","4":"has-post-thumbnail","6":"product_cat-matkanoad-fi","7":"product_cat-noad-fi","9":"first","10":"instock","11":"taxable","12":"shipping-taxable","13":"purchasable","14":"product-type-simple"},"acf":[],"_links":{"self":[{"href":"https:\/\/kingarms.ee\/fi\/wp-json\/wp\/v2\/product\/81877","targetHints":{"allow":["GET"]}}],"collection":[{"href":"https:\/\/kingarms.ee\/fi\/wp-json\/wp\/v2\/product"}],"about":[{"href":"https:\/\/kingarms.ee\/fi\/wp-json\/wp\/v2\/types\/product"}],"wp:featuredmedia":[{"embeddable":true,"href":"https:\/\/kingarms.ee\/fi\/wp-json\/wp\/v2\/media\/81864"}],"wp:attachment":[{"href":"https:\/\/kingarms.ee\/fi\/wp-json\/wp\/v2\/media?parent=81877"}],"wp:term":[{"taxonomy":"product_brand","embeddable":true,"href":"https:\/\/kingarms.ee\/fi\/wp-json\/wp\/v2\/product_brand?post=81877"},{"taxonomy":"product_cat","embeddable":true,"href":"https:\/\/kingarms.ee\/fi\/wp-json\/wp\/v2\/product_cat?post=81877"},{"taxonomy":"product_tag","embeddable":true,"href":"https:\/\/kingarms.ee\/fi\/wp-json\/wp\/v2\/product_tag?post=81877"}],"curies":[{"name":"wp","href":"https:\/\/api.w.org\/{rel}","templated":true}]}}