{"id":81941,"date":"2023-10-12T14:04:46","date_gmt":"2023-10-12T11:05:13","guid":{"rendered":"https:\/\/kingarms.ee\/product\/aap01-assassinaction-army\/"},"modified":"2024-08-06T16:33:00","modified_gmt":"2024-08-06T13:33:00","slug":"aap01-murha-armeija","status":"publish","type":"product","link":"https:\/\/kingarms.ee\/fi\/product\/aap01-murha-armeija\/","title":{"rendered":"AAP01 Assassin(Action Army)"},"content":{"rendered":"<p><img loading=\"lazy\" decoding=\"async\" class=\"alignnone size-medium wp-image-81936\" src=\"https:\/\/kingarms.ee\/wp-content\/uploads\/2023\/10\/1152226879_1-300x200.webp\" alt=\"\" width=\"300\" height=\"200\" srcset=\"https:\/\/kingarms.ee\/wp-content\/uploads\/2023\/10\/1152226879_1-300x200.webp 300w, https:\/\/kingarms.ee\/wp-content\/uploads\/2023\/10\/1152226879_1-1024x682.webp 1024w, https:\/\/kingarms.ee\/wp-content\/uploads\/2023\/10\/1152226879_1-768x512.webp 768w, https:\/\/kingarms.ee\/wp-content\/uploads\/2023\/10\/1152226879_1-1536x1024.webp 1536w, https:\/\/kingarms.ee\/wp-content\/uploads\/2023\/10\/1152226879_1-500x333.webp 500w, https:\/\/kingarms.ee\/wp-content\/uploads\/2023\/10\/1152226879_1-150x100.webp 150w, https:\/\/kingarms.ee\/wp-content\/uploads\/2023\/10\/1152226879_1.webp 2000w\" sizes=\"auto, (max-width: 300px) 100vw, 300px\" \/><\/p>\n","protected":false},"excerpt":{"rendered":"<p>AAP01 Assassin(Action Army)<\/p>\n<p>Action Armyn AAP01-pistoolisarja on yksi omaper\u00e4isimmist\u00e4 malleista airsoft-pistoolimarkkinoilla. Jos olet kyll\u00e4stynyt M9-, 1911- tai G-sarjan klooniin &#8211; &#8220;The Assassin&#8221;, sinun kannattaa ehdottomasti tutustua siihen.<br \/>\nAAP01 on sekoitus legendaarista Ruger-tyylist\u00e4 pistoolia, jossa on moderni muotoilu ja G17-sarjan lippaan yhteensopivuus. Ylempi ja alempi runko on valmistettu kest\u00e4v\u00e4st\u00e4 polymeerist\u00e4, jossa on metallia ty\u00f6osissa.<br \/>\nLukon keveys ja lyhennetty j\u00e4rjestelm\u00e4 antavat k\u00e4ytt\u00e4j\u00e4lle hyv\u00e4n takaiskun tuntuman ja nopean kierron, mik\u00e4 on erinomainen erilaisiin laukauksiin paitsi taktisissa tilanteissa my\u00f6s urheilukilpailuissa. Palosammutin on k\u00e4ytett\u00e4viss\u00e4 lukon vet\u00e4misen j\u00e4lkeen.<br \/>\nSylinterin p\u00e4\u00e4ss\u00e4 on 14 mm:n CCW-kierre \u00e4\u00e4nenvaimentimia varten. Yl\u00e4osan vastaanottimessa on my\u00f6s hyvin n\u00e4kyv\u00e4 kuituoptinen t\u00e4ht\u00e4in ja rei\u00e4t lis\u00e4varusteiden kiinnitt\u00e4mist\u00e4 varten.<br \/>\nAlarunko suunniteltiin turvakahvalla ja vaihdettavalla vasemman- ja oikeanpuoleisella salvalla. Lokeron kapasiteetti sis\u00e4lt\u00e4\u00e4 23 luotia.<br \/>\nAAP01 sopii Safariland 579 GLS -ohjaamoihin.<\/p>\n","protected":false},"featured_media":81938,"template":"","meta":{"_acf_changed":false},"product_brand":[],"product_cat":[883,252],"product_tag":[],"class_list":{"0":"post-81941","1":"product","2":"type-product","3":"status-publish","4":"has-post-thumbnail","6":"product_cat-airsoft-aseet","7":"product_cat-kaasutoimiset-aseet","9":"first","10":"onbackorder","11":"taxable","12":"shipping-taxable","13":"product-type-simple"},"acf":[],"_links":{"self":[{"href":"https:\/\/kingarms.ee\/fi\/wp-json\/wp\/v2\/product\/81941","targetHints":{"allow":["GET"]}}],"collection":[{"href":"https:\/\/kingarms.ee\/fi\/wp-json\/wp\/v2\/product"}],"about":[{"href":"https:\/\/kingarms.ee\/fi\/wp-json\/wp\/v2\/types\/product"}],"wp:featuredmedia":[{"embeddable":true,"href":"https:\/\/kingarms.ee\/fi\/wp-json\/wp\/v2\/media\/81938"}],"wp:attachment":[{"href":"https:\/\/kingarms.ee\/fi\/wp-json\/wp\/v2\/media?parent=81941"}],"wp:term":[{"taxonomy":"product_brand","embeddable":true,"href":"https:\/\/kingarms.ee\/fi\/wp-json\/wp\/v2\/product_brand?post=81941"},{"taxonomy":"product_cat","embeddable":true,"href":"https:\/\/kingarms.ee\/fi\/wp-json\/wp\/v2\/product_cat?post=81941"},{"taxonomy":"product_tag","embeddable":true,"href":"https:\/\/kingarms.ee\/fi\/wp-json\/wp\/v2\/product_tag?post=81941"}],"curies":[{"name":"wp","href":"https:\/\/api.w.org\/{rel}","templated":true}]}}