{"id":82077,"date":"2023-10-17T12:22:24","date_gmt":"2023-10-17T09:23:04","guid":{"rendered":"https:\/\/kingarms.ee\/product\/e03r-taskulamppu-fenix\/"},"modified":"2024-08-06T16:31:32","modified_gmt":"2024-08-06T13:31:32","slug":"e03r-taskulamppu-fenix","status":"publish","type":"product","link":"https:\/\/kingarms.ee\/fi\/product\/e03r-taskulamppu-fenix\/","title":{"rendered":"E03R taskulamppu (Fenix) LIMITED EDITION"},"content":{"rendered":"","protected":false},"excerpt":{"rendered":"<p>E03R taskulamppu (Fenix) LIMITED EDITION<\/p>\n<p>Fenix E03R on eritt\u00e4in pienikokoinen EDC-taskulamppu, jonka mitat ovat 47 * 24 * 12 mm ja joka sopii taskussa, avaimenper\u00e4ss\u00e4 tai k\u00e4silaukussa kuljetettavaksi. Se on lamppu, jossa on sek\u00e4 valkoisia ett\u00e4 punaisia LED-elementtej\u00e4, ja se on ladattavissa suoraan tavallisesta USB-liit\u00e4nn\u00e4st\u00e4. Itse lampussa on nopea USB-C-liit\u00e4nt\u00e4. K\u00e4ytett\u00e4viss\u00e4 on yhteens\u00e4 nelj\u00e4 valkoisen valon voimakkuutta ja kaksi punaisen valon tilaa. E03R:n suurin valovoima on 260 lm, ja sen valovirran kantama on jopa 42 metri\u00e4. Kun valovoima on v\u00e4hint\u00e4\u00e4n 5 lm, lamppu toimii jopa 18 tuntia yht\u00e4jaksoisesti yhdell\u00e4 akun latauksella. Fenix E03R:ll\u00e4 on IP66-suojausluokitus, ja se on testattu 1 metrin iskunkest\u00e4vyydell\u00e4. E03R-kotelo on valmistettu kokonaan metallista, ja siin\u00e4 on metallinen virtakytkin, joka on upotettu koteloon. Lampussa on 200 mAh:n litium-polymeeriakku. Lis\u00e4ksi valaisimessa on lukitustoiminto, joka suojaa itseaktivoitumiselta, ja akun varaustason ilmaisin. Jos tarvitset pienen mutta tehokkaan suoraan lukevan avaimenper\u00e4tyyppisen lampun, Fenix E03R on sinua varten.<\/p>\n<p>&nbsp;<\/p>\n","protected":false},"featured_media":82072,"template":"","meta":{"_acf_changed":false},"product_brand":[],"product_cat":[273],"product_tag":[],"class_list":{"0":"post-82077","1":"product","2":"type-product","3":"status-publish","4":"has-post-thumbnail","6":"product_cat-valaisimet","8":"first","9":"instock","10":"taxable","11":"shipping-taxable","12":"purchasable","13":"product-type-simple"},"acf":[],"_links":{"self":[{"href":"https:\/\/kingarms.ee\/fi\/wp-json\/wp\/v2\/product\/82077","targetHints":{"allow":["GET"]}}],"collection":[{"href":"https:\/\/kingarms.ee\/fi\/wp-json\/wp\/v2\/product"}],"about":[{"href":"https:\/\/kingarms.ee\/fi\/wp-json\/wp\/v2\/types\/product"}],"wp:featuredmedia":[{"embeddable":true,"href":"https:\/\/kingarms.ee\/fi\/wp-json\/wp\/v2\/media\/82072"}],"wp:attachment":[{"href":"https:\/\/kingarms.ee\/fi\/wp-json\/wp\/v2\/media?parent=82077"}],"wp:term":[{"taxonomy":"product_brand","embeddable":true,"href":"https:\/\/kingarms.ee\/fi\/wp-json\/wp\/v2\/product_brand?post=82077"},{"taxonomy":"product_cat","embeddable":true,"href":"https:\/\/kingarms.ee\/fi\/wp-json\/wp\/v2\/product_cat?post=82077"},{"taxonomy":"product_tag","embeddable":true,"href":"https:\/\/kingarms.ee\/fi\/wp-json\/wp\/v2\/product_tag?post=82077"}],"curies":[{"name":"wp","href":"https:\/\/api.w.org\/{rel}","templated":true}]}}