{"id":82098,"date":"2023-10-17T12:26:46","date_gmt":"2023-10-17T09:27:47","guid":{"rendered":"https:\/\/kingarms.ee\/product\/kasien-suojaus-cartel-cr-6\/"},"modified":"2024-08-06T16:30:49","modified_gmt":"2024-08-06T13:30:49","slug":"suojelukartelli-cr-6","status":"publish","type":"product","link":"https:\/\/kingarms.ee\/fi\/product\/suojelukartelli-cr-6\/","title":{"rendered":"K\u00e4sien suojaus Cartel CR-6"},"content":{"rendered":"","protected":false},"excerpt":{"rendered":"<p>K\u00e4sien suojaus Cartel CR-6<\/p>\n<p>Cartel CR-6 kyyn\u00e4rvarren suojus on valmistettu kest\u00e4v\u00e4st\u00e4 muovista. Joustavien kuminauhojen ansiosta suoja voidaan s\u00e4\u00e4t\u00e4\u00e4 mink\u00e4 tahansa kyyn\u00e4rvarren koon mukaan.<\/p>\n","protected":false},"featured_media":82094,"template":"","meta":{"_acf_changed":false},"product_brand":[],"product_cat":[794,802],"product_tag":[],"class_list":{"0":"post-82098","1":"product","2":"type-product","3":"status-publish","4":"has-post-thumbnail","6":"product_cat-ampumahanskat-sormikkaat","7":"product_cat-tarvikkeet-fi","9":"first","10":"instock","11":"taxable","12":"shipping-taxable","13":"purchasable","14":"product-type-simple"},"acf":[],"_links":{"self":[{"href":"https:\/\/kingarms.ee\/fi\/wp-json\/wp\/v2\/product\/82098","targetHints":{"allow":["GET"]}}],"collection":[{"href":"https:\/\/kingarms.ee\/fi\/wp-json\/wp\/v2\/product"}],"about":[{"href":"https:\/\/kingarms.ee\/fi\/wp-json\/wp\/v2\/types\/product"}],"wp:featuredmedia":[{"embeddable":true,"href":"https:\/\/kingarms.ee\/fi\/wp-json\/wp\/v2\/media\/82094"}],"wp:attachment":[{"href":"https:\/\/kingarms.ee\/fi\/wp-json\/wp\/v2\/media?parent=82098"}],"wp:term":[{"taxonomy":"product_brand","embeddable":true,"href":"https:\/\/kingarms.ee\/fi\/wp-json\/wp\/v2\/product_brand?post=82098"},{"taxonomy":"product_cat","embeddable":true,"href":"https:\/\/kingarms.ee\/fi\/wp-json\/wp\/v2\/product_cat?post=82098"},{"taxonomy":"product_tag","embeddable":true,"href":"https:\/\/kingarms.ee\/fi\/wp-json\/wp\/v2\/product_tag?post=82098"}],"curies":[{"name":"wp","href":"https:\/\/api.w.org\/{rel}","templated":true}]}}