{"id":82156,"date":"2023-10-17T13:02:55","date_gmt":"2023-10-17T10:02:55","guid":{"rendered":"https:\/\/kingarms.ee\/product\/klassinen-jousi-ek-korrigan\/"},"modified":"2024-08-06T16:29:21","modified_gmt":"2024-08-06T13:29:21","slug":"classic-vibu-e-corrigan","status":"publish","type":"product","link":"https:\/\/kingarms.ee\/fi\/product\/classic-vibu-e-corrigan\/","title":{"rendered":"klassinen jousi (Ek korrigan)"},"content":{"rendered":"","protected":false},"excerpt":{"rendered":"<p>klassinen jousi (Ek korrigan)<\/p>\n<p>Klassinen musta Poe Lang Korrigan -jousi on suunniteltu aloittelijoille, erityisesti lapsille ja nuorille.<\/p>\n<p>Lasikuitutangot kiinnitettiin ruuveilla kest\u00e4v\u00e4st\u00e4 muovista valmistettuun maadoitustankoon. T\u00e4m\u00e4n kiinnityksen ansiosta koko setti voidaan taittaa kokoon ja kuljettaa k\u00e4tev\u00e4sti. Muotoiltu kahva tekee jousen ampumisesta mukavaa ja tarkkaa. Jousen pituus mitattiin kiinte\u00e4ll\u00e4 jousella.<\/p>\n<p>k\u00e4sivarsien muoto perustuu huippusuorituskykyisten olympialaisten siipien muotoon. Corrigan voisi olla ensimm\u00e4inen askel kohti klassista jousiammuntaa. Narun vahvuus ja pituus ovat ihanteelliset ampumisen opetteluun.<\/p>\n<p>Mukana tulevien lis\u00e4varusteiden avulla voit aloittaa jousiammuntaseikkailusi heti.<\/p>\n","protected":false},"featured_media":82151,"template":"","meta":{"_acf_changed":false},"product_brand":[],"product_cat":[803,257],"product_tag":[],"class_list":{"0":"post-82156","1":"product","2":"type-product","3":"status-publish","4":"has-post-thumbnail","6":"product_cat-jouset","7":"product_cat-keula-ja-pitkajousi","9":"first","10":"instock","11":"taxable","12":"shipping-taxable","13":"purchasable","14":"product-type-simple"},"acf":[],"_links":{"self":[{"href":"https:\/\/kingarms.ee\/fi\/wp-json\/wp\/v2\/product\/82156","targetHints":{"allow":["GET"]}}],"collection":[{"href":"https:\/\/kingarms.ee\/fi\/wp-json\/wp\/v2\/product"}],"about":[{"href":"https:\/\/kingarms.ee\/fi\/wp-json\/wp\/v2\/types\/product"}],"wp:featuredmedia":[{"embeddable":true,"href":"https:\/\/kingarms.ee\/fi\/wp-json\/wp\/v2\/media\/82151"}],"wp:attachment":[{"href":"https:\/\/kingarms.ee\/fi\/wp-json\/wp\/v2\/media?parent=82156"}],"wp:term":[{"taxonomy":"product_brand","embeddable":true,"href":"https:\/\/kingarms.ee\/fi\/wp-json\/wp\/v2\/product_brand?post=82156"},{"taxonomy":"product_cat","embeddable":true,"href":"https:\/\/kingarms.ee\/fi\/wp-json\/wp\/v2\/product_cat?post=82156"},{"taxonomy":"product_tag","embeddable":true,"href":"https:\/\/kingarms.ee\/fi\/wp-json\/wp\/v2\/product_tag?post=82156"}],"curies":[{"name":"wp","href":"https:\/\/api.w.org\/{rel}","templated":true}]}}