{"id":82174,"date":"2023-10-17T13:08:34","date_gmt":"2023-10-17T10:09:17","guid":{"rendered":"https:\/\/kingarms.ee\/product\/keulan-laukaisin-b10010a-poelang\/"},"modified":"2024-08-06T16:28:39","modified_gmt":"2024-08-06T13:28:39","slug":"vibu-paastik-b10010a-poelang","status":"publish","type":"product","link":"https:\/\/kingarms.ee\/fi\/product\/vibu-paastik-b10010a-poelang\/","title":{"rendered":"Keulan laukaisin B10010A (Poelang)"},"content":{"rendered":"","protected":false},"excerpt":{"rendered":"<p>Keulan laukaisin B10010A (Poelang)<\/p>\n<p>Poe Langin liipaisin lohkovipua varten, jonka kireys on jopa 90 lb.<\/p>\n<p>T\u00e4t\u00e4 laitetta k\u00e4ytet\u00e4\u00e4n kiristetyn narun sujuvaan vapauttamiseen. Sen t\u00e4rkein etu perinteiseen tapaan kirist\u00e4\u00e4 jousi on ponnistuksen kohdistaminen pistem\u00e4isesti. Ne on aina mahdollista sijoittaa eri tavalla jouselle k\u00e4ytt\u00e4m\u00e4ll\u00e4 sormea.<\/p>\n","protected":false},"featured_media":82169,"template":"","meta":{"_acf_changed":false},"product_brand":[],"product_cat":[257,802],"product_tag":[],"class_list":{"0":"post-82174","1":"product","2":"type-product","3":"status-publish","4":"has-post-thumbnail","6":"product_cat-keula-ja-pitkajousi","7":"product_cat-tarvikkeet-fi","9":"first","10":"instock","11":"taxable","12":"shipping-taxable","13":"purchasable","14":"product-type-simple"},"acf":[],"_links":{"self":[{"href":"https:\/\/kingarms.ee\/fi\/wp-json\/wp\/v2\/product\/82174","targetHints":{"allow":["GET"]}}],"collection":[{"href":"https:\/\/kingarms.ee\/fi\/wp-json\/wp\/v2\/product"}],"about":[{"href":"https:\/\/kingarms.ee\/fi\/wp-json\/wp\/v2\/types\/product"}],"wp:featuredmedia":[{"embeddable":true,"href":"https:\/\/kingarms.ee\/fi\/wp-json\/wp\/v2\/media\/82169"}],"wp:attachment":[{"href":"https:\/\/kingarms.ee\/fi\/wp-json\/wp\/v2\/media?parent=82174"}],"wp:term":[{"taxonomy":"product_brand","embeddable":true,"href":"https:\/\/kingarms.ee\/fi\/wp-json\/wp\/v2\/product_brand?post=82174"},{"taxonomy":"product_cat","embeddable":true,"href":"https:\/\/kingarms.ee\/fi\/wp-json\/wp\/v2\/product_cat?post=82174"},{"taxonomy":"product_tag","embeddable":true,"href":"https:\/\/kingarms.ee\/fi\/wp-json\/wp\/v2\/product_tag?post=82174"}],"curies":[{"name":"wp","href":"https:\/\/api.w.org\/{rel}","templated":true}]}}