{"id":82800,"date":"2023-10-20T10:57:09","date_gmt":"2023-10-20T07:57:57","guid":{"rendered":"https:\/\/kingarms.ee\/product\/levynkannatin-reaper-qrb-cad\/"},"modified":"2024-08-06T16:22:57","modified_gmt":"2024-08-06T13:22:57","slug":"plate-carrier-reaper-qrb-cad","status":"publish","type":"product","link":"https:\/\/kingarms.ee\/fi\/product\/plate-carrier-reaper-qrb-cad\/","title":{"rendered":"Levynkannatin Reaper QRB CAD"},"content":{"rendered":"","protected":false},"excerpt":{"rendered":"<p>Levynkannatin Reaper QRB CAD<\/p>\n<p>Reaper QRB Plate Carrier on suunniteltu tarjoamaan kevyt monik\u00e4ytt\u00f6inen, matalaprofiilinen kantolaite ballistisille levyille, jossa on suuri pinta-ala varusteiden kuljettamiseen t\u00e4yden MOLLE-j\u00e4rjestelm\u00e4n ansiosta. Se on valmistettu laserleikkaustekniikalla, joka antaa liiville korkean kest\u00e4vyyden minimaalisella materiaalinkulutuksella. Pohja on valmistettu vahvasta 600D-kankaasta, joka takaa alhaisen painon.<\/p>\n<p>Reaper QRB on varustettu erityisill\u00e4 soljilla molemmissa k\u00e4sivarsissa ja sivuilla, joiden avulla k\u00e4ytt\u00e4j\u00e4 voi pukea sen p\u00e4\u00e4lleen sulkematta laudan renkaita ja silmukoita tai h\u00e4t\u00e4tilanteessa, kuten loukkaantumisen tai syv\u00e4\u00e4n veteen putoamisen yhteydess\u00e4, poistaa sen nopeasti. Koukut ja silmukat yksik\u00f6n tunniste- tai moraalilaastareita varten sijaitsevat etu- ja takaosan yl\u00e4osassa, ja pelastuskahva mahdollistaa nopean ja helpon evakuoinnin vaara-alueelta. Integroidut taskut molemmin puolin Salvea tai radiota varten. Etupaneeli on helppo vaihtaa renkaiden ja silmukoiden + 2 soljen kiinnitysj\u00e4rjestelm\u00e4n ansiosta.<\/p>\n<p>Liivi voidaan varustaa &#8220;Small Arms Protection Inserts&#8221; (SAPI-levyill\u00e4) tai vastaavilla kovilla ballistisilla levyill\u00e4. Se voidaan varustaa my\u00f6s sivulevyill\u00e4. Liivin sis\u00e4puoli ja olkap\u00e4\u00e4t on pehmustettu pehme\u00e4ll\u00e4 verkolla mukavuuden ja ilmankierron takaamiseksi.<\/p>\n<p>Se on yleiskokoinen, ja se voidaan kiinnitt\u00e4\u00e4 k\u00e4ytt\u00e4j\u00e4\u00e4n olkap\u00e4ill\u00e4 olevilla hihnoilla, joissa on koukut ja silmukat, ja alaselk\u00e4\u00e4n piilotetulla s\u00e4\u00e4t\u00f6narulla.<\/p>\n","protected":false},"featured_media":82813,"template":"","meta":{"_acf_changed":false},"product_brand":[],"product_cat":[265],"product_tag":[],"class_list":{"0":"post-82800","1":"product","2":"type-product","3":"status-publish","4":"has-post-thumbnail","6":"product_cat-takit-ja-valjaat","8":"first","9":"instock","10":"taxable","11":"shipping-taxable","12":"purchasable","13":"product-type-simple"},"acf":[],"_links":{"self":[{"href":"https:\/\/kingarms.ee\/fi\/wp-json\/wp\/v2\/product\/82800","targetHints":{"allow":["GET"]}}],"collection":[{"href":"https:\/\/kingarms.ee\/fi\/wp-json\/wp\/v2\/product"}],"about":[{"href":"https:\/\/kingarms.ee\/fi\/wp-json\/wp\/v2\/types\/product"}],"wp:featuredmedia":[{"embeddable":true,"href":"https:\/\/kingarms.ee\/fi\/wp-json\/wp\/v2\/media\/82813"}],"wp:attachment":[{"href":"https:\/\/kingarms.ee\/fi\/wp-json\/wp\/v2\/media?parent=82800"}],"wp:term":[{"taxonomy":"product_brand","embeddable":true,"href":"https:\/\/kingarms.ee\/fi\/wp-json\/wp\/v2\/product_brand?post=82800"},{"taxonomy":"product_cat","embeddable":true,"href":"https:\/\/kingarms.ee\/fi\/wp-json\/wp\/v2\/product_cat?post=82800"},{"taxonomy":"product_tag","embeddable":true,"href":"https:\/\/kingarms.ee\/fi\/wp-json\/wp\/v2\/product_tag?post=82800"}],"curies":[{"name":"wp","href":"https:\/\/api.w.org\/{rel}","templated":true}]}}