{"id":83389,"date":"2023-11-18T13:37:47","date_gmt":"2023-11-18T10:38:35","guid":{"rendered":"https:\/\/kingarms.ee\/product\/kaynnistyspistooli-blow-tr17\/"},"modified":"2024-08-06T16:21:30","modified_gmt":"2024-08-06T13:21:30","slug":"stardipustol-blow-tr17","status":"publish","type":"product","link":"https:\/\/kingarms.ee\/fi\/product\/stardipustol-blow-tr17\/","title":{"rendered":"K\u00e4ynnistyspistooli Blow TR17"},"content":{"rendered":"<p><img loading=\"lazy\" decoding=\"async\" class=\"alignnone size-full wp-image-83382\" src=\"https:\/\/kingarms.ee\/wp-content\/uploads\/2023\/11\/BLOW-TR17-B-scaled.jpg\" alt=\"\" width=\"2560\" height=\"1746\" srcset=\"https:\/\/kingarms.ee\/wp-content\/uploads\/2023\/11\/BLOW-TR17-B-scaled.jpg 2560w, https:\/\/kingarms.ee\/wp-content\/uploads\/2023\/11\/BLOW-TR17-B-300x205.jpg 300w, https:\/\/kingarms.ee\/wp-content\/uploads\/2023\/11\/BLOW-TR17-B-1024x698.jpg 1024w, https:\/\/kingarms.ee\/wp-content\/uploads\/2023\/11\/BLOW-TR17-B-768x524.jpg 768w, https:\/\/kingarms.ee\/wp-content\/uploads\/2023\/11\/BLOW-TR17-B-1536x1047.jpg 1536w, https:\/\/kingarms.ee\/wp-content\/uploads\/2023\/11\/BLOW-TR17-B-2048x1397.jpg 2048w, https:\/\/kingarms.ee\/wp-content\/uploads\/2023\/11\/BLOW-TR17-B-500x341.jpg 500w, https:\/\/kingarms.ee\/wp-content\/uploads\/2023\/11\/BLOW-TR17-B-150x102.jpg 150w\" sizes=\"auto, (max-width: 2560px) 100vw, 2560px\" \/><\/p>\n","protected":false},"excerpt":{"rendered":"<p>Stardipudstol Blow TR17 on Glock 17 -pistoolin aito kopio. K\u00e4ynnistimen kaikki osat toimivat kuin tuliase, ja laukaisu\u00e4\u00e4ni vastaa tuliaseen laukaisu\u00e4\u00e4nt\u00e4. Pistooli on pakattu muoviseen kantolaukkuun.<\/p>\n<ul>\n<li>Kaliiperi: 9 mm<\/li>\n<li>Patruunat: 9 mm:n P.A.K.-paukkupatruunat.<\/li>\n<li>Pituus: 191 mm<\/li>\n<li>Korkeus: 140 mm<\/li>\n<li>Leveys: 33 mm<\/li>\n<li>Paino: 900 g<\/li>\n<li>Salvokapasiteetti: 17 laukausta<\/li>\n<li>Ilotulitteita ja soihtuja ei voi ampua starttipistoolilla.<\/li>\n<\/ul>\n","protected":false},"featured_media":152704,"template":"","meta":{"_acf_changed":false},"product_brand":[],"product_cat":[254],"product_tag":[],"class_list":{"0":"post-83389","1":"product","2":"type-product","3":"status-publish","4":"has-post-thumbnail","6":"product_cat-kaynnistys-pistoolit","8":"first","9":"instock","10":"taxable","11":"shipping-taxable","12":"purchasable","13":"product-type-simple"},"acf":[],"_links":{"self":[{"href":"https:\/\/kingarms.ee\/fi\/wp-json\/wp\/v2\/product\/83389","targetHints":{"allow":["GET"]}}],"collection":[{"href":"https:\/\/kingarms.ee\/fi\/wp-json\/wp\/v2\/product"}],"about":[{"href":"https:\/\/kingarms.ee\/fi\/wp-json\/wp\/v2\/types\/product"}],"wp:featuredmedia":[{"embeddable":true,"href":"https:\/\/kingarms.ee\/fi\/wp-json\/wp\/v2\/media\/152704"}],"wp:attachment":[{"href":"https:\/\/kingarms.ee\/fi\/wp-json\/wp\/v2\/media?parent=83389"}],"wp:term":[{"taxonomy":"product_brand","embeddable":true,"href":"https:\/\/kingarms.ee\/fi\/wp-json\/wp\/v2\/product_brand?post=83389"},{"taxonomy":"product_cat","embeddable":true,"href":"https:\/\/kingarms.ee\/fi\/wp-json\/wp\/v2\/product_cat?post=83389"},{"taxonomy":"product_tag","embeddable":true,"href":"https:\/\/kingarms.ee\/fi\/wp-json\/wp\/v2\/product_tag?post=83389"}],"curies":[{"name":"wp","href":"https:\/\/api.w.org\/{rel}","templated":true}]}}