{"id":83398,"date":"2023-11-18T13:44:08","date_gmt":"2023-11-18T10:45:12","guid":{"rendered":"https:\/\/kingarms.ee\/product\/ilmakivaari-borner-92m\/"},"modified":"2024-08-06T16:20:47","modified_gmt":"2024-08-06T13:20:47","slug":"ohkrelv-borner-92m","status":"publish","type":"product","link":"https:\/\/kingarms.ee\/fi\/product\/ohkrelv-borner-92m\/","title":{"rendered":"Ilmakiv\u00e4\u00e4ri Borner 92M"},"content":{"rendered":"<p><img loading=\"lazy\" decoding=\"async\" class=\"alignnone size-full wp-image-83391\" src=\"https:\/\/kingarms.ee\/wp-content\/uploads\/2023\/11\/4b7b418f-7ac9-11ed-b776-00155d8ed203_705e9c12-d2be-11ed-b779-00155d65b408-2.webp\" alt=\"\" width=\"1027\" height=\"1029\" srcset=\"https:\/\/kingarms.ee\/wp-content\/uploads\/2023\/11\/4b7b418f-7ac9-11ed-b776-00155d8ed203_705e9c12-d2be-11ed-b779-00155d65b408-2.webp 1027w, https:\/\/kingarms.ee\/wp-content\/uploads\/2023\/11\/4b7b418f-7ac9-11ed-b776-00155d8ed203_705e9c12-d2be-11ed-b779-00155d65b408-2-300x300.webp 300w, https:\/\/kingarms.ee\/wp-content\/uploads\/2023\/11\/4b7b418f-7ac9-11ed-b776-00155d8ed203_705e9c12-d2be-11ed-b779-00155d65b408-2-1022x1024.webp 1022w, https:\/\/kingarms.ee\/wp-content\/uploads\/2023\/11\/4b7b418f-7ac9-11ed-b776-00155d8ed203_705e9c12-d2be-11ed-b779-00155d65b408-2-150x150.webp 150w, https:\/\/kingarms.ee\/wp-content\/uploads\/2023\/11\/4b7b418f-7ac9-11ed-b776-00155d8ed203_705e9c12-d2be-11ed-b779-00155d65b408-2-768x769.webp 768w, https:\/\/kingarms.ee\/wp-content\/uploads\/2023\/11\/4b7b418f-7ac9-11ed-b776-00155d8ed203_705e9c12-d2be-11ed-b779-00155d65b408-2-500x501.webp 500w\" sizes=\"auto, (max-width: 1027px) 100vw, 1027px\" \/><\/p>\n","protected":false},"excerpt":{"rendered":"<p>T\u00e4m\u00e4 pistooli on metallinen pneumaattinen kopio italialaisesta Beretta 92:sta.<br \/>\nIlmapistooli, joka toimii 12 gramman CO2-pullolla ja jonka kaliiperi on 4,5 mm (.177). Aseen l\u00e4ht\u00f6nopeus on 120 m\/s.<\/p>\n<p>Pistoolissa on takat\u00e4ht\u00e4in ja etut\u00e4ht\u00e4in (etu- ja takat\u00e4ht\u00e4in), jotka mahdollistavat t\u00e4ht\u00e4\u00e4misen 30 metrin et\u00e4isyydelle asti. Pistoolissa on 22 mm:n Picatinny-levy. Aseen lukko (kelkka) ei liiku.<\/p>\n<p>Tyyli: ilmapistooli<br \/>\nTyyppi: kaasusylinteripneumatiikka<br \/>\nEnergial\u00e4hde: CO2-pullo, 12 g<br \/>\nAmmustyyppi: ter\u00e4skuulat (BB)<br \/>\nKaliiperi: 4,5 mm<br \/>\nPutkityyppi: sile\u00e4<br \/>\nRebound: ei<br \/>\nMateriaalit: muovinen kahva, metallinen tynnyri<br \/>\nPaino: 0,92 kg<br \/>\nPituus: 213 mm<\/p>\n","protected":false},"featured_media":148320,"template":"","meta":{"_acf_changed":false},"product_brand":[],"product_cat":[672],"product_tag":[],"class_list":{"0":"post-83398","1":"product","2":"type-product","3":"status-publish","4":"has-post-thumbnail","6":"product_cat-pienaseet","8":"first","9":"instock","10":"taxable","11":"shipping-taxable","12":"purchasable","13":"product-type-simple"},"acf":[],"_links":{"self":[{"href":"https:\/\/kingarms.ee\/fi\/wp-json\/wp\/v2\/product\/83398","targetHints":{"allow":["GET"]}}],"collection":[{"href":"https:\/\/kingarms.ee\/fi\/wp-json\/wp\/v2\/product"}],"about":[{"href":"https:\/\/kingarms.ee\/fi\/wp-json\/wp\/v2\/types\/product"}],"wp:featuredmedia":[{"embeddable":true,"href":"https:\/\/kingarms.ee\/fi\/wp-json\/wp\/v2\/media\/148320"}],"wp:attachment":[{"href":"https:\/\/kingarms.ee\/fi\/wp-json\/wp\/v2\/media?parent=83398"}],"wp:term":[{"taxonomy":"product_brand","embeddable":true,"href":"https:\/\/kingarms.ee\/fi\/wp-json\/wp\/v2\/product_brand?post=83398"},{"taxonomy":"product_cat","embeddable":true,"href":"https:\/\/kingarms.ee\/fi\/wp-json\/wp\/v2\/product_cat?post=83398"},{"taxonomy":"product_tag","embeddable":true,"href":"https:\/\/kingarms.ee\/fi\/wp-json\/wp\/v2\/product_tag?post=83398"}],"curies":[{"name":"wp","href":"https:\/\/api.w.org\/{rel}","templated":true}]}}