{"id":83409,"date":"2023-11-18T13:54:35","date_gmt":"2023-11-18T10:58:35","guid":{"rendered":"https:\/\/kingarms.ee\/product\/borner-tt-x-ilmakivaari\/"},"modified":"2024-08-06T16:20:05","modified_gmt":"2024-08-06T13:20:05","slug":"ohkrelv-borner-tt-x","status":"publish","type":"product","link":"https:\/\/kingarms.ee\/fi\/product\/ohkrelv-borner-tt-x\/","title":{"rendered":"Borner TT-X ilmakiv\u00e4\u00e4ri"},"content":{"rendered":"<p><img loading=\"lazy\" decoding=\"async\" class=\"alignnone size-full wp-image-83400\" src=\"https:\/\/kingarms.ee\/wp-content\/uploads\/2023\/11\/vzduchova-pistole-borner-tt-x_44162_1-1.jpg\" alt=\"\" width=\"1600\" height=\"1200\" srcset=\"https:\/\/kingarms.ee\/wp-content\/uploads\/2023\/11\/vzduchova-pistole-borner-tt-x_44162_1-1.jpg 1600w, https:\/\/kingarms.ee\/wp-content\/uploads\/2023\/11\/vzduchova-pistole-borner-tt-x_44162_1-1-300x225.jpg 300w, https:\/\/kingarms.ee\/wp-content\/uploads\/2023\/11\/vzduchova-pistole-borner-tt-x_44162_1-1-1024x768.jpg 1024w, https:\/\/kingarms.ee\/wp-content\/uploads\/2023\/11\/vzduchova-pistole-borner-tt-x_44162_1-1-768x576.jpg 768w, https:\/\/kingarms.ee\/wp-content\/uploads\/2023\/11\/vzduchova-pistole-borner-tt-x_44162_1-1-1536x1152.jpg 1536w, https:\/\/kingarms.ee\/wp-content\/uploads\/2023\/11\/vzduchova-pistole-borner-tt-x_44162_1-1-600x450.jpg 600w, https:\/\/kingarms.ee\/wp-content\/uploads\/2023\/11\/vzduchova-pistole-borner-tt-x_44162_1-1-500x375.jpg 500w, https:\/\/kingarms.ee\/wp-content\/uploads\/2023\/11\/vzduchova-pistole-borner-tt-x_44162_1-1-150x113.jpg 150w\" sizes=\"auto, (max-width: 1600px) 100vw, 1600px\" \/><\/p>\n","protected":false},"excerpt":{"rendered":"<p>TT-X-pneumaattinen pistooli kopioi maailmankuulun Tikarev TT-33:n.<br \/>\nT\u00e4m\u00e4n pistoolin paino on 389 grammaa. Suunniteltu virkistysk\u00e4ytt\u00f6\u00f6n tai liikuntaan.<\/p>\n<p>Valmistaja BORNER<br \/>\nTyyppi CO2-kapseli<br \/>\nPneumatiikka<br \/>\n4,5 mm kaliiperi<br \/>\nLaskeutumisnopeus 120 m\/s<br \/>\nKoneen energia CO2<br \/>\nPutkityyppi ter\u00e4s, sile\u00e4<br \/>\nSalvo, nide 15<br \/>\nAmmustyyppi Patruunat, ilmakiv\u00e4\u00e4rit<\/p>\n","protected":false},"featured_media":148264,"template":"","meta":{"_acf_changed":false},"product_brand":[],"product_cat":[672],"product_tag":[],"class_list":{"0":"post-83409","1":"product","2":"type-product","3":"status-publish","4":"has-post-thumbnail","6":"product_cat-pienaseet","8":"first","9":"instock","10":"taxable","11":"shipping-taxable","12":"purchasable","13":"product-type-simple"},"acf":[],"_links":{"self":[{"href":"https:\/\/kingarms.ee\/fi\/wp-json\/wp\/v2\/product\/83409","targetHints":{"allow":["GET"]}}],"collection":[{"href":"https:\/\/kingarms.ee\/fi\/wp-json\/wp\/v2\/product"}],"about":[{"href":"https:\/\/kingarms.ee\/fi\/wp-json\/wp\/v2\/types\/product"}],"wp:featuredmedia":[{"embeddable":true,"href":"https:\/\/kingarms.ee\/fi\/wp-json\/wp\/v2\/media\/148264"}],"wp:attachment":[{"href":"https:\/\/kingarms.ee\/fi\/wp-json\/wp\/v2\/media?parent=83409"}],"wp:term":[{"taxonomy":"product_brand","embeddable":true,"href":"https:\/\/kingarms.ee\/fi\/wp-json\/wp\/v2\/product_brand?post=83409"},{"taxonomy":"product_cat","embeddable":true,"href":"https:\/\/kingarms.ee\/fi\/wp-json\/wp\/v2\/product_cat?post=83409"},{"taxonomy":"product_tag","embeddable":true,"href":"https:\/\/kingarms.ee\/fi\/wp-json\/wp\/v2\/product_tag?post=83409"}],"curies":[{"name":"wp","href":"https:\/\/api.w.org\/{rel}","templated":true}]}}