{"id":83537,"date":"2023-11-18T18:06:32","date_gmt":"2023-11-18T15:15:02","guid":{"rendered":"https:\/\/kingarms.ee\/product\/apolo-predator-4-5mm-400kpl\/"},"modified":"2024-08-06T16:17:54","modified_gmt":"2024-08-06T13:17:54","slug":"apolo-predator-4-5mm-400tk","status":"publish","type":"product","link":"https:\/\/kingarms.ee\/fi\/product\/apolo-predator-4-5mm-400tk\/","title":{"rendered":"Apolo Predator 4.5mm (400kpl)"},"content":{"rendered":"<p><img loading=\"lazy\" decoding=\"async\" class=\"alignnone size-full wp-image-83527\" src=\"https:\/\/kingarms.ee\/wp-content\/uploads\/2023\/11\/apolo-predator-2-1000x1000-1.jpg\" alt=\"\" width=\"1000\" height=\"619\" srcset=\"https:\/\/kingarms.ee\/wp-content\/uploads\/2023\/11\/apolo-predator-2-1000x1000-1.jpg 1000w, https:\/\/kingarms.ee\/wp-content\/uploads\/2023\/11\/apolo-predator-2-1000x1000-1-300x186.jpg 300w, https:\/\/kingarms.ee\/wp-content\/uploads\/2023\/11\/apolo-predator-2-1000x1000-1-768x475.jpg 768w, https:\/\/kingarms.ee\/wp-content\/uploads\/2023\/11\/apolo-predator-2-1000x1000-1-500x310.jpg 500w, https:\/\/kingarms.ee\/wp-content\/uploads\/2023\/11\/apolo-predator-2-1000x1000-1-150x93.jpg 150w\" sizes=\"auto, (max-width: 1000px) 100vw, 1000px\" \/><\/p>\n","protected":false},"excerpt":{"rendered":"<p>Tavaramerkki Apolo<br \/>\nKaliiperi 0,177 cal \/ 4,5 mm<br \/>\nP\u00e4\u00e4n muoto, jossa on ter\u00e4v\u00e4 kupoli<br \/>\nMateriaali Kupari<br \/>\nValmistaja Apolo, Argentina<br \/>\nPaino: 0.70g<\/p>\n","protected":false},"featured_media":83529,"template":"","meta":{"_acf_changed":false},"product_brand":[],"product_cat":[241],"product_tag":[],"class_list":{"0":"post-83537","1":"product","2":"type-product","3":"status-publish","4":"has-post-thumbnail","6":"product_cat-ilmakivaareita","8":"first","9":"instock","10":"taxable","11":"shipping-taxable","12":"purchasable","13":"product-type-simple"},"acf":[],"_links":{"self":[{"href":"https:\/\/kingarms.ee\/fi\/wp-json\/wp\/v2\/product\/83537","targetHints":{"allow":["GET"]}}],"collection":[{"href":"https:\/\/kingarms.ee\/fi\/wp-json\/wp\/v2\/product"}],"about":[{"href":"https:\/\/kingarms.ee\/fi\/wp-json\/wp\/v2\/types\/product"}],"wp:featuredmedia":[{"embeddable":true,"href":"https:\/\/kingarms.ee\/fi\/wp-json\/wp\/v2\/media\/83529"}],"wp:attachment":[{"href":"https:\/\/kingarms.ee\/fi\/wp-json\/wp\/v2\/media?parent=83537"}],"wp:term":[{"taxonomy":"product_brand","embeddable":true,"href":"https:\/\/kingarms.ee\/fi\/wp-json\/wp\/v2\/product_brand?post=83537"},{"taxonomy":"product_cat","embeddable":true,"href":"https:\/\/kingarms.ee\/fi\/wp-json\/wp\/v2\/product_cat?post=83537"},{"taxonomy":"product_tag","embeddable":true,"href":"https:\/\/kingarms.ee\/fi\/wp-json\/wp\/v2\/product_tag?post=83537"}],"curies":[{"name":"wp","href":"https:\/\/api.w.org\/{rel}","templated":true}]}}