{"id":83572,"date":"2023-11-18T18:25:14","date_gmt":"2023-11-18T15:27:23","guid":{"rendered":"https:\/\/kingarms.ee\/product\/crosman-domed-45mm\/"},"modified":"2024-08-06T16:16:29","modified_gmt":"2024-08-06T13:16:29","slug":"crosman-domed-45mm","status":"publish","type":"product","link":"https:\/\/kingarms.ee\/fi\/product\/crosman-domed-45mm\/","title":{"rendered":"Crosman Domed 4,5mm"},"content":{"rendered":"<p><img loading=\"lazy\" decoding=\"async\" class=\"alignnone size-full wp-image-83553\" src=\"https:\/\/kingarms.ee\/wp-content\/uploads\/2023\/11\/pnevmaticheskaya-pulya-crosman-domed-45-mm-6-d177-680x680-1.jpg\" alt=\"\" width=\"680\" height=\"680\" srcset=\"https:\/\/kingarms.ee\/wp-content\/uploads\/2023\/11\/pnevmaticheskaya-pulya-crosman-domed-45-mm-6-d177-680x680-1.jpg 680w, https:\/\/kingarms.ee\/wp-content\/uploads\/2023\/11\/pnevmaticheskaya-pulya-crosman-domed-45-mm-6-d177-680x680-1-300x300.jpg 300w, https:\/\/kingarms.ee\/wp-content\/uploads\/2023\/11\/pnevmaticheskaya-pulya-crosman-domed-45-mm-6-d177-680x680-1-150x150.jpg 150w, https:\/\/kingarms.ee\/wp-content\/uploads\/2023\/11\/pnevmaticheskaya-pulya-crosman-domed-45-mm-6-d177-680x680-1-500x500.jpg 500w\" sizes=\"auto, (max-width: 680px) 100vw, 680px\" \/><\/p>\n","protected":false},"excerpt":{"rendered":"<p>Crosman Domed 4,5mm<br \/>\nPalloasteikko, GR. &#8211; 0,48<br \/>\nKaliiperi, MM &#8211; 4,5 mm<br \/>\nM\u00e4\u00e4r\u00e4, TK. &#8211; 500<br \/>\nKuulap\u00e4\u00e4n muoto &#8211; py\u00f6re\u00e4<br \/>\nMateriaali &#8211; lyijy<\/p>\n","protected":false},"featured_media":83640,"template":"","meta":{"_acf_changed":false},"product_brand":[],"product_cat":[241],"product_tag":[],"class_list":{"0":"post-83572","1":"product","2":"type-product","3":"status-publish","4":"has-post-thumbnail","6":"product_cat-ilmakivaareita","8":"first","9":"instock","10":"taxable","11":"shipping-taxable","12":"purchasable","13":"product-type-simple"},"acf":[],"_links":{"self":[{"href":"https:\/\/kingarms.ee\/fi\/wp-json\/wp\/v2\/product\/83572","targetHints":{"allow":["GET"]}}],"collection":[{"href":"https:\/\/kingarms.ee\/fi\/wp-json\/wp\/v2\/product"}],"about":[{"href":"https:\/\/kingarms.ee\/fi\/wp-json\/wp\/v2\/types\/product"}],"wp:featuredmedia":[{"embeddable":true,"href":"https:\/\/kingarms.ee\/fi\/wp-json\/wp\/v2\/media\/83640"}],"wp:attachment":[{"href":"https:\/\/kingarms.ee\/fi\/wp-json\/wp\/v2\/media?parent=83572"}],"wp:term":[{"taxonomy":"product_brand","embeddable":true,"href":"https:\/\/kingarms.ee\/fi\/wp-json\/wp\/v2\/product_brand?post=83572"},{"taxonomy":"product_cat","embeddable":true,"href":"https:\/\/kingarms.ee\/fi\/wp-json\/wp\/v2\/product_cat?post=83572"},{"taxonomy":"product_tag","embeddable":true,"href":"https:\/\/kingarms.ee\/fi\/wp-json\/wp\/v2\/product_tag?post=83572"}],"curies":[{"name":"wp","href":"https:\/\/api.w.org\/{rel}","templated":true}]}}